{"id":34074,"date":"2025-10-29T13:32:56","date_gmt":"2025-10-29T12:32:56","guid":{"rendered":"https:\/\/www.data4group.com\/?page_id=34074"},"modified":"2025-10-29T13:46:44","modified_gmt":"2025-10-29T12:46:44","slug":"nasza-polityka-zrownowazonego-rozwoju","status":"publish","type":"page","link":"https:\/\/www.data4group.com\/pl\/nasza-polityka-zrownowazonego-rozwoju\/","title":{"rendered":"Nasza polityka zr\u00f3wnowa\u017conego rozwoju"},"content":{"rendered":"","protected":false},"excerpt":{"rendered":"","protected":false},"author":1,"featured_media":14500,"parent":0,"menu_order":0,"comment_status":"closed","ping_status":"closed","template":"template-rse.php","meta":{"_acf_changed":false,"footnotes":""},"class_list":["post-34074","page","type-page","status-publish","has-post-thumbnail","hentry"],"acf":[],"yoast_head":"<!-- This site is optimized with the Yoast SEO plugin v27.2 - https:\/\/yoast.com\/product\/yoast-seo-wordpress\/ -->\n<title>DATA4 | Polityka CSR | Zielone centrum przetwarzania danych | zr\u00f3wnowa\u017cony rozw\u00f3j<\/title>\n<meta name=\"description\" content=\"DATA4 | Zielone centrum przetwarzania danych | D4 prowadzi polityk\u0119 CSR oraz wyznaje zasady zr\u00f3wnowa\u017conego rozwoju i efektywno\u015bci energetycznej | Cz\u0142owiek jest w centrum naszego projektu\" \/>\n<meta name=\"robots\" content=\"index, follow, max-snippet:-1, max-image-preview:large, max-video-preview:-1\" \/>\n<link rel=\"canonical\" href=\"https:\/\/www.data4group.com\/pl\/nasza-polityka-zrownowazonego-rozwoju\/\" \/>\n<meta property=\"og:locale\" content=\"pl_PL\" \/>\n<meta property=\"og:type\" content=\"article\" \/>\n<meta property=\"og:title\" content=\"DATA4 | Polityka CSR | Zielone centrum przetwarzania danych | zr\u00f3wnowa\u017cony rozw\u00f3j\" \/>\n<meta property=\"og:description\" content=\"DATA4 | Zielone centrum przetwarzania danych | D4 prowadzi polityk\u0119 CSR oraz wyznaje zasady zr\u00f3wnowa\u017conego rozwoju i efektywno\u015bci energetycznej | Cz\u0142owiek jest w centrum naszego projektu\" \/>\n<meta property=\"og:url\" content=\"https:\/\/www.data4group.com\/pl\/nasza-polityka-zrownowazonego-rozwoju\/\" \/>\n<meta property=\"og:site_name\" content=\"DATA4 - Smart Data Centers at Scale\" \/>\n<meta property=\"article:modified_time\" content=\"2025-10-29T12:46:44+00:00\" \/>\n<meta property=\"og:image\" content=\"https:\/\/www.data4group.com\/wp-content\/uploads\/2022\/09\/cover_data4good-rotated.jpg\" \/>\n\t<meta property=\"og:image:width\" content=\"1061\" \/>\n\t<meta property=\"og:image:height\" content=\"720\" \/>\n\t<meta property=\"og:image:type\" content=\"image\/jpeg\" \/>\n<meta name=\"twitter:card\" content=\"summary_large_image\" \/>\n<meta name=\"twitter:label1\" content=\"Szacowany czas czytania\" \/>\n\t<meta name=\"twitter:data1\" content=\"1 minuta\" \/>\n<script type=\"application\/ld+json\" class=\"yoast-schema-graph\">{\"@context\":\"https:\/\/schema.org\",\"@graph\":[{\"@type\":\"WebPage\",\"@id\":\"https:\/\/www.data4group.com\/pl\/nasza-polityka-zrownowazonego-rozwoju\/\",\"url\":\"https:\/\/www.data4group.com\/pl\/nasza-polityka-zrownowazonego-rozwoju\/\",\"name\":\"DATA4 | Polityka CSR | Zielone centrum przetwarzania danych | zr\u00f3wnowa\u017cony rozw\u00f3j\",\"isPartOf\":{\"@id\":\"https:\/\/www.data4group.com\/pl\/#website\"},\"primaryImageOfPage\":{\"@id\":\"https:\/\/www.data4group.com\/pl\/nasza-polityka-zrownowazonego-rozwoju\/#primaryimage\"},\"image\":{\"@id\":\"https:\/\/www.data4group.com\/pl\/nasza-polityka-zrownowazonego-rozwoju\/#primaryimage\"},\"thumbnailUrl\":\"https:\/\/www.data4group.com\/wp-content\/uploads\/2022\/09\/cover_data4good-rotated.jpg\",\"datePublished\":\"2025-10-29T12:32:56+00:00\",\"dateModified\":\"2025-10-29T12:46:44+00:00\",\"description\":\"DATA4 | Zielone centrum przetwarzania danych | D4 prowadzi polityk\u0119 CSR oraz wyznaje zasady zr\u00f3wnowa\u017conego rozwoju i efektywno\u015bci energetycznej | Cz\u0142owiek jest w centrum naszego projektu\",\"breadcrumb\":{\"@id\":\"https:\/\/www.data4group.com\/pl\/nasza-polityka-zrownowazonego-rozwoju\/#breadcrumb\"},\"inLanguage\":\"pl-PL\",\"potentialAction\":[{\"@type\":\"ReadAction\",\"target\":[\"https:\/\/www.data4group.com\/pl\/nasza-polityka-zrownowazonego-rozwoju\/\"]}]},{\"@type\":\"ImageObject\",\"inLanguage\":\"pl-PL\",\"@id\":\"https:\/\/www.data4group.com\/pl\/nasza-polityka-zrownowazonego-rozwoju\/#primaryimage\",\"url\":\"https:\/\/www.data4group.com\/wp-content\/uploads\/2022\/09\/cover_data4good-rotated.jpg\",\"contentUrl\":\"https:\/\/www.data4group.com\/wp-content\/uploads\/2022\/09\/cover_data4good-rotated.jpg\",\"width\":1061,\"height\":720},{\"@type\":\"BreadcrumbList\",\"@id\":\"https:\/\/www.data4group.com\/pl\/nasza-polityka-zrownowazonego-rozwoju\/#breadcrumb\",\"itemListElement\":[{\"@type\":\"ListItem\",\"position\":1,\"name\":\"Strona g\u0142\u00f3wna\",\"item\":\"https:\/\/www.data4group.com\/pl\/\"},{\"@type\":\"ListItem\",\"position\":2,\"name\":\"Nasza polityka zr\u00f3wnowa\u017conego rozwoju\"}]},{\"@type\":\"WebSite\",\"@id\":\"https:\/\/www.data4group.com\/pl\/#website\",\"url\":\"https:\/\/www.data4group.com\/pl\/\",\"name\":\"DATA4 - Smart Data Centers at Scale\",\"description\":\"Smart Data Centers at Scale\",\"publisher\":{\"@id\":\"https:\/\/www.data4group.com\/pl\/#organization\"},\"potentialAction\":[{\"@type\":\"SearchAction\",\"target\":{\"@type\":\"EntryPoint\",\"urlTemplate\":\"https:\/\/www.data4group.com\/pl\/?s={search_term_string}\"},\"query-input\":{\"@type\":\"PropertyValueSpecification\",\"valueRequired\":true,\"valueName\":\"search_term_string\"}}],\"inLanguage\":\"pl-PL\"},{\"@type\":\"Organization\",\"@id\":\"https:\/\/www.data4group.com\/pl\/#organization\",\"name\":\"DATA4 - Smart datacenters at scale\",\"url\":\"https:\/\/www.data4group.com\/pl\/\",\"logo\":{\"@type\":\"ImageObject\",\"inLanguage\":\"pl-PL\",\"@id\":\"https:\/\/www.data4group.com\/pl\/#\/schema\/logo\/image\/\",\"url\":\"https:\/\/www.data4group.com\/wp-content\/uploads\/2021\/10\/data4-logo.svg\",\"contentUrl\":\"https:\/\/www.data4group.com\/wp-content\/uploads\/2021\/10\/data4-logo.svg\",\"width\":981,\"height\":558,\"caption\":\"DATA4 - Smart datacenters at scale\"},\"image\":{\"@id\":\"https:\/\/www.data4group.com\/pl\/#\/schema\/logo\/image\/\"}}]}<\/script>\n<!-- \/ Yoast SEO plugin. -->","yoast_head_json":{"title":"DATA4 | Polityka CSR | Zielone centrum przetwarzania danych | zr\u00f3wnowa\u017cony rozw\u00f3j","description":"DATA4 | Zielone centrum przetwarzania danych | D4 prowadzi polityk\u0119 CSR oraz wyznaje zasady zr\u00f3wnowa\u017conego rozwoju i efektywno\u015bci energetycznej | Cz\u0142owiek jest w centrum naszego projektu","robots":{"index":"index","follow":"follow","max-snippet":"max-snippet:-1","max-image-preview":"max-image-preview:large","max-video-preview":"max-video-preview:-1"},"canonical":"https:\/\/www.data4group.com\/pl\/nasza-polityka-zrownowazonego-rozwoju\/","og_locale":"pl_PL","og_type":"article","og_title":"DATA4 | Polityka CSR | Zielone centrum przetwarzania danych | zr\u00f3wnowa\u017cony rozw\u00f3j","og_description":"DATA4 | Zielone centrum przetwarzania danych | D4 prowadzi polityk\u0119 CSR oraz wyznaje zasady zr\u00f3wnowa\u017conego rozwoju i efektywno\u015bci energetycznej | Cz\u0142owiek jest w centrum naszego projektu","og_url":"https:\/\/www.data4group.com\/pl\/nasza-polityka-zrownowazonego-rozwoju\/","og_site_name":"DATA4 - Smart Data Centers at Scale","article_modified_time":"2025-10-29T12:46:44+00:00","og_image":[{"width":1061,"height":720,"url":"https:\/\/www.data4group.com\/wp-content\/uploads\/2022\/09\/cover_data4good-rotated.jpg","type":"image\/jpeg"}],"twitter_card":"summary_large_image","twitter_misc":{"Szacowany czas czytania":"1 minuta"},"schema":{"@context":"https:\/\/schema.org","@graph":[{"@type":"WebPage","@id":"https:\/\/www.data4group.com\/pl\/nasza-polityka-zrownowazonego-rozwoju\/","url":"https:\/\/www.data4group.com\/pl\/nasza-polityka-zrownowazonego-rozwoju\/","name":"DATA4 | Polityka CSR | Zielone centrum przetwarzania danych | zr\u00f3wnowa\u017cony rozw\u00f3j","isPartOf":{"@id":"https:\/\/www.data4group.com\/pl\/#website"},"primaryImageOfPage":{"@id":"https:\/\/www.data4group.com\/pl\/nasza-polityka-zrownowazonego-rozwoju\/#primaryimage"},"image":{"@id":"https:\/\/www.data4group.com\/pl\/nasza-polityka-zrownowazonego-rozwoju\/#primaryimage"},"thumbnailUrl":"https:\/\/www.data4group.com\/wp-content\/uploads\/2022\/09\/cover_data4good-rotated.jpg","datePublished":"2025-10-29T12:32:56+00:00","dateModified":"2025-10-29T12:46:44+00:00","description":"DATA4 | Zielone centrum przetwarzania danych | D4 prowadzi polityk\u0119 CSR oraz wyznaje zasady zr\u00f3wnowa\u017conego rozwoju i efektywno\u015bci energetycznej | Cz\u0142owiek jest w centrum naszego projektu","breadcrumb":{"@id":"https:\/\/www.data4group.com\/pl\/nasza-polityka-zrownowazonego-rozwoju\/#breadcrumb"},"inLanguage":"pl-PL","potentialAction":[{"@type":"ReadAction","target":["https:\/\/www.data4group.com\/pl\/nasza-polityka-zrownowazonego-rozwoju\/"]}]},{"@type":"ImageObject","inLanguage":"pl-PL","@id":"https:\/\/www.data4group.com\/pl\/nasza-polityka-zrownowazonego-rozwoju\/#primaryimage","url":"https:\/\/www.data4group.com\/wp-content\/uploads\/2022\/09\/cover_data4good-rotated.jpg","contentUrl":"https:\/\/www.data4group.com\/wp-content\/uploads\/2022\/09\/cover_data4good-rotated.jpg","width":1061,"height":720},{"@type":"BreadcrumbList","@id":"https:\/\/www.data4group.com\/pl\/nasza-polityka-zrownowazonego-rozwoju\/#breadcrumb","itemListElement":[{"@type":"ListItem","position":1,"name":"Strona g\u0142\u00f3wna","item":"https:\/\/www.data4group.com\/pl\/"},{"@type":"ListItem","position":2,"name":"Nasza polityka zr\u00f3wnowa\u017conego rozwoju"}]},{"@type":"WebSite","@id":"https:\/\/www.data4group.com\/pl\/#website","url":"https:\/\/www.data4group.com\/pl\/","name":"DATA4 - Smart Data Centers at Scale","description":"Smart Data Centers at Scale","publisher":{"@id":"https:\/\/www.data4group.com\/pl\/#organization"},"potentialAction":[{"@type":"SearchAction","target":{"@type":"EntryPoint","urlTemplate":"https:\/\/www.data4group.com\/pl\/?s={search_term_string}"},"query-input":{"@type":"PropertyValueSpecification","valueRequired":true,"valueName":"search_term_string"}}],"inLanguage":"pl-PL"},{"@type":"Organization","@id":"https:\/\/www.data4group.com\/pl\/#organization","name":"DATA4 - Smart datacenters at scale","url":"https:\/\/www.data4group.com\/pl\/","logo":{"@type":"ImageObject","inLanguage":"pl-PL","@id":"https:\/\/www.data4group.com\/pl\/#\/schema\/logo\/image\/","url":"https:\/\/www.data4group.com\/wp-content\/uploads\/2021\/10\/data4-logo.svg","contentUrl":"https:\/\/www.data4group.com\/wp-content\/uploads\/2021\/10\/data4-logo.svg","width":981,"height":558,"caption":"DATA4 - Smart datacenters at scale"},"image":{"@id":"https:\/\/www.data4group.com\/pl\/#\/schema\/logo\/image\/"}}]}},"_links":{"self":[{"href":"https:\/\/www.data4group.com\/pl\/wp-json\/wp\/v2\/pages\/34074","targetHints":{"allow":["GET"]}}],"collection":[{"href":"https:\/\/www.data4group.com\/pl\/wp-json\/wp\/v2\/pages"}],"about":[{"href":"https:\/\/www.data4group.com\/pl\/wp-json\/wp\/v2\/types\/page"}],"author":[{"embeddable":true,"href":"https:\/\/www.data4group.com\/pl\/wp-json\/wp\/v2\/users\/1"}],"replies":[{"embeddable":true,"href":"https:\/\/www.data4group.com\/pl\/wp-json\/wp\/v2\/comments?post=34074"}],"version-history":[{"count":0,"href":"https:\/\/www.data4group.com\/pl\/wp-json\/wp\/v2\/pages\/34074\/revisions"}],"wp:featuredmedia":[{"embeddable":true,"href":"https:\/\/www.data4group.com\/pl\/wp-json\/wp\/v2\/media\/14500"}],"wp:attachment":[{"href":"https:\/\/www.data4group.com\/pl\/wp-json\/wp\/v2\/media?parent=34074"}],"curies":[{"name":"wp","href":"https:\/\/api.w.org\/{rel}","templated":true}]}}