{"id":14285,"date":"2022-09-22T08:04:10","date_gmt":"2022-09-22T06:04:10","guid":{"rendered":"https:\/\/www.data4group.com\/data4-environment-copy\/"},"modified":"2026-03-17T10:41:06","modified_gmt":"2026-03-17T09:41:06","slug":"data4-people","status":"publish","type":"page","link":"https:\/\/www.data4group.com\/pl\/nasza-polityka-zrownowazonego-rozwoju\/data4-people\/","title":{"rendered":"Data4 Good | People"},"content":{"rendered":"<p>Identyfikacja zagro\u017ce\u0144<br \/>\nOpracowywanie, realizacja i przedstawianie plan\u00f3w dzia\u0142a\u0144 zapobiegawczych<\/p>\n<h2>Cele i warto\u015bci<\/h2>\n<p>Jeste\u015bmy przekonani, \u017ce wsp\u00f3\u0142dzielenie silnych warto\u015bci z pracownikami pozwala osi\u0105ga\u0107 cele w nast\u0119puj\u0105cych dziedzinach:<\/p>\n<ul>\n<li>Bezpiecze\u0144stwo i higiena pracy;<\/li>\n<li>R\u00f3\u017cnorodno\u015b\u0107, r\u00f3wno\u015b\u0107 i inkluzywno\u015b\u0107;<\/li>\n<li>Promowanie talent\u00f3w, szkolenie i edukacja;<\/li>\n<li>Dobrostan w pracy i \u015brodowisku pracy;<\/li>\n<li>Relacje z ekosystemem i lokaln\u0105 gospodark\u0105.<\/li>\n<\/ul>\n<p><img loading=\"lazy\" decoding=\"async\" class=\"alignnone size-full wp-image-14616\" src=\"https:\/\/www.data4group.com\/wp-content\/uploads\/2022\/09\/ADVAES-RAPPORT-RSE-DATA4-2021-2022-IMG-VALEURS-2.png\" alt=\"\" width=\"1024\" height=\"768\" \/><\/p>\n","protected":false},"excerpt":{"rendered":"<p>Identyfikacja zagro\u017ce\u0144 Opracowywanie, realizacja i przedstawianie plan\u00f3w dzia\u0142a\u0144 zapobiegawczych Cele i warto\u015bci Jeste\u015bmy przekonani, \u017ce wsp\u00f3\u0142dzielenie silnych warto\u015bci z pracownikami pozwala osi\u0105ga\u0107 cele w nast\u0119puj\u0105cych dziedzinach: Bezpiecze\u0144stwo i higiena pracy; R\u00f3\u017cnorodno\u015b\u0107, r\u00f3wno\u015b\u0107 i inkluzywno\u015b\u0107; Promowanie talent\u00f3w, szkolenie i edukacja; Dobrostan w pracy i \u015brodowisku pracy; Relacje z ekosystemem i lokaln\u0105 gospodark\u0105.<\/p>\n","protected":false},"author":2,"featured_media":30618,"parent":34074,"menu_order":0,"comment_status":"closed","ping_status":"closed","template":"template-rse.php","meta":{"_acf_changed":false,"footnotes":""},"class_list":["post-14285","page","type-page","status-publish","has-post-thumbnail","hentry"],"acf":[],"yoast_head":"<!-- This site is optimized with the Yoast SEO plugin v27.4 - https:\/\/yoast.com\/product\/yoast-seo-wordpress\/ -->\n<title>Data4 Good | People - DATA4<\/title>\n<meta name=\"robots\" content=\"index, follow, max-snippet:-1, max-image-preview:large, max-video-preview:-1\" \/>\n<link rel=\"canonical\" href=\"https:\/\/www.data4group.com\/pl\/nasza-polityka-zrownowazonego-rozwoju\/data4-people\/\" \/>\n<meta property=\"og:locale\" content=\"pl_PL\" \/>\n<meta property=\"og:type\" content=\"article\" \/>\n<meta property=\"og:title\" content=\"Data4 Good | People - DATA4\" \/>\n<meta property=\"og:description\" content=\"Identyfikacja zagro\u017ce\u0144 Opracowywanie, realizacja i przedstawianie plan\u00f3w dzia\u0142a\u0144 zapobiegawczych Cele i warto\u015bci Jeste\u015bmy przekonani, \u017ce wsp\u00f3\u0142dzielenie silnych warto\u015bci z pracownikami pozwala osi\u0105ga\u0107 cele w nast\u0119puj\u0105cych dziedzinach: Bezpiecze\u0144stwo i higiena pracy; R\u00f3\u017cnorodno\u015b\u0107, r\u00f3wno\u015b\u0107 i inkluzywno\u015b\u0107; Promowanie talent\u00f3w, szkolenie i edukacja; Dobrostan w pracy i \u015brodowisku pracy; Relacje z ekosystemem i lokaln\u0105 gospodark\u0105.\" \/>\n<meta property=\"og:url\" content=\"https:\/\/www.data4group.com\/pl\/nasza-polityka-zrownowazonego-rozwoju\/data4-people\/\" \/>\n<meta property=\"og:site_name\" content=\"DATA4 - Smart Data Centers at Scale\" \/>\n<meta property=\"article:modified_time\" content=\"2026-03-17T09:41:06+00:00\" \/>\n<meta property=\"og:image\" content=\"https:\/\/www.data4group.com\/wp-content\/uploads\/2024\/11\/data4-people-banner.jpg\" \/>\n\t<meta property=\"og:image:width\" content=\"1440\" \/>\n\t<meta property=\"og:image:height\" content=\"281\" \/>\n\t<meta property=\"og:image:type\" content=\"image\/jpeg\" \/>\n<meta name=\"twitter:card\" content=\"summary_large_image\" \/>\n<meta name=\"twitter:label1\" content=\"Szacowany czas czytania\" \/>\n\t<meta name=\"twitter:data1\" content=\"1 minuta\" \/>\n<script type=\"application\/ld+json\" class=\"yoast-schema-graph\">{\"@context\":\"https:\\\/\\\/schema.org\",\"@graph\":[{\"@type\":\"WebPage\",\"@id\":\"https:\\\/\\\/www.data4group.com\\\/pl\\\/nasza-polityka-zrownowazonego-rozwoju\\\/data4-people\\\/\",\"url\":\"https:\\\/\\\/www.data4group.com\\\/pl\\\/nasza-polityka-zrownowazonego-rozwoju\\\/data4-people\\\/\",\"name\":\"Data4 Good | People - DATA4\",\"isPartOf\":{\"@id\":\"https:\\\/\\\/www.data4group.com\\\/pl\\\/#website\"},\"primaryImageOfPage\":{\"@id\":\"https:\\\/\\\/www.data4group.com\\\/pl\\\/nasza-polityka-zrownowazonego-rozwoju\\\/data4-people\\\/#primaryimage\"},\"image\":{\"@id\":\"https:\\\/\\\/www.data4group.com\\\/pl\\\/nasza-polityka-zrownowazonego-rozwoju\\\/data4-people\\\/#primaryimage\"},\"thumbnailUrl\":\"https:\\\/\\\/www.data4group.com\\\/wp-content\\\/uploads\\\/2024\\\/11\\\/data4-people-banner.jpg\",\"datePublished\":\"2022-09-22T06:04:10+00:00\",\"dateModified\":\"2026-03-17T09:41:06+00:00\",\"breadcrumb\":{\"@id\":\"https:\\\/\\\/www.data4group.com\\\/pl\\\/nasza-polityka-zrownowazonego-rozwoju\\\/data4-people\\\/#breadcrumb\"},\"inLanguage\":\"pl-PL\",\"potentialAction\":[{\"@type\":\"ReadAction\",\"target\":[\"https:\\\/\\\/www.data4group.com\\\/pl\\\/nasza-polityka-zrownowazonego-rozwoju\\\/data4-people\\\/\"]}]},{\"@type\":\"ImageObject\",\"inLanguage\":\"pl-PL\",\"@id\":\"https:\\\/\\\/www.data4group.com\\\/pl\\\/nasza-polityka-zrownowazonego-rozwoju\\\/data4-people\\\/#primaryimage\",\"url\":\"https:\\\/\\\/www.data4group.com\\\/wp-content\\\/uploads\\\/2024\\\/11\\\/data4-people-banner.jpg\",\"contentUrl\":\"https:\\\/\\\/www.data4group.com\\\/wp-content\\\/uploads\\\/2024\\\/11\\\/data4-people-banner.jpg\",\"width\":1440,\"height\":281},{\"@type\":\"BreadcrumbList\",\"@id\":\"https:\\\/\\\/www.data4group.com\\\/pl\\\/nasza-polityka-zrownowazonego-rozwoju\\\/data4-people\\\/#breadcrumb\",\"itemListElement\":[{\"@type\":\"ListItem\",\"position\":1,\"name\":\"Strona g\u0142\u00f3wna\",\"item\":\"https:\\\/\\\/www.data4group.com\\\/pl\\\/\"},{\"@type\":\"ListItem\",\"position\":2,\"name\":\"Nasza polityka zr\u00f3wnowa\u017conego rozwoju\",\"item\":\"https:\\\/\\\/www.data4group.com\\\/pl\\\/nasza-polityka-zrownowazonego-rozwoju\\\/\"},{\"@type\":\"ListItem\",\"position\":3,\"name\":\"Data4 Good | People\"}]},{\"@type\":\"WebSite\",\"@id\":\"https:\\\/\\\/www.data4group.com\\\/pl\\\/#website\",\"url\":\"https:\\\/\\\/www.data4group.com\\\/pl\\\/\",\"name\":\"DATA4 - Smart Data Centers at Scale\",\"description\":\"Smart Data Centers at Scale\",\"publisher\":{\"@id\":\"https:\\\/\\\/www.data4group.com\\\/pl\\\/#organization\"},\"potentialAction\":[{\"@type\":\"SearchAction\",\"target\":{\"@type\":\"EntryPoint\",\"urlTemplate\":\"https:\\\/\\\/www.data4group.com\\\/pl\\\/?s={search_term_string}\"},\"query-input\":{\"@type\":\"PropertyValueSpecification\",\"valueRequired\":true,\"valueName\":\"search_term_string\"}}],\"inLanguage\":\"pl-PL\"},{\"@type\":\"Organization\",\"@id\":\"https:\\\/\\\/www.data4group.com\\\/pl\\\/#organization\",\"name\":\"DATA4 - Smart datacenters at scale\",\"url\":\"https:\\\/\\\/www.data4group.com\\\/pl\\\/\",\"logo\":{\"@type\":\"ImageObject\",\"inLanguage\":\"pl-PL\",\"@id\":\"https:\\\/\\\/www.data4group.com\\\/pl\\\/#\\\/schema\\\/logo\\\/image\\\/\",\"url\":\"https:\\\/\\\/www.data4group.com\\\/wp-content\\\/uploads\\\/2021\\\/10\\\/data4-logo.svg\",\"contentUrl\":\"https:\\\/\\\/www.data4group.com\\\/wp-content\\\/uploads\\\/2021\\\/10\\\/data4-logo.svg\",\"width\":981,\"height\":558,\"caption\":\"DATA4 - Smart datacenters at scale\"},\"image\":{\"@id\":\"https:\\\/\\\/www.data4group.com\\\/pl\\\/#\\\/schema\\\/logo\\\/image\\\/\"}}]}<\/script>\n<!-- \/ Yoast SEO plugin. -->","yoast_head_json":{"title":"Data4 Good | People - DATA4","robots":{"index":"index","follow":"follow","max-snippet":"max-snippet:-1","max-image-preview":"max-image-preview:large","max-video-preview":"max-video-preview:-1"},"canonical":"https:\/\/www.data4group.com\/pl\/nasza-polityka-zrownowazonego-rozwoju\/data4-people\/","og_locale":"pl_PL","og_type":"article","og_title":"Data4 Good | People - DATA4","og_description":"Identyfikacja zagro\u017ce\u0144 Opracowywanie, realizacja i przedstawianie plan\u00f3w dzia\u0142a\u0144 zapobiegawczych Cele i warto\u015bci Jeste\u015bmy przekonani, \u017ce wsp\u00f3\u0142dzielenie silnych warto\u015bci z pracownikami pozwala osi\u0105ga\u0107 cele w nast\u0119puj\u0105cych dziedzinach: Bezpiecze\u0144stwo i higiena pracy; R\u00f3\u017cnorodno\u015b\u0107, r\u00f3wno\u015b\u0107 i inkluzywno\u015b\u0107; Promowanie talent\u00f3w, szkolenie i edukacja; Dobrostan w pracy i \u015brodowisku pracy; Relacje z ekosystemem i lokaln\u0105 gospodark\u0105.","og_url":"https:\/\/www.data4group.com\/pl\/nasza-polityka-zrownowazonego-rozwoju\/data4-people\/","og_site_name":"DATA4 - Smart Data Centers at Scale","article_modified_time":"2026-03-17T09:41:06+00:00","og_image":[{"width":1440,"height":281,"url":"https:\/\/www.data4group.com\/wp-content\/uploads\/2024\/11\/data4-people-banner.jpg","type":"image\/jpeg"}],"twitter_card":"summary_large_image","twitter_misc":{"Szacowany czas czytania":"1 minuta"},"schema":{"@context":"https:\/\/schema.org","@graph":[{"@type":"WebPage","@id":"https:\/\/www.data4group.com\/pl\/nasza-polityka-zrownowazonego-rozwoju\/data4-people\/","url":"https:\/\/www.data4group.com\/pl\/nasza-polityka-zrownowazonego-rozwoju\/data4-people\/","name":"Data4 Good | People - DATA4","isPartOf":{"@id":"https:\/\/www.data4group.com\/pl\/#website"},"primaryImageOfPage":{"@id":"https:\/\/www.data4group.com\/pl\/nasza-polityka-zrownowazonego-rozwoju\/data4-people\/#primaryimage"},"image":{"@id":"https:\/\/www.data4group.com\/pl\/nasza-polityka-zrownowazonego-rozwoju\/data4-people\/#primaryimage"},"thumbnailUrl":"https:\/\/www.data4group.com\/wp-content\/uploads\/2024\/11\/data4-people-banner.jpg","datePublished":"2022-09-22T06:04:10+00:00","dateModified":"2026-03-17T09:41:06+00:00","breadcrumb":{"@id":"https:\/\/www.data4group.com\/pl\/nasza-polityka-zrownowazonego-rozwoju\/data4-people\/#breadcrumb"},"inLanguage":"pl-PL","potentialAction":[{"@type":"ReadAction","target":["https:\/\/www.data4group.com\/pl\/nasza-polityka-zrownowazonego-rozwoju\/data4-people\/"]}]},{"@type":"ImageObject","inLanguage":"pl-PL","@id":"https:\/\/www.data4group.com\/pl\/nasza-polityka-zrownowazonego-rozwoju\/data4-people\/#primaryimage","url":"https:\/\/www.data4group.com\/wp-content\/uploads\/2024\/11\/data4-people-banner.jpg","contentUrl":"https:\/\/www.data4group.com\/wp-content\/uploads\/2024\/11\/data4-people-banner.jpg","width":1440,"height":281},{"@type":"BreadcrumbList","@id":"https:\/\/www.data4group.com\/pl\/nasza-polityka-zrownowazonego-rozwoju\/data4-people\/#breadcrumb","itemListElement":[{"@type":"ListItem","position":1,"name":"Strona g\u0142\u00f3wna","item":"https:\/\/www.data4group.com\/pl\/"},{"@type":"ListItem","position":2,"name":"Nasza polityka zr\u00f3wnowa\u017conego rozwoju","item":"https:\/\/www.data4group.com\/pl\/nasza-polityka-zrownowazonego-rozwoju\/"},{"@type":"ListItem","position":3,"name":"Data4 Good | People"}]},{"@type":"WebSite","@id":"https:\/\/www.data4group.com\/pl\/#website","url":"https:\/\/www.data4group.com\/pl\/","name":"DATA4 - Smart Data Centers at Scale","description":"Smart Data Centers at Scale","publisher":{"@id":"https:\/\/www.data4group.com\/pl\/#organization"},"potentialAction":[{"@type":"SearchAction","target":{"@type":"EntryPoint","urlTemplate":"https:\/\/www.data4group.com\/pl\/?s={search_term_string}"},"query-input":{"@type":"PropertyValueSpecification","valueRequired":true,"valueName":"search_term_string"}}],"inLanguage":"pl-PL"},{"@type":"Organization","@id":"https:\/\/www.data4group.com\/pl\/#organization","name":"DATA4 - Smart datacenters at scale","url":"https:\/\/www.data4group.com\/pl\/","logo":{"@type":"ImageObject","inLanguage":"pl-PL","@id":"https:\/\/www.data4group.com\/pl\/#\/schema\/logo\/image\/","url":"https:\/\/www.data4group.com\/wp-content\/uploads\/2021\/10\/data4-logo.svg","contentUrl":"https:\/\/www.data4group.com\/wp-content\/uploads\/2021\/10\/data4-logo.svg","width":981,"height":558,"caption":"DATA4 - Smart datacenters at scale"},"image":{"@id":"https:\/\/www.data4group.com\/pl\/#\/schema\/logo\/image\/"}}]}},"_links":{"self":[{"href":"https:\/\/www.data4group.com\/pl\/wp-json\/wp\/v2\/pages\/14285","targetHints":{"allow":["GET"]}}],"collection":[{"href":"https:\/\/www.data4group.com\/pl\/wp-json\/wp\/v2\/pages"}],"about":[{"href":"https:\/\/www.data4group.com\/pl\/wp-json\/wp\/v2\/types\/page"}],"author":[{"embeddable":true,"href":"https:\/\/www.data4group.com\/pl\/wp-json\/wp\/v2\/users\/2"}],"replies":[{"embeddable":true,"href":"https:\/\/www.data4group.com\/pl\/wp-json\/wp\/v2\/comments?post=14285"}],"version-history":[{"count":0,"href":"https:\/\/www.data4group.com\/pl\/wp-json\/wp\/v2\/pages\/14285\/revisions"}],"up":[{"embeddable":true,"href":"https:\/\/www.data4group.com\/pl\/wp-json\/wp\/v2\/pages\/34074"}],"wp:featuredmedia":[{"embeddable":true,"href":"https:\/\/www.data4group.com\/pl\/wp-json\/wp\/v2\/media\/30618"}],"wp:attachment":[{"href":"https:\/\/www.data4group.com\/pl\/wp-json\/wp\/v2\/media?parent=14285"}],"curies":[{"name":"wp","href":"https:\/\/api.w.org\/{rel}","templated":true}]}}