{"id":12739,"date":"2021-03-29T09:28:03","date_gmt":"2021-03-29T07:28:03","guid":{"rendered":"https:\/\/www.data4group.com\/european-data-centers-data4-campus\/"},"modified":"2025-09-04T13:06:11","modified_gmt":"2025-09-04T11:06:11","slug":"model-kampusu-data4","status":"publish","type":"page","link":"https:\/\/www.data4group.com\/pl\/model-kampusu-data4\/","title":{"rendered":"Model kampusu DATA4"},"content":{"rendered":"","protected":false},"excerpt":{"rendered":"","protected":false},"author":2,"featured_media":0,"parent":0,"menu_order":0,"comment_status":"closed","ping_status":"closed","template":"template-all-blocks.php","meta":{"_acf_changed":false,"footnotes":""},"class_list":["post-12739","page","type-page","status-publish","hentry"],"acf":[],"yoast_head":"<!-- This site is optimized with the Yoast SEO plugin v27.4 - https:\/\/yoast.com\/product\/yoast-seo-wordpress\/ -->\n<title>Centra danych w Europie; kampusy DATA4 | DATA4<\/title>\n<meta name=\"description\" content=\"Wszystkie centra danych po\u0142o\u017cone w ramach kampus\u00f3w DATA4 korzystaj\u0105 ze wsp\u00f3lnej infrastruktury sieciowej i s\u0105 bezpo\u015brednio po\u0142\u0105czone z ponad 145 miejscami docelowymi w chmurze i ponad 70 operatorami za po\u015brednictwem platformy D4 Digital Hub. Nasza oferta centrum przetwarzania danych jest unikalna w skali Europy.\" \/>\n<meta name=\"robots\" content=\"index, follow, max-snippet:-1, max-image-preview:large, max-video-preview:-1\" \/>\n<link rel=\"canonical\" href=\"https:\/\/www.data4group.com\/pl\/model-kampusu-data4\/\" \/>\n<meta property=\"og:locale\" content=\"pl_PL\" \/>\n<meta property=\"og:type\" content=\"article\" \/>\n<meta property=\"og:title\" content=\"Centra danych w Europie; kampusy DATA4 | DATA4\" \/>\n<meta property=\"og:description\" content=\"Wszystkie centra danych po\u0142o\u017cone w ramach kampus\u00f3w DATA4 korzystaj\u0105 ze wsp\u00f3lnej infrastruktury sieciowej i s\u0105 bezpo\u015brednio po\u0142\u0105czone z ponad 145 miejscami docelowymi w chmurze i ponad 70 operatorami za po\u015brednictwem platformy D4 Digital Hub. Nasza oferta centrum przetwarzania danych jest unikalna w skali Europy.\" \/>\n<meta property=\"og:url\" content=\"https:\/\/www.data4group.com\/pl\/model-kampusu-data4\/\" \/>\n<meta property=\"og:site_name\" content=\"DATA4 - Smart Data Centers at Scale\" \/>\n<meta property=\"article:modified_time\" content=\"2025-09-04T11:06:11+00:00\" \/>\n<meta name=\"twitter:card\" content=\"summary_large_image\" \/>\n<script type=\"application\/ld+json\" class=\"yoast-schema-graph\">{\"@context\":\"https:\\\/\\\/schema.org\",\"@graph\":[{\"@type\":\"WebPage\",\"@id\":\"https:\\\/\\\/www.data4group.com\\\/pl\\\/model-kampusu-data4\\\/\",\"url\":\"https:\\\/\\\/www.data4group.com\\\/pl\\\/model-kampusu-data4\\\/\",\"name\":\"Centra danych w Europie; kampusy DATA4 | DATA4\",\"isPartOf\":{\"@id\":\"https:\\\/\\\/www.data4group.com\\\/pl\\\/#website\"},\"datePublished\":\"2021-03-29T07:28:03+00:00\",\"dateModified\":\"2025-09-04T11:06:11+00:00\",\"description\":\"Wszystkie centra danych po\u0142o\u017cone w ramach kampus\u00f3w DATA4 korzystaj\u0105 ze wsp\u00f3lnej infrastruktury sieciowej i s\u0105 bezpo\u015brednio po\u0142\u0105czone z ponad 145 miejscami docelowymi w chmurze i ponad 70 operatorami za po\u015brednictwem platformy D4 Digital Hub. Nasza oferta centrum przetwarzania danych jest unikalna w skali Europy.\",\"breadcrumb\":{\"@id\":\"https:\\\/\\\/www.data4group.com\\\/pl\\\/model-kampusu-data4\\\/#breadcrumb\"},\"inLanguage\":\"pl-PL\",\"potentialAction\":[{\"@type\":\"ReadAction\",\"target\":[\"https:\\\/\\\/www.data4group.com\\\/pl\\\/model-kampusu-data4\\\/\"]}]},{\"@type\":\"BreadcrumbList\",\"@id\":\"https:\\\/\\\/www.data4group.com\\\/pl\\\/model-kampusu-data4\\\/#breadcrumb\",\"itemListElement\":[{\"@type\":\"ListItem\",\"position\":1,\"name\":\"Strona g\u0142\u00f3wna\",\"item\":\"https:\\\/\\\/www.data4group.com\\\/pl\\\/\"},{\"@type\":\"ListItem\",\"position\":2,\"name\":\"Model kampusu DATA4\"}]},{\"@type\":\"WebSite\",\"@id\":\"https:\\\/\\\/www.data4group.com\\\/pl\\\/#website\",\"url\":\"https:\\\/\\\/www.data4group.com\\\/pl\\\/\",\"name\":\"DATA4 - Smart Data Centers at Scale\",\"description\":\"Smart Data Centers at Scale\",\"publisher\":{\"@id\":\"https:\\\/\\\/www.data4group.com\\\/pl\\\/#organization\"},\"potentialAction\":[{\"@type\":\"SearchAction\",\"target\":{\"@type\":\"EntryPoint\",\"urlTemplate\":\"https:\\\/\\\/www.data4group.com\\\/pl\\\/?s={search_term_string}\"},\"query-input\":{\"@type\":\"PropertyValueSpecification\",\"valueRequired\":true,\"valueName\":\"search_term_string\"}}],\"inLanguage\":\"pl-PL\"},{\"@type\":\"Organization\",\"@id\":\"https:\\\/\\\/www.data4group.com\\\/pl\\\/#organization\",\"name\":\"DATA4 - Smart datacenters at scale\",\"url\":\"https:\\\/\\\/www.data4group.com\\\/pl\\\/\",\"logo\":{\"@type\":\"ImageObject\",\"inLanguage\":\"pl-PL\",\"@id\":\"https:\\\/\\\/www.data4group.com\\\/pl\\\/#\\\/schema\\\/logo\\\/image\\\/\",\"url\":\"https:\\\/\\\/www.data4group.com\\\/wp-content\\\/uploads\\\/2021\\\/10\\\/data4-logo.svg\",\"contentUrl\":\"https:\\\/\\\/www.data4group.com\\\/wp-content\\\/uploads\\\/2021\\\/10\\\/data4-logo.svg\",\"width\":981,\"height\":558,\"caption\":\"DATA4 - Smart datacenters at scale\"},\"image\":{\"@id\":\"https:\\\/\\\/www.data4group.com\\\/pl\\\/#\\\/schema\\\/logo\\\/image\\\/\"}}]}<\/script>\n<!-- \/ Yoast SEO plugin. -->","yoast_head_json":{"title":"Centra danych w Europie; kampusy DATA4 | DATA4","description":"Wszystkie centra danych po\u0142o\u017cone w ramach kampus\u00f3w DATA4 korzystaj\u0105 ze wsp\u00f3lnej infrastruktury sieciowej i s\u0105 bezpo\u015brednio po\u0142\u0105czone z ponad 145 miejscami docelowymi w chmurze i ponad 70 operatorami za po\u015brednictwem platformy D4 Digital Hub. Nasza oferta centrum przetwarzania danych jest unikalna w skali Europy.","robots":{"index":"index","follow":"follow","max-snippet":"max-snippet:-1","max-image-preview":"max-image-preview:large","max-video-preview":"max-video-preview:-1"},"canonical":"https:\/\/www.data4group.com\/pl\/model-kampusu-data4\/","og_locale":"pl_PL","og_type":"article","og_title":"Centra danych w Europie; kampusy DATA4 | DATA4","og_description":"Wszystkie centra danych po\u0142o\u017cone w ramach kampus\u00f3w DATA4 korzystaj\u0105 ze wsp\u00f3lnej infrastruktury sieciowej i s\u0105 bezpo\u015brednio po\u0142\u0105czone z ponad 145 miejscami docelowymi w chmurze i ponad 70 operatorami za po\u015brednictwem platformy D4 Digital Hub. Nasza oferta centrum przetwarzania danych jest unikalna w skali Europy.","og_url":"https:\/\/www.data4group.com\/pl\/model-kampusu-data4\/","og_site_name":"DATA4 - Smart Data Centers at Scale","article_modified_time":"2025-09-04T11:06:11+00:00","twitter_card":"summary_large_image","schema":{"@context":"https:\/\/schema.org","@graph":[{"@type":"WebPage","@id":"https:\/\/www.data4group.com\/pl\/model-kampusu-data4\/","url":"https:\/\/www.data4group.com\/pl\/model-kampusu-data4\/","name":"Centra danych w Europie; kampusy DATA4 | DATA4","isPartOf":{"@id":"https:\/\/www.data4group.com\/pl\/#website"},"datePublished":"2021-03-29T07:28:03+00:00","dateModified":"2025-09-04T11:06:11+00:00","description":"Wszystkie centra danych po\u0142o\u017cone w ramach kampus\u00f3w DATA4 korzystaj\u0105 ze wsp\u00f3lnej infrastruktury sieciowej i s\u0105 bezpo\u015brednio po\u0142\u0105czone z ponad 145 miejscami docelowymi w chmurze i ponad 70 operatorami za po\u015brednictwem platformy D4 Digital Hub. Nasza oferta centrum przetwarzania danych jest unikalna w skali Europy.","breadcrumb":{"@id":"https:\/\/www.data4group.com\/pl\/model-kampusu-data4\/#breadcrumb"},"inLanguage":"pl-PL","potentialAction":[{"@type":"ReadAction","target":["https:\/\/www.data4group.com\/pl\/model-kampusu-data4\/"]}]},{"@type":"BreadcrumbList","@id":"https:\/\/www.data4group.com\/pl\/model-kampusu-data4\/#breadcrumb","itemListElement":[{"@type":"ListItem","position":1,"name":"Strona g\u0142\u00f3wna","item":"https:\/\/www.data4group.com\/pl\/"},{"@type":"ListItem","position":2,"name":"Model kampusu DATA4"}]},{"@type":"WebSite","@id":"https:\/\/www.data4group.com\/pl\/#website","url":"https:\/\/www.data4group.com\/pl\/","name":"DATA4 - Smart Data Centers at Scale","description":"Smart Data Centers at Scale","publisher":{"@id":"https:\/\/www.data4group.com\/pl\/#organization"},"potentialAction":[{"@type":"SearchAction","target":{"@type":"EntryPoint","urlTemplate":"https:\/\/www.data4group.com\/pl\/?s={search_term_string}"},"query-input":{"@type":"PropertyValueSpecification","valueRequired":true,"valueName":"search_term_string"}}],"inLanguage":"pl-PL"},{"@type":"Organization","@id":"https:\/\/www.data4group.com\/pl\/#organization","name":"DATA4 - Smart datacenters at scale","url":"https:\/\/www.data4group.com\/pl\/","logo":{"@type":"ImageObject","inLanguage":"pl-PL","@id":"https:\/\/www.data4group.com\/pl\/#\/schema\/logo\/image\/","url":"https:\/\/www.data4group.com\/wp-content\/uploads\/2021\/10\/data4-logo.svg","contentUrl":"https:\/\/www.data4group.com\/wp-content\/uploads\/2021\/10\/data4-logo.svg","width":981,"height":558,"caption":"DATA4 - Smart datacenters at scale"},"image":{"@id":"https:\/\/www.data4group.com\/pl\/#\/schema\/logo\/image\/"}}]}},"_links":{"self":[{"href":"https:\/\/www.data4group.com\/pl\/wp-json\/wp\/v2\/pages\/12739","targetHints":{"allow":["GET"]}}],"collection":[{"href":"https:\/\/www.data4group.com\/pl\/wp-json\/wp\/v2\/pages"}],"about":[{"href":"https:\/\/www.data4group.com\/pl\/wp-json\/wp\/v2\/types\/page"}],"author":[{"embeddable":true,"href":"https:\/\/www.data4group.com\/pl\/wp-json\/wp\/v2\/users\/2"}],"replies":[{"embeddable":true,"href":"https:\/\/www.data4group.com\/pl\/wp-json\/wp\/v2\/comments?post=12739"}],"version-history":[{"count":0,"href":"https:\/\/www.data4group.com\/pl\/wp-json\/wp\/v2\/pages\/12739\/revisions"}],"wp:attachment":[{"href":"https:\/\/www.data4group.com\/pl\/wp-json\/wp\/v2\/media?parent=12739"}],"curies":[{"name":"wp","href":"https:\/\/api.w.org\/{rel}","templated":true}]}}