{"id":12601,"date":"2018-04-01T19:09:52","date_gmt":"2018-04-01T17:09:52","guid":{"rendered":"https:\/\/www.data4group.com\/data-center-in-paris-france\/"},"modified":"2025-08-29T14:36:28","modified_gmt":"2025-08-29T12:36:28","slug":"kampus-centrow-danych-we-francji","status":"publish","type":"page","link":"https:\/\/www.data4group.com\/pl\/kampus-centrow-danych-we-francji\/","title":{"rendered":"Kampus centr\u00f3w danych we Francji"},"content":{"rendered":"","protected":false},"excerpt":{"rendered":"","protected":false},"author":2,"featured_media":0,"parent":0,"menu_order":0,"comment_status":"closed","ping_status":"closed","template":"template-campus.php","meta":{"_acf_changed":false,"footnotes":""},"class_list":["post-12601","page","type-page","status-publish","hentry"],"acf":[],"yoast_head":"<!-- This site is optimized with the Yoast SEO plugin v27.2 - https:\/\/yoast.com\/product\/yoast-seo-wordpress\/ -->\n<title>Centrum danych w Pary\u017cu, Francja - kolokacja i hosting danych | DATA4<\/title>\n<meta name=\"description\" content=\"Kampus centr\u00f3w danych Pary\u017c-Saclay to najwi\u0119kszy i najpot\u0119\u017cniejszy kompleks nie tylko we Francji, lecz tak\u017ce w ca\u0142ej Europie. To doskona\u0142a i funkcjonalna lokalizacja dla zespo\u0142\u00f3w klienta, oferuj\u0105ca sie\u0107 hiperpo\u0142\u0105czonych centr\u00f3w danych zapewniaj\u0105cych hosting stron internetowych, zar\u00f3wno w centrach wsp\u00f3\u0142dzielonych, jak i wydzielonych budynkach.\" \/>\n<meta name=\"robots\" content=\"index, follow, max-snippet:-1, max-image-preview:large, max-video-preview:-1\" \/>\n<link rel=\"canonical\" href=\"https:\/\/www.data4group.com\/pl\/kampus-centrow-danych-we-francji\/\" \/>\n<meta property=\"og:locale\" content=\"pl_PL\" \/>\n<meta property=\"og:type\" content=\"article\" \/>\n<meta property=\"og:title\" content=\"Centrum danych w Pary\u017cu, Francja - kolokacja i hosting danych | DATA4\" \/>\n<meta property=\"og:description\" content=\"Kampus centr\u00f3w danych Pary\u017c-Saclay to najwi\u0119kszy i najpot\u0119\u017cniejszy kompleks nie tylko we Francji, lecz tak\u017ce w ca\u0142ej Europie. To doskona\u0142a i funkcjonalna lokalizacja dla zespo\u0142\u00f3w klienta, oferuj\u0105ca sie\u0107 hiperpo\u0142\u0105czonych centr\u00f3w danych zapewniaj\u0105cych hosting stron internetowych, zar\u00f3wno w centrach wsp\u00f3\u0142dzielonych, jak i wydzielonych budynkach.\" \/>\n<meta property=\"og:url\" content=\"https:\/\/www.data4group.com\/pl\/kampus-centrow-danych-we-francji\/\" \/>\n<meta property=\"og:site_name\" content=\"DATA4 - Smart Data Centers at Scale\" \/>\n<meta property=\"article:modified_time\" content=\"2025-08-29T12:36:28+00:00\" \/>\n<meta name=\"twitter:card\" content=\"summary_large_image\" \/>\n<script type=\"application\/ld+json\" class=\"yoast-schema-graph\">{\"@context\":\"https:\/\/schema.org\",\"@graph\":[{\"@type\":\"WebPage\",\"@id\":\"https:\/\/www.data4group.com\/pl\/kampus-centrow-danych-we-francji\/\",\"url\":\"https:\/\/www.data4group.com\/pl\/kampus-centrow-danych-we-francji\/\",\"name\":\"Centrum danych w Pary\u017cu, Francja - kolokacja i hosting danych | DATA4\",\"isPartOf\":{\"@id\":\"https:\/\/www.data4group.com\/pl\/#website\"},\"datePublished\":\"2018-04-01T17:09:52+00:00\",\"dateModified\":\"2025-08-29T12:36:28+00:00\",\"description\":\"Kampus centr\u00f3w danych Pary\u017c-Saclay to najwi\u0119kszy i najpot\u0119\u017cniejszy kompleks nie tylko we Francji, lecz tak\u017ce w ca\u0142ej Europie. To doskona\u0142a i funkcjonalna lokalizacja dla zespo\u0142\u00f3w klienta, oferuj\u0105ca sie\u0107 hiperpo\u0142\u0105czonych centr\u00f3w danych zapewniaj\u0105cych hosting stron internetowych, zar\u00f3wno w centrach wsp\u00f3\u0142dzielonych, jak i wydzielonych budynkach.\",\"breadcrumb\":{\"@id\":\"https:\/\/www.data4group.com\/pl\/kampus-centrow-danych-we-francji\/#breadcrumb\"},\"inLanguage\":\"pl-PL\",\"potentialAction\":[{\"@type\":\"ReadAction\",\"target\":[\"https:\/\/www.data4group.com\/pl\/kampus-centrow-danych-we-francji\/\"]}]},{\"@type\":\"BreadcrumbList\",\"@id\":\"https:\/\/www.data4group.com\/pl\/kampus-centrow-danych-we-francji\/#breadcrumb\",\"itemListElement\":[{\"@type\":\"ListItem\",\"position\":1,\"name\":\"Strona g\u0142\u00f3wna\",\"item\":\"https:\/\/www.data4group.com\/pl\/\"},{\"@type\":\"ListItem\",\"position\":2,\"name\":\"Kampus centr\u00f3w danych we Francji\"}]},{\"@type\":\"WebSite\",\"@id\":\"https:\/\/www.data4group.com\/pl\/#website\",\"url\":\"https:\/\/www.data4group.com\/pl\/\",\"name\":\"DATA4 - Smart Data Centers at Scale\",\"description\":\"Smart Data Centers at Scale\",\"publisher\":{\"@id\":\"https:\/\/www.data4group.com\/pl\/#organization\"},\"potentialAction\":[{\"@type\":\"SearchAction\",\"target\":{\"@type\":\"EntryPoint\",\"urlTemplate\":\"https:\/\/www.data4group.com\/pl\/?s={search_term_string}\"},\"query-input\":{\"@type\":\"PropertyValueSpecification\",\"valueRequired\":true,\"valueName\":\"search_term_string\"}}],\"inLanguage\":\"pl-PL\"},{\"@type\":\"Organization\",\"@id\":\"https:\/\/www.data4group.com\/pl\/#organization\",\"name\":\"DATA4 - Smart datacenters at scale\",\"url\":\"https:\/\/www.data4group.com\/pl\/\",\"logo\":{\"@type\":\"ImageObject\",\"inLanguage\":\"pl-PL\",\"@id\":\"https:\/\/www.data4group.com\/pl\/#\/schema\/logo\/image\/\",\"url\":\"https:\/\/www.data4group.com\/wp-content\/uploads\/2021\/10\/data4-logo.svg\",\"contentUrl\":\"https:\/\/www.data4group.com\/wp-content\/uploads\/2021\/10\/data4-logo.svg\",\"width\":981,\"height\":558,\"caption\":\"DATA4 - Smart datacenters at scale\"},\"image\":{\"@id\":\"https:\/\/www.data4group.com\/pl\/#\/schema\/logo\/image\/\"}}]}<\/script>\n<!-- \/ Yoast SEO plugin. -->","yoast_head_json":{"title":"Centrum danych w Pary\u017cu, Francja - kolokacja i hosting danych | DATA4","description":"Kampus centr\u00f3w danych Pary\u017c-Saclay to najwi\u0119kszy i najpot\u0119\u017cniejszy kompleks nie tylko we Francji, lecz tak\u017ce w ca\u0142ej Europie. To doskona\u0142a i funkcjonalna lokalizacja dla zespo\u0142\u00f3w klienta, oferuj\u0105ca sie\u0107 hiperpo\u0142\u0105czonych centr\u00f3w danych zapewniaj\u0105cych hosting stron internetowych, zar\u00f3wno w centrach wsp\u00f3\u0142dzielonych, jak i wydzielonych budynkach.","robots":{"index":"index","follow":"follow","max-snippet":"max-snippet:-1","max-image-preview":"max-image-preview:large","max-video-preview":"max-video-preview:-1"},"canonical":"https:\/\/www.data4group.com\/pl\/kampus-centrow-danych-we-francji\/","og_locale":"pl_PL","og_type":"article","og_title":"Centrum danych w Pary\u017cu, Francja - kolokacja i hosting danych | DATA4","og_description":"Kampus centr\u00f3w danych Pary\u017c-Saclay to najwi\u0119kszy i najpot\u0119\u017cniejszy kompleks nie tylko we Francji, lecz tak\u017ce w ca\u0142ej Europie. To doskona\u0142a i funkcjonalna lokalizacja dla zespo\u0142\u00f3w klienta, oferuj\u0105ca sie\u0107 hiperpo\u0142\u0105czonych centr\u00f3w danych zapewniaj\u0105cych hosting stron internetowych, zar\u00f3wno w centrach wsp\u00f3\u0142dzielonych, jak i wydzielonych budynkach.","og_url":"https:\/\/www.data4group.com\/pl\/kampus-centrow-danych-we-francji\/","og_site_name":"DATA4 - Smart Data Centers at Scale","article_modified_time":"2025-08-29T12:36:28+00:00","twitter_card":"summary_large_image","schema":{"@context":"https:\/\/schema.org","@graph":[{"@type":"WebPage","@id":"https:\/\/www.data4group.com\/pl\/kampus-centrow-danych-we-francji\/","url":"https:\/\/www.data4group.com\/pl\/kampus-centrow-danych-we-francji\/","name":"Centrum danych w Pary\u017cu, Francja - kolokacja i hosting danych | DATA4","isPartOf":{"@id":"https:\/\/www.data4group.com\/pl\/#website"},"datePublished":"2018-04-01T17:09:52+00:00","dateModified":"2025-08-29T12:36:28+00:00","description":"Kampus centr\u00f3w danych Pary\u017c-Saclay to najwi\u0119kszy i najpot\u0119\u017cniejszy kompleks nie tylko we Francji, lecz tak\u017ce w ca\u0142ej Europie. To doskona\u0142a i funkcjonalna lokalizacja dla zespo\u0142\u00f3w klienta, oferuj\u0105ca sie\u0107 hiperpo\u0142\u0105czonych centr\u00f3w danych zapewniaj\u0105cych hosting stron internetowych, zar\u00f3wno w centrach wsp\u00f3\u0142dzielonych, jak i wydzielonych budynkach.","breadcrumb":{"@id":"https:\/\/www.data4group.com\/pl\/kampus-centrow-danych-we-francji\/#breadcrumb"},"inLanguage":"pl-PL","potentialAction":[{"@type":"ReadAction","target":["https:\/\/www.data4group.com\/pl\/kampus-centrow-danych-we-francji\/"]}]},{"@type":"BreadcrumbList","@id":"https:\/\/www.data4group.com\/pl\/kampus-centrow-danych-we-francji\/#breadcrumb","itemListElement":[{"@type":"ListItem","position":1,"name":"Strona g\u0142\u00f3wna","item":"https:\/\/www.data4group.com\/pl\/"},{"@type":"ListItem","position":2,"name":"Kampus centr\u00f3w danych we Francji"}]},{"@type":"WebSite","@id":"https:\/\/www.data4group.com\/pl\/#website","url":"https:\/\/www.data4group.com\/pl\/","name":"DATA4 - Smart Data Centers at Scale","description":"Smart Data Centers at Scale","publisher":{"@id":"https:\/\/www.data4group.com\/pl\/#organization"},"potentialAction":[{"@type":"SearchAction","target":{"@type":"EntryPoint","urlTemplate":"https:\/\/www.data4group.com\/pl\/?s={search_term_string}"},"query-input":{"@type":"PropertyValueSpecification","valueRequired":true,"valueName":"search_term_string"}}],"inLanguage":"pl-PL"},{"@type":"Organization","@id":"https:\/\/www.data4group.com\/pl\/#organization","name":"DATA4 - Smart datacenters at scale","url":"https:\/\/www.data4group.com\/pl\/","logo":{"@type":"ImageObject","inLanguage":"pl-PL","@id":"https:\/\/www.data4group.com\/pl\/#\/schema\/logo\/image\/","url":"https:\/\/www.data4group.com\/wp-content\/uploads\/2021\/10\/data4-logo.svg","contentUrl":"https:\/\/www.data4group.com\/wp-content\/uploads\/2021\/10\/data4-logo.svg","width":981,"height":558,"caption":"DATA4 - Smart datacenters at scale"},"image":{"@id":"https:\/\/www.data4group.com\/pl\/#\/schema\/logo\/image\/"}}]}},"_links":{"self":[{"href":"https:\/\/www.data4group.com\/pl\/wp-json\/wp\/v2\/pages\/12601","targetHints":{"allow":["GET"]}}],"collection":[{"href":"https:\/\/www.data4group.com\/pl\/wp-json\/wp\/v2\/pages"}],"about":[{"href":"https:\/\/www.data4group.com\/pl\/wp-json\/wp\/v2\/types\/page"}],"author":[{"embeddable":true,"href":"https:\/\/www.data4group.com\/pl\/wp-json\/wp\/v2\/users\/2"}],"replies":[{"embeddable":true,"href":"https:\/\/www.data4group.com\/pl\/wp-json\/wp\/v2\/comments?post=12601"}],"version-history":[{"count":0,"href":"https:\/\/www.data4group.com\/pl\/wp-json\/wp\/v2\/pages\/12601\/revisions"}],"wp:attachment":[{"href":"https:\/\/www.data4group.com\/pl\/wp-json\/wp\/v2\/media?parent=12601"}],"curies":[{"name":"wp","href":"https:\/\/api.w.org\/{rel}","templated":true}]}}