{"id":12596,"date":"2018-03-31T16:37:11","date_gmt":"2018-03-31T16:37:11","guid":{"rendered":"https:\/\/www.data4group.com\/firmy\/"},"modified":"2022-05-11T08:35:41","modified_gmt":"2022-05-11T08:35:41","slug":"firmy","status":"publish","type":"page","link":"https:\/\/www.data4group.com\/pl\/firmy\/","title":{"rendered":"Firmy"},"content":{"rendered":"","protected":false},"excerpt":{"rendered":"","protected":false},"author":2,"featured_media":0,"parent":0,"menu_order":0,"comment_status":"closed","ping_status":"closed","template":"template-all-blocks.php","meta":{"_acf_changed":false,"footnotes":""},"class_list":["post-12596","page","type-page","status-publish","hentry"],"acf":[],"yoast_head":"<!-- This site is optimized with the Yoast SEO plugin v27.4 - https:\/\/yoast.com\/product\/yoast-seo-wordpress\/ -->\n<title>Centra danych i hosting sieci WWW dla firm | DATA4<\/title>\n<meta name=\"description\" content=\"Oferuj\u0105c us\u0142ugi hostingu danych i projektowania infrastruktury krytycznej, DATA4 jest warto\u015bciowym partnerem wspieraj\u0105cym transformacj\u0119 cyfrow\u0105 przedsi\u0119biorstw. W kampusach centr\u00f3w danych DATA4 oferuje elastyczne rozwi\u0105zania w zakresie hostingu stron internetowych.\" \/>\n<meta name=\"robots\" content=\"index, follow, max-snippet:-1, max-image-preview:large, max-video-preview:-1\" \/>\n<link rel=\"canonical\" href=\"https:\/\/www.data4group.com\/pl\/firmy\/\" \/>\n<meta property=\"og:locale\" content=\"pl_PL\" \/>\n<meta property=\"og:type\" content=\"article\" \/>\n<meta property=\"og:title\" content=\"Centra danych i hosting sieci WWW dla firm | DATA4\" \/>\n<meta property=\"og:description\" content=\"Oferuj\u0105c us\u0142ugi hostingu danych i projektowania infrastruktury krytycznej, DATA4 jest warto\u015bciowym partnerem wspieraj\u0105cym transformacj\u0119 cyfrow\u0105 przedsi\u0119biorstw. W kampusach centr\u00f3w danych DATA4 oferuje elastyczne rozwi\u0105zania w zakresie hostingu stron internetowych.\" \/>\n<meta property=\"og:url\" content=\"https:\/\/www.data4group.com\/pl\/firmy\/\" \/>\n<meta property=\"og:site_name\" content=\"DATA4 - Smart Data Centers at Scale\" \/>\n<meta property=\"article:modified_time\" content=\"2022-05-11T08:35:41+00:00\" \/>\n<meta name=\"twitter:card\" content=\"summary_large_image\" \/>\n<script type=\"application\/ld+json\" class=\"yoast-schema-graph\">{\"@context\":\"https:\\\/\\\/schema.org\",\"@graph\":[{\"@type\":\"WebPage\",\"@id\":\"https:\\\/\\\/www.data4group.com\\\/pl\\\/firmy\\\/\",\"url\":\"https:\\\/\\\/www.data4group.com\\\/pl\\\/firmy\\\/\",\"name\":\"Centra danych i hosting sieci WWW dla firm | DATA4\",\"isPartOf\":{\"@id\":\"https:\\\/\\\/www.data4group.com\\\/pl\\\/#website\"},\"datePublished\":\"2018-03-31T16:37:11+00:00\",\"dateModified\":\"2022-05-11T08:35:41+00:00\",\"description\":\"Oferuj\u0105c us\u0142ugi hostingu danych i projektowania infrastruktury krytycznej, DATA4 jest warto\u015bciowym partnerem wspieraj\u0105cym transformacj\u0119 cyfrow\u0105 przedsi\u0119biorstw. W kampusach centr\u00f3w danych DATA4 oferuje elastyczne rozwi\u0105zania w zakresie hostingu stron internetowych.\",\"breadcrumb\":{\"@id\":\"https:\\\/\\\/www.data4group.com\\\/pl\\\/firmy\\\/#breadcrumb\"},\"inLanguage\":\"pl-PL\",\"potentialAction\":[{\"@type\":\"ReadAction\",\"target\":[\"https:\\\/\\\/www.data4group.com\\\/pl\\\/firmy\\\/\"]}]},{\"@type\":\"BreadcrumbList\",\"@id\":\"https:\\\/\\\/www.data4group.com\\\/pl\\\/firmy\\\/#breadcrumb\",\"itemListElement\":[{\"@type\":\"ListItem\",\"position\":1,\"name\":\"Strona g\u0142\u00f3wna\",\"item\":\"https:\\\/\\\/www.data4group.com\\\/pl\\\/\"},{\"@type\":\"ListItem\",\"position\":2,\"name\":\"Firmy\"}]},{\"@type\":\"WebSite\",\"@id\":\"https:\\\/\\\/www.data4group.com\\\/pl\\\/#website\",\"url\":\"https:\\\/\\\/www.data4group.com\\\/pl\\\/\",\"name\":\"DATA4 - Smart Data Centers at Scale\",\"description\":\"Smart Data Centers at Scale\",\"publisher\":{\"@id\":\"https:\\\/\\\/www.data4group.com\\\/pl\\\/#organization\"},\"potentialAction\":[{\"@type\":\"SearchAction\",\"target\":{\"@type\":\"EntryPoint\",\"urlTemplate\":\"https:\\\/\\\/www.data4group.com\\\/pl\\\/?s={search_term_string}\"},\"query-input\":{\"@type\":\"PropertyValueSpecification\",\"valueRequired\":true,\"valueName\":\"search_term_string\"}}],\"inLanguage\":\"pl-PL\"},{\"@type\":\"Organization\",\"@id\":\"https:\\\/\\\/www.data4group.com\\\/pl\\\/#organization\",\"name\":\"DATA4 - Smart datacenters at scale\",\"url\":\"https:\\\/\\\/www.data4group.com\\\/pl\\\/\",\"logo\":{\"@type\":\"ImageObject\",\"inLanguage\":\"pl-PL\",\"@id\":\"https:\\\/\\\/www.data4group.com\\\/pl\\\/#\\\/schema\\\/logo\\\/image\\\/\",\"url\":\"https:\\\/\\\/www.data4group.com\\\/wp-content\\\/uploads\\\/2021\\\/10\\\/data4-logo.svg\",\"contentUrl\":\"https:\\\/\\\/www.data4group.com\\\/wp-content\\\/uploads\\\/2021\\\/10\\\/data4-logo.svg\",\"width\":981,\"height\":558,\"caption\":\"DATA4 - Smart datacenters at scale\"},\"image\":{\"@id\":\"https:\\\/\\\/www.data4group.com\\\/pl\\\/#\\\/schema\\\/logo\\\/image\\\/\"}}]}<\/script>\n<!-- \/ Yoast SEO plugin. -->","yoast_head_json":{"title":"Centra danych i hosting sieci WWW dla firm | DATA4","description":"Oferuj\u0105c us\u0142ugi hostingu danych i projektowania infrastruktury krytycznej, DATA4 jest warto\u015bciowym partnerem wspieraj\u0105cym transformacj\u0119 cyfrow\u0105 przedsi\u0119biorstw. W kampusach centr\u00f3w danych DATA4 oferuje elastyczne rozwi\u0105zania w zakresie hostingu stron internetowych.","robots":{"index":"index","follow":"follow","max-snippet":"max-snippet:-1","max-image-preview":"max-image-preview:large","max-video-preview":"max-video-preview:-1"},"canonical":"https:\/\/www.data4group.com\/pl\/firmy\/","og_locale":"pl_PL","og_type":"article","og_title":"Centra danych i hosting sieci WWW dla firm | DATA4","og_description":"Oferuj\u0105c us\u0142ugi hostingu danych i projektowania infrastruktury krytycznej, DATA4 jest warto\u015bciowym partnerem wspieraj\u0105cym transformacj\u0119 cyfrow\u0105 przedsi\u0119biorstw. W kampusach centr\u00f3w danych DATA4 oferuje elastyczne rozwi\u0105zania w zakresie hostingu stron internetowych.","og_url":"https:\/\/www.data4group.com\/pl\/firmy\/","og_site_name":"DATA4 - Smart Data Centers at Scale","article_modified_time":"2022-05-11T08:35:41+00:00","twitter_card":"summary_large_image","schema":{"@context":"https:\/\/schema.org","@graph":[{"@type":"WebPage","@id":"https:\/\/www.data4group.com\/pl\/firmy\/","url":"https:\/\/www.data4group.com\/pl\/firmy\/","name":"Centra danych i hosting sieci WWW dla firm | DATA4","isPartOf":{"@id":"https:\/\/www.data4group.com\/pl\/#website"},"datePublished":"2018-03-31T16:37:11+00:00","dateModified":"2022-05-11T08:35:41+00:00","description":"Oferuj\u0105c us\u0142ugi hostingu danych i projektowania infrastruktury krytycznej, DATA4 jest warto\u015bciowym partnerem wspieraj\u0105cym transformacj\u0119 cyfrow\u0105 przedsi\u0119biorstw. W kampusach centr\u00f3w danych DATA4 oferuje elastyczne rozwi\u0105zania w zakresie hostingu stron internetowych.","breadcrumb":{"@id":"https:\/\/www.data4group.com\/pl\/firmy\/#breadcrumb"},"inLanguage":"pl-PL","potentialAction":[{"@type":"ReadAction","target":["https:\/\/www.data4group.com\/pl\/firmy\/"]}]},{"@type":"BreadcrumbList","@id":"https:\/\/www.data4group.com\/pl\/firmy\/#breadcrumb","itemListElement":[{"@type":"ListItem","position":1,"name":"Strona g\u0142\u00f3wna","item":"https:\/\/www.data4group.com\/pl\/"},{"@type":"ListItem","position":2,"name":"Firmy"}]},{"@type":"WebSite","@id":"https:\/\/www.data4group.com\/pl\/#website","url":"https:\/\/www.data4group.com\/pl\/","name":"DATA4 - Smart Data Centers at Scale","description":"Smart Data Centers at Scale","publisher":{"@id":"https:\/\/www.data4group.com\/pl\/#organization"},"potentialAction":[{"@type":"SearchAction","target":{"@type":"EntryPoint","urlTemplate":"https:\/\/www.data4group.com\/pl\/?s={search_term_string}"},"query-input":{"@type":"PropertyValueSpecification","valueRequired":true,"valueName":"search_term_string"}}],"inLanguage":"pl-PL"},{"@type":"Organization","@id":"https:\/\/www.data4group.com\/pl\/#organization","name":"DATA4 - Smart datacenters at scale","url":"https:\/\/www.data4group.com\/pl\/","logo":{"@type":"ImageObject","inLanguage":"pl-PL","@id":"https:\/\/www.data4group.com\/pl\/#\/schema\/logo\/image\/","url":"https:\/\/www.data4group.com\/wp-content\/uploads\/2021\/10\/data4-logo.svg","contentUrl":"https:\/\/www.data4group.com\/wp-content\/uploads\/2021\/10\/data4-logo.svg","width":981,"height":558,"caption":"DATA4 - Smart datacenters at scale"},"image":{"@id":"https:\/\/www.data4group.com\/pl\/#\/schema\/logo\/image\/"}}]}},"_links":{"self":[{"href":"https:\/\/www.data4group.com\/pl\/wp-json\/wp\/v2\/pages\/12596","targetHints":{"allow":["GET"]}}],"collection":[{"href":"https:\/\/www.data4group.com\/pl\/wp-json\/wp\/v2\/pages"}],"about":[{"href":"https:\/\/www.data4group.com\/pl\/wp-json\/wp\/v2\/types\/page"}],"author":[{"embeddable":true,"href":"https:\/\/www.data4group.com\/pl\/wp-json\/wp\/v2\/users\/2"}],"replies":[{"embeddable":true,"href":"https:\/\/www.data4group.com\/pl\/wp-json\/wp\/v2\/comments?post=12596"}],"version-history":[{"count":0,"href":"https:\/\/www.data4group.com\/pl\/wp-json\/wp\/v2\/pages\/12596\/revisions"}],"wp:attachment":[{"href":"https:\/\/www.data4group.com\/pl\/wp-json\/wp\/v2\/media?parent=12596"}],"curies":[{"name":"wp","href":"https:\/\/api.w.org\/{rel}","templated":true}]}}