{"id":12562,"date":"2018-03-25T15:42:01","date_gmt":"2018-03-25T13:42:01","guid":{"rendered":"https:\/\/www.data4group.com\/data-center-colocation-dedicated-infrastructure-services\/"},"modified":"2022-05-11T08:35:45","modified_gmt":"2022-05-11T08:35:45","slug":"kolokacja-i-wydzielony-budynek","status":"publish","type":"page","link":"https:\/\/www.data4group.com\/pl\/kolokacja-i-wydzielony-budynek\/","title":{"rendered":"Kolokacja i wydzielony budynek"},"content":{"rendered":"","protected":false},"excerpt":{"rendered":"","protected":false},"author":2,"featured_media":0,"parent":0,"menu_order":0,"comment_status":"closed","ping_status":"closed","template":"template-all-blocks.php","meta":{"_acf_changed":false,"footnotes":""},"class_list":["post-12562","page","type-page","status-publish","hentry"],"acf":[],"yoast_head":"<!-- This site is optimized with the Yoast SEO plugin v27.2 - https:\/\/yoast.com\/product\/yoast-seo-wordpress\/ -->\n<title>Us\u0142ugi kolokacji centr\u00f3w przetwarzania danych i dedykowana infrastruktura | DATA4<\/title>\n<meta name=\"description\" content=\"Pe\u0142ny wynajem lub udost\u0119pnianie serwer\u00f3w centrum przetwarzania danych: DATA4 zapewnia swoim klientom rozwi\u0105zania hostingowe, pocz\u0105wszy od wsp\u00f3\u0142dzielonej szafy lub kabiny we wsp\u00f3lnej przestrzeni, po wydzielone pomieszczenie lub budynek.\" \/>\n<meta name=\"robots\" content=\"index, follow, max-snippet:-1, max-image-preview:large, max-video-preview:-1\" \/>\n<link rel=\"canonical\" href=\"https:\/\/www.data4group.com\/pl\/kolokacja-i-wydzielony-budynek\/\" \/>\n<meta property=\"og:locale\" content=\"pl_PL\" \/>\n<meta property=\"og:type\" content=\"article\" \/>\n<meta property=\"og:title\" content=\"Us\u0142ugi kolokacji centr\u00f3w przetwarzania danych i dedykowana infrastruktura | DATA4\" \/>\n<meta property=\"og:description\" content=\"Pe\u0142ny wynajem lub udost\u0119pnianie serwer\u00f3w centrum przetwarzania danych: DATA4 zapewnia swoim klientom rozwi\u0105zania hostingowe, pocz\u0105wszy od wsp\u00f3\u0142dzielonej szafy lub kabiny we wsp\u00f3lnej przestrzeni, po wydzielone pomieszczenie lub budynek.\" \/>\n<meta property=\"og:url\" content=\"https:\/\/www.data4group.com\/pl\/kolokacja-i-wydzielony-budynek\/\" \/>\n<meta property=\"og:site_name\" content=\"DATA4 - Smart Data Centers at Scale\" \/>\n<meta property=\"article:modified_time\" content=\"2022-05-11T08:35:45+00:00\" \/>\n<meta name=\"twitter:card\" content=\"summary_large_image\" \/>\n<script type=\"application\/ld+json\" class=\"yoast-schema-graph\">{\"@context\":\"https:\/\/schema.org\",\"@graph\":[{\"@type\":\"WebPage\",\"@id\":\"https:\/\/www.data4group.com\/pl\/kolokacja-i-wydzielony-budynek\/\",\"url\":\"https:\/\/www.data4group.com\/pl\/kolokacja-i-wydzielony-budynek\/\",\"name\":\"Us\u0142ugi kolokacji centr\u00f3w przetwarzania danych i dedykowana infrastruktura | DATA4\",\"isPartOf\":{\"@id\":\"https:\/\/www.data4group.com\/pl\/#website\"},\"datePublished\":\"2018-03-25T13:42:01+00:00\",\"dateModified\":\"2022-05-11T08:35:45+00:00\",\"description\":\"Pe\u0142ny wynajem lub udost\u0119pnianie serwer\u00f3w centrum przetwarzania danych: DATA4 zapewnia swoim klientom rozwi\u0105zania hostingowe, pocz\u0105wszy od wsp\u00f3\u0142dzielonej szafy lub kabiny we wsp\u00f3lnej przestrzeni, po wydzielone pomieszczenie lub budynek.\",\"breadcrumb\":{\"@id\":\"https:\/\/www.data4group.com\/pl\/kolokacja-i-wydzielony-budynek\/#breadcrumb\"},\"inLanguage\":\"pl-PL\",\"potentialAction\":[{\"@type\":\"ReadAction\",\"target\":[\"https:\/\/www.data4group.com\/pl\/kolokacja-i-wydzielony-budynek\/\"]}]},{\"@type\":\"BreadcrumbList\",\"@id\":\"https:\/\/www.data4group.com\/pl\/kolokacja-i-wydzielony-budynek\/#breadcrumb\",\"itemListElement\":[{\"@type\":\"ListItem\",\"position\":1,\"name\":\"Strona g\u0142\u00f3wna\",\"item\":\"https:\/\/www.data4group.com\/pl\/\"},{\"@type\":\"ListItem\",\"position\":2,\"name\":\"Kolokacja i wydzielony budynek\"}]},{\"@type\":\"WebSite\",\"@id\":\"https:\/\/www.data4group.com\/pl\/#website\",\"url\":\"https:\/\/www.data4group.com\/pl\/\",\"name\":\"DATA4 - Smart Data Centers at Scale\",\"description\":\"Smart Data Centers at Scale\",\"publisher\":{\"@id\":\"https:\/\/www.data4group.com\/pl\/#organization\"},\"potentialAction\":[{\"@type\":\"SearchAction\",\"target\":{\"@type\":\"EntryPoint\",\"urlTemplate\":\"https:\/\/www.data4group.com\/pl\/?s={search_term_string}\"},\"query-input\":{\"@type\":\"PropertyValueSpecification\",\"valueRequired\":true,\"valueName\":\"search_term_string\"}}],\"inLanguage\":\"pl-PL\"},{\"@type\":\"Organization\",\"@id\":\"https:\/\/www.data4group.com\/pl\/#organization\",\"name\":\"DATA4 - Smart datacenters at scale\",\"url\":\"https:\/\/www.data4group.com\/pl\/\",\"logo\":{\"@type\":\"ImageObject\",\"inLanguage\":\"pl-PL\",\"@id\":\"https:\/\/www.data4group.com\/pl\/#\/schema\/logo\/image\/\",\"url\":\"https:\/\/www.data4group.com\/wp-content\/uploads\/2021\/10\/data4-logo.svg\",\"contentUrl\":\"https:\/\/www.data4group.com\/wp-content\/uploads\/2021\/10\/data4-logo.svg\",\"width\":981,\"height\":558,\"caption\":\"DATA4 - Smart datacenters at scale\"},\"image\":{\"@id\":\"https:\/\/www.data4group.com\/pl\/#\/schema\/logo\/image\/\"}}]}<\/script>\n<!-- \/ Yoast SEO plugin. -->","yoast_head_json":{"title":"Us\u0142ugi kolokacji centr\u00f3w przetwarzania danych i dedykowana infrastruktura | DATA4","description":"Pe\u0142ny wynajem lub udost\u0119pnianie serwer\u00f3w centrum przetwarzania danych: DATA4 zapewnia swoim klientom rozwi\u0105zania hostingowe, pocz\u0105wszy od wsp\u00f3\u0142dzielonej szafy lub kabiny we wsp\u00f3lnej przestrzeni, po wydzielone pomieszczenie lub budynek.","robots":{"index":"index","follow":"follow","max-snippet":"max-snippet:-1","max-image-preview":"max-image-preview:large","max-video-preview":"max-video-preview:-1"},"canonical":"https:\/\/www.data4group.com\/pl\/kolokacja-i-wydzielony-budynek\/","og_locale":"pl_PL","og_type":"article","og_title":"Us\u0142ugi kolokacji centr\u00f3w przetwarzania danych i dedykowana infrastruktura | DATA4","og_description":"Pe\u0142ny wynajem lub udost\u0119pnianie serwer\u00f3w centrum przetwarzania danych: DATA4 zapewnia swoim klientom rozwi\u0105zania hostingowe, pocz\u0105wszy od wsp\u00f3\u0142dzielonej szafy lub kabiny we wsp\u00f3lnej przestrzeni, po wydzielone pomieszczenie lub budynek.","og_url":"https:\/\/www.data4group.com\/pl\/kolokacja-i-wydzielony-budynek\/","og_site_name":"DATA4 - Smart Data Centers at Scale","article_modified_time":"2022-05-11T08:35:45+00:00","twitter_card":"summary_large_image","schema":{"@context":"https:\/\/schema.org","@graph":[{"@type":"WebPage","@id":"https:\/\/www.data4group.com\/pl\/kolokacja-i-wydzielony-budynek\/","url":"https:\/\/www.data4group.com\/pl\/kolokacja-i-wydzielony-budynek\/","name":"Us\u0142ugi kolokacji centr\u00f3w przetwarzania danych i dedykowana infrastruktura | DATA4","isPartOf":{"@id":"https:\/\/www.data4group.com\/pl\/#website"},"datePublished":"2018-03-25T13:42:01+00:00","dateModified":"2022-05-11T08:35:45+00:00","description":"Pe\u0142ny wynajem lub udost\u0119pnianie serwer\u00f3w centrum przetwarzania danych: DATA4 zapewnia swoim klientom rozwi\u0105zania hostingowe, pocz\u0105wszy od wsp\u00f3\u0142dzielonej szafy lub kabiny we wsp\u00f3lnej przestrzeni, po wydzielone pomieszczenie lub budynek.","breadcrumb":{"@id":"https:\/\/www.data4group.com\/pl\/kolokacja-i-wydzielony-budynek\/#breadcrumb"},"inLanguage":"pl-PL","potentialAction":[{"@type":"ReadAction","target":["https:\/\/www.data4group.com\/pl\/kolokacja-i-wydzielony-budynek\/"]}]},{"@type":"BreadcrumbList","@id":"https:\/\/www.data4group.com\/pl\/kolokacja-i-wydzielony-budynek\/#breadcrumb","itemListElement":[{"@type":"ListItem","position":1,"name":"Strona g\u0142\u00f3wna","item":"https:\/\/www.data4group.com\/pl\/"},{"@type":"ListItem","position":2,"name":"Kolokacja i wydzielony budynek"}]},{"@type":"WebSite","@id":"https:\/\/www.data4group.com\/pl\/#website","url":"https:\/\/www.data4group.com\/pl\/","name":"DATA4 - Smart Data Centers at Scale","description":"Smart Data Centers at Scale","publisher":{"@id":"https:\/\/www.data4group.com\/pl\/#organization"},"potentialAction":[{"@type":"SearchAction","target":{"@type":"EntryPoint","urlTemplate":"https:\/\/www.data4group.com\/pl\/?s={search_term_string}"},"query-input":{"@type":"PropertyValueSpecification","valueRequired":true,"valueName":"search_term_string"}}],"inLanguage":"pl-PL"},{"@type":"Organization","@id":"https:\/\/www.data4group.com\/pl\/#organization","name":"DATA4 - Smart datacenters at scale","url":"https:\/\/www.data4group.com\/pl\/","logo":{"@type":"ImageObject","inLanguage":"pl-PL","@id":"https:\/\/www.data4group.com\/pl\/#\/schema\/logo\/image\/","url":"https:\/\/www.data4group.com\/wp-content\/uploads\/2021\/10\/data4-logo.svg","contentUrl":"https:\/\/www.data4group.com\/wp-content\/uploads\/2021\/10\/data4-logo.svg","width":981,"height":558,"caption":"DATA4 - Smart datacenters at scale"},"image":{"@id":"https:\/\/www.data4group.com\/pl\/#\/schema\/logo\/image\/"}}]}},"_links":{"self":[{"href":"https:\/\/www.data4group.com\/pl\/wp-json\/wp\/v2\/pages\/12562","targetHints":{"allow":["GET"]}}],"collection":[{"href":"https:\/\/www.data4group.com\/pl\/wp-json\/wp\/v2\/pages"}],"about":[{"href":"https:\/\/www.data4group.com\/pl\/wp-json\/wp\/v2\/types\/page"}],"author":[{"embeddable":true,"href":"https:\/\/www.data4group.com\/pl\/wp-json\/wp\/v2\/users\/2"}],"replies":[{"embeddable":true,"href":"https:\/\/www.data4group.com\/pl\/wp-json\/wp\/v2\/comments?post=12562"}],"version-history":[{"count":0,"href":"https:\/\/www.data4group.com\/pl\/wp-json\/wp\/v2\/pages\/12562\/revisions"}],"wp:attachment":[{"href":"https:\/\/www.data4group.com\/pl\/wp-json\/wp\/v2\/media?parent=12562"}],"curies":[{"name":"wp","href":"https:\/\/api.w.org\/{rel}","templated":true}]}}