{"id":12549,"date":"2018-03-22T17:12:59","date_gmt":"2018-03-22T16:12:59","guid":{"rendered":"https:\/\/www.data4group.com\/data-center-solutions\/"},"modified":"2022-05-11T08:35:47","modified_gmt":"2022-05-11T08:35:47","slug":"nasza-oferta-uslug","status":"publish","type":"page","link":"https:\/\/www.data4group.com\/pl\/nasza-oferta-uslug\/","title":{"rendered":"Nasza oferta us\u0142ug"},"content":{"rendered":"","protected":false},"excerpt":{"rendered":"","protected":false},"author":2,"featured_media":11908,"parent":0,"menu_order":0,"comment_status":"closed","ping_status":"closed","template":"template-all-blocks.php","meta":{"_acf_changed":false,"footnotes":""},"class_list":["post-12549","page","type-page","status-publish","has-post-thumbnail","hentry"],"acf":[],"yoast_head":"<!-- This site is optimized with the Yoast SEO plugin v27.4 - https:\/\/yoast.com\/product\/yoast-seo-wordpress\/ -->\n<title>Rozwi\u0105zania dla centr\u00f3w przetwarzania danych, D4 Hosting | DATA4<\/title>\n<meta name=\"description\" content=\"DATA4 oferuje hosting dostosowany do wymaga\u0144 klient\u00f3w: od wsp\u00f3\u0142dzielonej szafy po niestandardowy wydzielony budynek. Zapewniaj\u0105c wysoki poziom bezpiecze\u0144stwa, wydajno\u015bci i elastyczno\u015bci, centra danych DATA4 pozwalaj\u0105 firmom zarz\u0105dza\u0107 kosztami i zwi\u0119ksza\u0107 ich elastyczno\u015b\u0107.\" \/>\n<meta name=\"robots\" content=\"index, follow, max-snippet:-1, max-image-preview:large, max-video-preview:-1\" \/>\n<link rel=\"canonical\" href=\"https:\/\/www.data4group.com\/pl\/nasza-oferta-uslug\/\" \/>\n<meta property=\"og:locale\" content=\"pl_PL\" \/>\n<meta property=\"og:type\" content=\"article\" \/>\n<meta property=\"og:title\" content=\"Rozwi\u0105zania dla centr\u00f3w przetwarzania danych, D4 Hosting | DATA4\" \/>\n<meta property=\"og:description\" content=\"DATA4 oferuje hosting dostosowany do wymaga\u0144 klient\u00f3w: od wsp\u00f3\u0142dzielonej szafy po niestandardowy wydzielony budynek. Zapewniaj\u0105c wysoki poziom bezpiecze\u0144stwa, wydajno\u015bci i elastyczno\u015bci, centra danych DATA4 pozwalaj\u0105 firmom zarz\u0105dza\u0107 kosztami i zwi\u0119ksza\u0107 ich elastyczno\u015b\u0107.\" \/>\n<meta property=\"og:url\" content=\"https:\/\/www.data4group.com\/pl\/nasza-oferta-uslug\/\" \/>\n<meta property=\"og:site_name\" content=\"DATA4 - Smart Data Centers at Scale\" \/>\n<meta property=\"article:modified_time\" content=\"2022-05-11T08:35:47+00:00\" \/>\n<meta property=\"og:image\" content=\"https:\/\/www.data4group.com\/wp-content\/uploads\/2018\/04\/DATA4_MILAN-CAMPUS_DATA-ROOM_1.jpg\" \/>\n\t<meta property=\"og:image:width\" content=\"2000\" \/>\n\t<meta property=\"og:image:height\" content=\"636\" \/>\n\t<meta property=\"og:image:type\" content=\"image\/jpeg\" \/>\n<meta name=\"twitter:card\" content=\"summary_large_image\" \/>\n<script type=\"application\/ld+json\" class=\"yoast-schema-graph\">{\"@context\":\"https:\\\/\\\/schema.org\",\"@graph\":[{\"@type\":\"WebPage\",\"@id\":\"https:\\\/\\\/www.data4group.com\\\/pl\\\/nasza-oferta-uslug\\\/\",\"url\":\"https:\\\/\\\/www.data4group.com\\\/pl\\\/nasza-oferta-uslug\\\/\",\"name\":\"Rozwi\u0105zania dla centr\u00f3w przetwarzania danych, D4 Hosting | DATA4\",\"isPartOf\":{\"@id\":\"https:\\\/\\\/www.data4group.com\\\/pl\\\/#website\"},\"primaryImageOfPage\":{\"@id\":\"https:\\\/\\\/www.data4group.com\\\/pl\\\/nasza-oferta-uslug\\\/#primaryimage\"},\"image\":{\"@id\":\"https:\\\/\\\/www.data4group.com\\\/pl\\\/nasza-oferta-uslug\\\/#primaryimage\"},\"thumbnailUrl\":\"https:\\\/\\\/www.data4group.com\\\/wp-content\\\/uploads\\\/2018\\\/04\\\/DATA4_MILAN-CAMPUS_DATA-ROOM_1.jpg\",\"datePublished\":\"2018-03-22T16:12:59+00:00\",\"dateModified\":\"2022-05-11T08:35:47+00:00\",\"description\":\"DATA4 oferuje hosting dostosowany do wymaga\u0144 klient\u00f3w: od wsp\u00f3\u0142dzielonej szafy po niestandardowy wydzielony budynek. Zapewniaj\u0105c wysoki poziom bezpiecze\u0144stwa, wydajno\u015bci i elastyczno\u015bci, centra danych DATA4 pozwalaj\u0105 firmom zarz\u0105dza\u0107 kosztami i zwi\u0119ksza\u0107 ich elastyczno\u015b\u0107.\",\"breadcrumb\":{\"@id\":\"https:\\\/\\\/www.data4group.com\\\/pl\\\/nasza-oferta-uslug\\\/#breadcrumb\"},\"inLanguage\":\"pl-PL\",\"potentialAction\":[{\"@type\":\"ReadAction\",\"target\":[\"https:\\\/\\\/www.data4group.com\\\/pl\\\/nasza-oferta-uslug\\\/\"]}]},{\"@type\":\"ImageObject\",\"inLanguage\":\"pl-PL\",\"@id\":\"https:\\\/\\\/www.data4group.com\\\/pl\\\/nasza-oferta-uslug\\\/#primaryimage\",\"url\":\"https:\\\/\\\/www.data4group.com\\\/wp-content\\\/uploads\\\/2018\\\/04\\\/DATA4_MILAN-CAMPUS_DATA-ROOM_1.jpg\",\"contentUrl\":\"https:\\\/\\\/www.data4group.com\\\/wp-content\\\/uploads\\\/2018\\\/04\\\/DATA4_MILAN-CAMPUS_DATA-ROOM_1.jpg\",\"width\":2000,\"height\":636},{\"@type\":\"BreadcrumbList\",\"@id\":\"https:\\\/\\\/www.data4group.com\\\/pl\\\/nasza-oferta-uslug\\\/#breadcrumb\",\"itemListElement\":[{\"@type\":\"ListItem\",\"position\":1,\"name\":\"Strona g\u0142\u00f3wna\",\"item\":\"https:\\\/\\\/www.data4group.com\\\/pl\\\/\"},{\"@type\":\"ListItem\",\"position\":2,\"name\":\"Nasza oferta us\u0142ug\"}]},{\"@type\":\"WebSite\",\"@id\":\"https:\\\/\\\/www.data4group.com\\\/pl\\\/#website\",\"url\":\"https:\\\/\\\/www.data4group.com\\\/pl\\\/\",\"name\":\"DATA4 - Smart Data Centers at Scale\",\"description\":\"Smart Data Centers at Scale\",\"publisher\":{\"@id\":\"https:\\\/\\\/www.data4group.com\\\/pl\\\/#organization\"},\"potentialAction\":[{\"@type\":\"SearchAction\",\"target\":{\"@type\":\"EntryPoint\",\"urlTemplate\":\"https:\\\/\\\/www.data4group.com\\\/pl\\\/?s={search_term_string}\"},\"query-input\":{\"@type\":\"PropertyValueSpecification\",\"valueRequired\":true,\"valueName\":\"search_term_string\"}}],\"inLanguage\":\"pl-PL\"},{\"@type\":\"Organization\",\"@id\":\"https:\\\/\\\/www.data4group.com\\\/pl\\\/#organization\",\"name\":\"DATA4 - Smart datacenters at scale\",\"url\":\"https:\\\/\\\/www.data4group.com\\\/pl\\\/\",\"logo\":{\"@type\":\"ImageObject\",\"inLanguage\":\"pl-PL\",\"@id\":\"https:\\\/\\\/www.data4group.com\\\/pl\\\/#\\\/schema\\\/logo\\\/image\\\/\",\"url\":\"https:\\\/\\\/www.data4group.com\\\/wp-content\\\/uploads\\\/2021\\\/10\\\/data4-logo.svg\",\"contentUrl\":\"https:\\\/\\\/www.data4group.com\\\/wp-content\\\/uploads\\\/2021\\\/10\\\/data4-logo.svg\",\"width\":981,\"height\":558,\"caption\":\"DATA4 - Smart datacenters at scale\"},\"image\":{\"@id\":\"https:\\\/\\\/www.data4group.com\\\/pl\\\/#\\\/schema\\\/logo\\\/image\\\/\"}}]}<\/script>\n<!-- \/ Yoast SEO plugin. -->","yoast_head_json":{"title":"Rozwi\u0105zania dla centr\u00f3w przetwarzania danych, D4 Hosting | DATA4","description":"DATA4 oferuje hosting dostosowany do wymaga\u0144 klient\u00f3w: od wsp\u00f3\u0142dzielonej szafy po niestandardowy wydzielony budynek. Zapewniaj\u0105c wysoki poziom bezpiecze\u0144stwa, wydajno\u015bci i elastyczno\u015bci, centra danych DATA4 pozwalaj\u0105 firmom zarz\u0105dza\u0107 kosztami i zwi\u0119ksza\u0107 ich elastyczno\u015b\u0107.","robots":{"index":"index","follow":"follow","max-snippet":"max-snippet:-1","max-image-preview":"max-image-preview:large","max-video-preview":"max-video-preview:-1"},"canonical":"https:\/\/www.data4group.com\/pl\/nasza-oferta-uslug\/","og_locale":"pl_PL","og_type":"article","og_title":"Rozwi\u0105zania dla centr\u00f3w przetwarzania danych, D4 Hosting | DATA4","og_description":"DATA4 oferuje hosting dostosowany do wymaga\u0144 klient\u00f3w: od wsp\u00f3\u0142dzielonej szafy po niestandardowy wydzielony budynek. Zapewniaj\u0105c wysoki poziom bezpiecze\u0144stwa, wydajno\u015bci i elastyczno\u015bci, centra danych DATA4 pozwalaj\u0105 firmom zarz\u0105dza\u0107 kosztami i zwi\u0119ksza\u0107 ich elastyczno\u015b\u0107.","og_url":"https:\/\/www.data4group.com\/pl\/nasza-oferta-uslug\/","og_site_name":"DATA4 - Smart Data Centers at Scale","article_modified_time":"2022-05-11T08:35:47+00:00","og_image":[{"width":2000,"height":636,"url":"https:\/\/www.data4group.com\/wp-content\/uploads\/2018\/04\/DATA4_MILAN-CAMPUS_DATA-ROOM_1.jpg","type":"image\/jpeg"}],"twitter_card":"summary_large_image","schema":{"@context":"https:\/\/schema.org","@graph":[{"@type":"WebPage","@id":"https:\/\/www.data4group.com\/pl\/nasza-oferta-uslug\/","url":"https:\/\/www.data4group.com\/pl\/nasza-oferta-uslug\/","name":"Rozwi\u0105zania dla centr\u00f3w przetwarzania danych, D4 Hosting | DATA4","isPartOf":{"@id":"https:\/\/www.data4group.com\/pl\/#website"},"primaryImageOfPage":{"@id":"https:\/\/www.data4group.com\/pl\/nasza-oferta-uslug\/#primaryimage"},"image":{"@id":"https:\/\/www.data4group.com\/pl\/nasza-oferta-uslug\/#primaryimage"},"thumbnailUrl":"https:\/\/www.data4group.com\/wp-content\/uploads\/2018\/04\/DATA4_MILAN-CAMPUS_DATA-ROOM_1.jpg","datePublished":"2018-03-22T16:12:59+00:00","dateModified":"2022-05-11T08:35:47+00:00","description":"DATA4 oferuje hosting dostosowany do wymaga\u0144 klient\u00f3w: od wsp\u00f3\u0142dzielonej szafy po niestandardowy wydzielony budynek. Zapewniaj\u0105c wysoki poziom bezpiecze\u0144stwa, wydajno\u015bci i elastyczno\u015bci, centra danych DATA4 pozwalaj\u0105 firmom zarz\u0105dza\u0107 kosztami i zwi\u0119ksza\u0107 ich elastyczno\u015b\u0107.","breadcrumb":{"@id":"https:\/\/www.data4group.com\/pl\/nasza-oferta-uslug\/#breadcrumb"},"inLanguage":"pl-PL","potentialAction":[{"@type":"ReadAction","target":["https:\/\/www.data4group.com\/pl\/nasza-oferta-uslug\/"]}]},{"@type":"ImageObject","inLanguage":"pl-PL","@id":"https:\/\/www.data4group.com\/pl\/nasza-oferta-uslug\/#primaryimage","url":"https:\/\/www.data4group.com\/wp-content\/uploads\/2018\/04\/DATA4_MILAN-CAMPUS_DATA-ROOM_1.jpg","contentUrl":"https:\/\/www.data4group.com\/wp-content\/uploads\/2018\/04\/DATA4_MILAN-CAMPUS_DATA-ROOM_1.jpg","width":2000,"height":636},{"@type":"BreadcrumbList","@id":"https:\/\/www.data4group.com\/pl\/nasza-oferta-uslug\/#breadcrumb","itemListElement":[{"@type":"ListItem","position":1,"name":"Strona g\u0142\u00f3wna","item":"https:\/\/www.data4group.com\/pl\/"},{"@type":"ListItem","position":2,"name":"Nasza oferta us\u0142ug"}]},{"@type":"WebSite","@id":"https:\/\/www.data4group.com\/pl\/#website","url":"https:\/\/www.data4group.com\/pl\/","name":"DATA4 - Smart Data Centers at Scale","description":"Smart Data Centers at Scale","publisher":{"@id":"https:\/\/www.data4group.com\/pl\/#organization"},"potentialAction":[{"@type":"SearchAction","target":{"@type":"EntryPoint","urlTemplate":"https:\/\/www.data4group.com\/pl\/?s={search_term_string}"},"query-input":{"@type":"PropertyValueSpecification","valueRequired":true,"valueName":"search_term_string"}}],"inLanguage":"pl-PL"},{"@type":"Organization","@id":"https:\/\/www.data4group.com\/pl\/#organization","name":"DATA4 - Smart datacenters at scale","url":"https:\/\/www.data4group.com\/pl\/","logo":{"@type":"ImageObject","inLanguage":"pl-PL","@id":"https:\/\/www.data4group.com\/pl\/#\/schema\/logo\/image\/","url":"https:\/\/www.data4group.com\/wp-content\/uploads\/2021\/10\/data4-logo.svg","contentUrl":"https:\/\/www.data4group.com\/wp-content\/uploads\/2021\/10\/data4-logo.svg","width":981,"height":558,"caption":"DATA4 - Smart datacenters at scale"},"image":{"@id":"https:\/\/www.data4group.com\/pl\/#\/schema\/logo\/image\/"}}]}},"_links":{"self":[{"href":"https:\/\/www.data4group.com\/pl\/wp-json\/wp\/v2\/pages\/12549","targetHints":{"allow":["GET"]}}],"collection":[{"href":"https:\/\/www.data4group.com\/pl\/wp-json\/wp\/v2\/pages"}],"about":[{"href":"https:\/\/www.data4group.com\/pl\/wp-json\/wp\/v2\/types\/page"}],"author":[{"embeddable":true,"href":"https:\/\/www.data4group.com\/pl\/wp-json\/wp\/v2\/users\/2"}],"replies":[{"embeddable":true,"href":"https:\/\/www.data4group.com\/pl\/wp-json\/wp\/v2\/comments?post=12549"}],"version-history":[{"count":0,"href":"https:\/\/www.data4group.com\/pl\/wp-json\/wp\/v2\/pages\/12549\/revisions"}],"wp:featuredmedia":[{"embeddable":true,"href":"https:\/\/www.data4group.com\/pl\/wp-json\/wp\/v2\/media\/11908"}],"wp:attachment":[{"href":"https:\/\/www.data4group.com\/pl\/wp-json\/wp\/v2\/media?parent=12549"}],"curies":[{"name":"wp","href":"https:\/\/api.w.org\/{rel}","templated":true}]}}