{"id":12545,"date":"2018-03-22T17:12:32","date_gmt":"2018-03-22T16:12:32","guid":{"rendered":"https:\/\/www.data4group.com\/hybrid-it-services\/"},"modified":"2024-11-19T16:29:31","modified_gmt":"2024-11-19T15:29:31","slug":"chmura-hybrydowa","status":"publish","type":"page","link":"https:\/\/www.data4group.com\/pl\/chmura-hybrydowa\/","title":{"rendered":"Chmura hybrydowa"},"content":{"rendered":"","protected":false},"excerpt":{"rendered":"","protected":false},"author":2,"featured_media":0,"parent":0,"menu_order":0,"comment_status":"closed","ping_status":"closed","template":"template-all-blocks.php","meta":{"_acf_changed":false,"footnotes":""},"class_list":["post-12545","page","type-page","status-publish","hentry"],"acf":[],"yoast_head":"<!-- This site is optimized with the Yoast SEO plugin v27.2 - https:\/\/yoast.com\/product\/yoast-seo-wordpress\/ -->\n<title>Us\u0142ugi Hybrid IT | DATA4<\/title>\n<meta name=\"description\" content=\"DATA4 stworzy\u0142a D4 Digital Hub, aby zapewni\u0107 wsparcie we wdra\u017caniu hybrydowej strategii IT. DATA4 oferuje bezpo\u015bredni, prywatny i bezpieczny dost\u0119p do ponad 145 platform chmury publicznej, a tak\u017ce gotowych do u\u017cycia zasob\u00f3w informacyjnych chmury prywatnej lub pami\u0119ci masowej na \u017c\u0105danie.\" \/>\n<meta name=\"robots\" content=\"index, follow, max-snippet:-1, max-image-preview:large, max-video-preview:-1\" \/>\n<link rel=\"canonical\" href=\"https:\/\/www.data4group.com\/pl\/chmura-hybrydowa\/\" \/>\n<meta property=\"og:locale\" content=\"pl_PL\" \/>\n<meta property=\"og:type\" content=\"article\" \/>\n<meta property=\"og:title\" content=\"Us\u0142ugi Hybrid IT | DATA4\" \/>\n<meta property=\"og:description\" content=\"DATA4 stworzy\u0142a D4 Digital Hub, aby zapewni\u0107 wsparcie we wdra\u017caniu hybrydowej strategii IT. DATA4 oferuje bezpo\u015bredni, prywatny i bezpieczny dost\u0119p do ponad 145 platform chmury publicznej, a tak\u017ce gotowych do u\u017cycia zasob\u00f3w informacyjnych chmury prywatnej lub pami\u0119ci masowej na \u017c\u0105danie.\" \/>\n<meta property=\"og:url\" content=\"https:\/\/www.data4group.com\/pl\/chmura-hybrydowa\/\" \/>\n<meta property=\"og:site_name\" content=\"DATA4 - Smart Data Centers at Scale\" \/>\n<meta property=\"article:modified_time\" content=\"2024-11-19T15:29:31+00:00\" \/>\n<meta name=\"twitter:card\" content=\"summary_large_image\" \/>\n<script type=\"application\/ld+json\" class=\"yoast-schema-graph\">{\"@context\":\"https:\/\/schema.org\",\"@graph\":[{\"@type\":\"WebPage\",\"@id\":\"https:\/\/www.data4group.com\/pl\/chmura-hybrydowa\/\",\"url\":\"https:\/\/www.data4group.com\/pl\/chmura-hybrydowa\/\",\"name\":\"Us\u0142ugi Hybrid IT | DATA4\",\"isPartOf\":{\"@id\":\"https:\/\/www.data4group.com\/pl\/#website\"},\"datePublished\":\"2018-03-22T16:12:32+00:00\",\"dateModified\":\"2024-11-19T15:29:31+00:00\",\"description\":\"DATA4 stworzy\u0142a D4 Digital Hub, aby zapewni\u0107 wsparcie we wdra\u017caniu hybrydowej strategii IT. DATA4 oferuje bezpo\u015bredni, prywatny i bezpieczny dost\u0119p do ponad 145 platform chmury publicznej, a tak\u017ce gotowych do u\u017cycia zasob\u00f3w informacyjnych chmury prywatnej lub pami\u0119ci masowej na \u017c\u0105danie.\",\"breadcrumb\":{\"@id\":\"https:\/\/www.data4group.com\/pl\/chmura-hybrydowa\/#breadcrumb\"},\"inLanguage\":\"pl-PL\",\"potentialAction\":[{\"@type\":\"ReadAction\",\"target\":[\"https:\/\/www.data4group.com\/pl\/chmura-hybrydowa\/\"]}]},{\"@type\":\"BreadcrumbList\",\"@id\":\"https:\/\/www.data4group.com\/pl\/chmura-hybrydowa\/#breadcrumb\",\"itemListElement\":[{\"@type\":\"ListItem\",\"position\":1,\"name\":\"Strona g\u0142\u00f3wna\",\"item\":\"https:\/\/www.data4group.com\/pl\/\"},{\"@type\":\"ListItem\",\"position\":2,\"name\":\"Chmura hybrydowa\"}]},{\"@type\":\"WebSite\",\"@id\":\"https:\/\/www.data4group.com\/pl\/#website\",\"url\":\"https:\/\/www.data4group.com\/pl\/\",\"name\":\"DATA4 - Smart Data Centers at Scale\",\"description\":\"Smart Data Centers at Scale\",\"publisher\":{\"@id\":\"https:\/\/www.data4group.com\/pl\/#organization\"},\"potentialAction\":[{\"@type\":\"SearchAction\",\"target\":{\"@type\":\"EntryPoint\",\"urlTemplate\":\"https:\/\/www.data4group.com\/pl\/?s={search_term_string}\"},\"query-input\":{\"@type\":\"PropertyValueSpecification\",\"valueRequired\":true,\"valueName\":\"search_term_string\"}}],\"inLanguage\":\"pl-PL\"},{\"@type\":\"Organization\",\"@id\":\"https:\/\/www.data4group.com\/pl\/#organization\",\"name\":\"DATA4 - Smart datacenters at scale\",\"url\":\"https:\/\/www.data4group.com\/pl\/\",\"logo\":{\"@type\":\"ImageObject\",\"inLanguage\":\"pl-PL\",\"@id\":\"https:\/\/www.data4group.com\/pl\/#\/schema\/logo\/image\/\",\"url\":\"https:\/\/www.data4group.com\/wp-content\/uploads\/2021\/10\/data4-logo.svg\",\"contentUrl\":\"https:\/\/www.data4group.com\/wp-content\/uploads\/2021\/10\/data4-logo.svg\",\"width\":981,\"height\":558,\"caption\":\"DATA4 - Smart datacenters at scale\"},\"image\":{\"@id\":\"https:\/\/www.data4group.com\/pl\/#\/schema\/logo\/image\/\"}}]}<\/script>\n<!-- \/ Yoast SEO plugin. -->","yoast_head_json":{"title":"Us\u0142ugi Hybrid IT | DATA4","description":"DATA4 stworzy\u0142a D4 Digital Hub, aby zapewni\u0107 wsparcie we wdra\u017caniu hybrydowej strategii IT. DATA4 oferuje bezpo\u015bredni, prywatny i bezpieczny dost\u0119p do ponad 145 platform chmury publicznej, a tak\u017ce gotowych do u\u017cycia zasob\u00f3w informacyjnych chmury prywatnej lub pami\u0119ci masowej na \u017c\u0105danie.","robots":{"index":"index","follow":"follow","max-snippet":"max-snippet:-1","max-image-preview":"max-image-preview:large","max-video-preview":"max-video-preview:-1"},"canonical":"https:\/\/www.data4group.com\/pl\/chmura-hybrydowa\/","og_locale":"pl_PL","og_type":"article","og_title":"Us\u0142ugi Hybrid IT | DATA4","og_description":"DATA4 stworzy\u0142a D4 Digital Hub, aby zapewni\u0107 wsparcie we wdra\u017caniu hybrydowej strategii IT. DATA4 oferuje bezpo\u015bredni, prywatny i bezpieczny dost\u0119p do ponad 145 platform chmury publicznej, a tak\u017ce gotowych do u\u017cycia zasob\u00f3w informacyjnych chmury prywatnej lub pami\u0119ci masowej na \u017c\u0105danie.","og_url":"https:\/\/www.data4group.com\/pl\/chmura-hybrydowa\/","og_site_name":"DATA4 - Smart Data Centers at Scale","article_modified_time":"2024-11-19T15:29:31+00:00","twitter_card":"summary_large_image","schema":{"@context":"https:\/\/schema.org","@graph":[{"@type":"WebPage","@id":"https:\/\/www.data4group.com\/pl\/chmura-hybrydowa\/","url":"https:\/\/www.data4group.com\/pl\/chmura-hybrydowa\/","name":"Us\u0142ugi Hybrid IT | DATA4","isPartOf":{"@id":"https:\/\/www.data4group.com\/pl\/#website"},"datePublished":"2018-03-22T16:12:32+00:00","dateModified":"2024-11-19T15:29:31+00:00","description":"DATA4 stworzy\u0142a D4 Digital Hub, aby zapewni\u0107 wsparcie we wdra\u017caniu hybrydowej strategii IT. DATA4 oferuje bezpo\u015bredni, prywatny i bezpieczny dost\u0119p do ponad 145 platform chmury publicznej, a tak\u017ce gotowych do u\u017cycia zasob\u00f3w informacyjnych chmury prywatnej lub pami\u0119ci masowej na \u017c\u0105danie.","breadcrumb":{"@id":"https:\/\/www.data4group.com\/pl\/chmura-hybrydowa\/#breadcrumb"},"inLanguage":"pl-PL","potentialAction":[{"@type":"ReadAction","target":["https:\/\/www.data4group.com\/pl\/chmura-hybrydowa\/"]}]},{"@type":"BreadcrumbList","@id":"https:\/\/www.data4group.com\/pl\/chmura-hybrydowa\/#breadcrumb","itemListElement":[{"@type":"ListItem","position":1,"name":"Strona g\u0142\u00f3wna","item":"https:\/\/www.data4group.com\/pl\/"},{"@type":"ListItem","position":2,"name":"Chmura hybrydowa"}]},{"@type":"WebSite","@id":"https:\/\/www.data4group.com\/pl\/#website","url":"https:\/\/www.data4group.com\/pl\/","name":"DATA4 - Smart Data Centers at Scale","description":"Smart Data Centers at Scale","publisher":{"@id":"https:\/\/www.data4group.com\/pl\/#organization"},"potentialAction":[{"@type":"SearchAction","target":{"@type":"EntryPoint","urlTemplate":"https:\/\/www.data4group.com\/pl\/?s={search_term_string}"},"query-input":{"@type":"PropertyValueSpecification","valueRequired":true,"valueName":"search_term_string"}}],"inLanguage":"pl-PL"},{"@type":"Organization","@id":"https:\/\/www.data4group.com\/pl\/#organization","name":"DATA4 - Smart datacenters at scale","url":"https:\/\/www.data4group.com\/pl\/","logo":{"@type":"ImageObject","inLanguage":"pl-PL","@id":"https:\/\/www.data4group.com\/pl\/#\/schema\/logo\/image\/","url":"https:\/\/www.data4group.com\/wp-content\/uploads\/2021\/10\/data4-logo.svg","contentUrl":"https:\/\/www.data4group.com\/wp-content\/uploads\/2021\/10\/data4-logo.svg","width":981,"height":558,"caption":"DATA4 - Smart datacenters at scale"},"image":{"@id":"https:\/\/www.data4group.com\/pl\/#\/schema\/logo\/image\/"}}]}},"_links":{"self":[{"href":"https:\/\/www.data4group.com\/pl\/wp-json\/wp\/v2\/pages\/12545","targetHints":{"allow":["GET"]}}],"collection":[{"href":"https:\/\/www.data4group.com\/pl\/wp-json\/wp\/v2\/pages"}],"about":[{"href":"https:\/\/www.data4group.com\/pl\/wp-json\/wp\/v2\/types\/page"}],"author":[{"embeddable":true,"href":"https:\/\/www.data4group.com\/pl\/wp-json\/wp\/v2\/users\/2"}],"replies":[{"embeddable":true,"href":"https:\/\/www.data4group.com\/pl\/wp-json\/wp\/v2\/comments?post=12545"}],"version-history":[{"count":0,"href":"https:\/\/www.data4group.com\/pl\/wp-json\/wp\/v2\/pages\/12545\/revisions"}],"wp:attachment":[{"href":"https:\/\/www.data4group.com\/pl\/wp-json\/wp\/v2\/media?parent=12545"}],"curies":[{"name":"wp","href":"https:\/\/api.w.org\/{rel}","templated":true}]}}