{"id":12542,"date":"2018-03-28T09:51:52","date_gmt":"2018-03-28T09:51:52","guid":{"rendered":"https:\/\/www.data4group.com\/data-center-hub-d4-hub-cloud\/"},"modified":"2022-05-11T08:35:39","modified_gmt":"2022-05-11T08:35:39","slug":"d4-hub-cloud","status":"publish","type":"page","link":"https:\/\/www.data4group.com\/pl\/d4-hub-cloud\/","title":{"rendered":"D4 Hub Cloud"},"content":{"rendered":"","protected":false},"excerpt":{"rendered":"","protected":false},"author":2,"featured_media":0,"parent":0,"menu_order":0,"comment_status":"closed","ping_status":"closed","template":"template-all-blocks.php","meta":{"_acf_changed":false,"footnotes":""},"class_list":["post-12542","page","type-page","status-publish","hentry"],"acf":[],"yoast_head":"<!-- This site is optimized with the Yoast SEO plugin v27.4 - https:\/\/yoast.com\/product\/yoast-seo-wordpress\/ -->\n<title>Data Center Hub D4 Cloud Hub | DATA4<\/title>\n<meta name=\"description\" content=\"D4 Cloud Hub: kampusy centr\u00f3w danych DATA4 wyposa\u017cono w sieci bezpo\u015brednio po\u0142\u0105czone z ponad 150 platformami chmurowymi, w tym z wiod\u0105cymi na \u015bwiecie platformami chmury publicznej. Nasi klienci korzystaj\u0105 z bezpo\u015bredniej i bezpiecznej \u0142\u0105czno\u015bci z platformami chmury publicznej.\" \/>\n<meta name=\"robots\" content=\"index, follow, max-snippet:-1, max-image-preview:large, max-video-preview:-1\" \/>\n<link rel=\"canonical\" href=\"https:\/\/www.data4group.com\/pl\/d4-hub-cloud\/\" \/>\n<meta property=\"og:locale\" content=\"pl_PL\" \/>\n<meta property=\"og:type\" content=\"article\" \/>\n<meta property=\"og:title\" content=\"Data Center Hub D4 Cloud Hub | DATA4\" \/>\n<meta property=\"og:description\" content=\"D4 Cloud Hub: kampusy centr\u00f3w danych DATA4 wyposa\u017cono w sieci bezpo\u015brednio po\u0142\u0105czone z ponad 150 platformami chmurowymi, w tym z wiod\u0105cymi na \u015bwiecie platformami chmury publicznej. Nasi klienci korzystaj\u0105 z bezpo\u015bredniej i bezpiecznej \u0142\u0105czno\u015bci z platformami chmury publicznej.\" \/>\n<meta property=\"og:url\" content=\"https:\/\/www.data4group.com\/pl\/d4-hub-cloud\/\" \/>\n<meta property=\"og:site_name\" content=\"DATA4 - Smart Data Centers at Scale\" \/>\n<meta property=\"article:modified_time\" content=\"2022-05-11T08:35:39+00:00\" \/>\n<meta name=\"twitter:card\" content=\"summary_large_image\" \/>\n<script type=\"application\/ld+json\" class=\"yoast-schema-graph\">{\"@context\":\"https:\\\/\\\/schema.org\",\"@graph\":[{\"@type\":\"WebPage\",\"@id\":\"https:\\\/\\\/www.data4group.com\\\/pl\\\/d4-hub-cloud\\\/\",\"url\":\"https:\\\/\\\/www.data4group.com\\\/pl\\\/d4-hub-cloud\\\/\",\"name\":\"Data Center Hub D4 Cloud Hub | DATA4\",\"isPartOf\":{\"@id\":\"https:\\\/\\\/www.data4group.com\\\/pl\\\/#website\"},\"datePublished\":\"2018-03-28T09:51:52+00:00\",\"dateModified\":\"2022-05-11T08:35:39+00:00\",\"description\":\"D4 Cloud Hub: kampusy centr\u00f3w danych DATA4 wyposa\u017cono w sieci bezpo\u015brednio po\u0142\u0105czone z ponad 150 platformami chmurowymi, w tym z wiod\u0105cymi na \u015bwiecie platformami chmury publicznej. Nasi klienci korzystaj\u0105 z bezpo\u015bredniej i bezpiecznej \u0142\u0105czno\u015bci z platformami chmury publicznej.\",\"breadcrumb\":{\"@id\":\"https:\\\/\\\/www.data4group.com\\\/pl\\\/d4-hub-cloud\\\/#breadcrumb\"},\"inLanguage\":\"pl-PL\",\"potentialAction\":[{\"@type\":\"ReadAction\",\"target\":[\"https:\\\/\\\/www.data4group.com\\\/pl\\\/d4-hub-cloud\\\/\"]}]},{\"@type\":\"BreadcrumbList\",\"@id\":\"https:\\\/\\\/www.data4group.com\\\/pl\\\/d4-hub-cloud\\\/#breadcrumb\",\"itemListElement\":[{\"@type\":\"ListItem\",\"position\":1,\"name\":\"Strona g\u0142\u00f3wna\",\"item\":\"https:\\\/\\\/www.data4group.com\\\/pl\\\/\"},{\"@type\":\"ListItem\",\"position\":2,\"name\":\"D4 Hub Cloud\"}]},{\"@type\":\"WebSite\",\"@id\":\"https:\\\/\\\/www.data4group.com\\\/pl\\\/#website\",\"url\":\"https:\\\/\\\/www.data4group.com\\\/pl\\\/\",\"name\":\"DATA4 - Smart Data Centers at Scale\",\"description\":\"Smart Data Centers at Scale\",\"publisher\":{\"@id\":\"https:\\\/\\\/www.data4group.com\\\/pl\\\/#organization\"},\"potentialAction\":[{\"@type\":\"SearchAction\",\"target\":{\"@type\":\"EntryPoint\",\"urlTemplate\":\"https:\\\/\\\/www.data4group.com\\\/pl\\\/?s={search_term_string}\"},\"query-input\":{\"@type\":\"PropertyValueSpecification\",\"valueRequired\":true,\"valueName\":\"search_term_string\"}}],\"inLanguage\":\"pl-PL\"},{\"@type\":\"Organization\",\"@id\":\"https:\\\/\\\/www.data4group.com\\\/pl\\\/#organization\",\"name\":\"DATA4 - Smart datacenters at scale\",\"url\":\"https:\\\/\\\/www.data4group.com\\\/pl\\\/\",\"logo\":{\"@type\":\"ImageObject\",\"inLanguage\":\"pl-PL\",\"@id\":\"https:\\\/\\\/www.data4group.com\\\/pl\\\/#\\\/schema\\\/logo\\\/image\\\/\",\"url\":\"https:\\\/\\\/www.data4group.com\\\/wp-content\\\/uploads\\\/2021\\\/10\\\/data4-logo.svg\",\"contentUrl\":\"https:\\\/\\\/www.data4group.com\\\/wp-content\\\/uploads\\\/2021\\\/10\\\/data4-logo.svg\",\"width\":981,\"height\":558,\"caption\":\"DATA4 - Smart datacenters at scale\"},\"image\":{\"@id\":\"https:\\\/\\\/www.data4group.com\\\/pl\\\/#\\\/schema\\\/logo\\\/image\\\/\"}}]}<\/script>\n<!-- \/ Yoast SEO plugin. -->","yoast_head_json":{"title":"Data Center Hub D4 Cloud Hub | DATA4","description":"D4 Cloud Hub: kampusy centr\u00f3w danych DATA4 wyposa\u017cono w sieci bezpo\u015brednio po\u0142\u0105czone z ponad 150 platformami chmurowymi, w tym z wiod\u0105cymi na \u015bwiecie platformami chmury publicznej. Nasi klienci korzystaj\u0105 z bezpo\u015bredniej i bezpiecznej \u0142\u0105czno\u015bci z platformami chmury publicznej.","robots":{"index":"index","follow":"follow","max-snippet":"max-snippet:-1","max-image-preview":"max-image-preview:large","max-video-preview":"max-video-preview:-1"},"canonical":"https:\/\/www.data4group.com\/pl\/d4-hub-cloud\/","og_locale":"pl_PL","og_type":"article","og_title":"Data Center Hub D4 Cloud Hub | DATA4","og_description":"D4 Cloud Hub: kampusy centr\u00f3w danych DATA4 wyposa\u017cono w sieci bezpo\u015brednio po\u0142\u0105czone z ponad 150 platformami chmurowymi, w tym z wiod\u0105cymi na \u015bwiecie platformami chmury publicznej. Nasi klienci korzystaj\u0105 z bezpo\u015bredniej i bezpiecznej \u0142\u0105czno\u015bci z platformami chmury publicznej.","og_url":"https:\/\/www.data4group.com\/pl\/d4-hub-cloud\/","og_site_name":"DATA4 - Smart Data Centers at Scale","article_modified_time":"2022-05-11T08:35:39+00:00","twitter_card":"summary_large_image","schema":{"@context":"https:\/\/schema.org","@graph":[{"@type":"WebPage","@id":"https:\/\/www.data4group.com\/pl\/d4-hub-cloud\/","url":"https:\/\/www.data4group.com\/pl\/d4-hub-cloud\/","name":"Data Center Hub D4 Cloud Hub | DATA4","isPartOf":{"@id":"https:\/\/www.data4group.com\/pl\/#website"},"datePublished":"2018-03-28T09:51:52+00:00","dateModified":"2022-05-11T08:35:39+00:00","description":"D4 Cloud Hub: kampusy centr\u00f3w danych DATA4 wyposa\u017cono w sieci bezpo\u015brednio po\u0142\u0105czone z ponad 150 platformami chmurowymi, w tym z wiod\u0105cymi na \u015bwiecie platformami chmury publicznej. Nasi klienci korzystaj\u0105 z bezpo\u015bredniej i bezpiecznej \u0142\u0105czno\u015bci z platformami chmury publicznej.","breadcrumb":{"@id":"https:\/\/www.data4group.com\/pl\/d4-hub-cloud\/#breadcrumb"},"inLanguage":"pl-PL","potentialAction":[{"@type":"ReadAction","target":["https:\/\/www.data4group.com\/pl\/d4-hub-cloud\/"]}]},{"@type":"BreadcrumbList","@id":"https:\/\/www.data4group.com\/pl\/d4-hub-cloud\/#breadcrumb","itemListElement":[{"@type":"ListItem","position":1,"name":"Strona g\u0142\u00f3wna","item":"https:\/\/www.data4group.com\/pl\/"},{"@type":"ListItem","position":2,"name":"D4 Hub Cloud"}]},{"@type":"WebSite","@id":"https:\/\/www.data4group.com\/pl\/#website","url":"https:\/\/www.data4group.com\/pl\/","name":"DATA4 - Smart Data Centers at Scale","description":"Smart Data Centers at Scale","publisher":{"@id":"https:\/\/www.data4group.com\/pl\/#organization"},"potentialAction":[{"@type":"SearchAction","target":{"@type":"EntryPoint","urlTemplate":"https:\/\/www.data4group.com\/pl\/?s={search_term_string}"},"query-input":{"@type":"PropertyValueSpecification","valueRequired":true,"valueName":"search_term_string"}}],"inLanguage":"pl-PL"},{"@type":"Organization","@id":"https:\/\/www.data4group.com\/pl\/#organization","name":"DATA4 - Smart datacenters at scale","url":"https:\/\/www.data4group.com\/pl\/","logo":{"@type":"ImageObject","inLanguage":"pl-PL","@id":"https:\/\/www.data4group.com\/pl\/#\/schema\/logo\/image\/","url":"https:\/\/www.data4group.com\/wp-content\/uploads\/2021\/10\/data4-logo.svg","contentUrl":"https:\/\/www.data4group.com\/wp-content\/uploads\/2021\/10\/data4-logo.svg","width":981,"height":558,"caption":"DATA4 - Smart datacenters at scale"},"image":{"@id":"https:\/\/www.data4group.com\/pl\/#\/schema\/logo\/image\/"}}]}},"_links":{"self":[{"href":"https:\/\/www.data4group.com\/pl\/wp-json\/wp\/v2\/pages\/12542","targetHints":{"allow":["GET"]}}],"collection":[{"href":"https:\/\/www.data4group.com\/pl\/wp-json\/wp\/v2\/pages"}],"about":[{"href":"https:\/\/www.data4group.com\/pl\/wp-json\/wp\/v2\/types\/page"}],"author":[{"embeddable":true,"href":"https:\/\/www.data4group.com\/pl\/wp-json\/wp\/v2\/users\/2"}],"replies":[{"embeddable":true,"href":"https:\/\/www.data4group.com\/pl\/wp-json\/wp\/v2\/comments?post=12542"}],"version-history":[{"count":0,"href":"https:\/\/www.data4group.com\/pl\/wp-json\/wp\/v2\/pages\/12542\/revisions"}],"wp:attachment":[{"href":"https:\/\/www.data4group.com\/pl\/wp-json\/wp\/v2\/media?parent=12542"}],"curies":[{"name":"wp","href":"https:\/\/api.w.org\/{rel}","templated":true}]}}