{"id":12541,"date":"2018-03-15T12:09:09","date_gmt":"2018-03-15T12:09:09","guid":{"rendered":"https:\/\/www.data4group.com\/lacznosc-sieciowa\/"},"modified":"2022-05-11T08:35:46","modified_gmt":"2022-05-11T08:35:46","slug":"lacznosc-sieciowa","status":"publish","type":"page","link":"https:\/\/www.data4group.com\/pl\/lacznosc-sieciowa\/","title":{"rendered":"\u0141\u0105czno\u015b\u0107"},"content":{"rendered":"","protected":false},"excerpt":{"rendered":"","protected":false},"author":2,"featured_media":0,"parent":0,"menu_order":0,"comment_status":"closed","ping_status":"closed","template":"template-all-blocks.php","meta":{"_acf_changed":false,"footnotes":""},"class_list":["post-12541","page","type-page","status-publish","hentry"],"acf":[],"yoast_head":"<!-- This site is optimized with the Yoast SEO plugin v27.4 - https:\/\/yoast.com\/product\/yoast-seo-wordpress\/ -->\n<title>\u0141\u0105czno\u015b\u0107 sieciowa | DATA4<\/title>\n<meta name=\"description\" content=\"Kampusy DATA4 s\u0105 po\u0142\u0105czone dzi\u0119ki zastosowaniu wielkoskalowej infrastruktury, obejmuj\u0105cej wiele fizycznych i w pe\u0142ni niezale\u017cnych po\u0142\u0105cze\u0144. \u0141\u0105czno\u015b\u0107 sieciow\u0105 zapewnia kilkaset ciemnych w\u0142\u00f3kien \u015bwiat\u0142owodowych \u0142\u0105cz\u0105cych sieci metropolitalne operator\u00f3w mi\u0119dzy Pary\u017cem-Marcoussis, Mediolanem i Luksemburgiem.\" \/>\n<meta name=\"robots\" content=\"index, follow, max-snippet:-1, max-image-preview:large, max-video-preview:-1\" \/>\n<link rel=\"canonical\" href=\"https:\/\/www.data4group.com\/pl\/lacznosc-sieciowa\/\" \/>\n<meta property=\"og:locale\" content=\"pl_PL\" \/>\n<meta property=\"og:type\" content=\"article\" \/>\n<meta property=\"og:title\" content=\"\u0141\u0105czno\u015b\u0107 sieciowa | DATA4\" \/>\n<meta property=\"og:description\" content=\"Kampusy DATA4 s\u0105 po\u0142\u0105czone dzi\u0119ki zastosowaniu wielkoskalowej infrastruktury, obejmuj\u0105cej wiele fizycznych i w pe\u0142ni niezale\u017cnych po\u0142\u0105cze\u0144. \u0141\u0105czno\u015b\u0107 sieciow\u0105 zapewnia kilkaset ciemnych w\u0142\u00f3kien \u015bwiat\u0142owodowych \u0142\u0105cz\u0105cych sieci metropolitalne operator\u00f3w mi\u0119dzy Pary\u017cem-Marcoussis, Mediolanem i Luksemburgiem.\" \/>\n<meta property=\"og:url\" content=\"https:\/\/www.data4group.com\/pl\/lacznosc-sieciowa\/\" \/>\n<meta property=\"og:site_name\" content=\"DATA4 - Smart Data Centers at Scale\" \/>\n<meta property=\"article:modified_time\" content=\"2022-05-11T08:35:46+00:00\" \/>\n<meta name=\"twitter:card\" content=\"summary_large_image\" \/>\n<script type=\"application\/ld+json\" class=\"yoast-schema-graph\">{\"@context\":\"https:\\\/\\\/schema.org\",\"@graph\":[{\"@type\":\"WebPage\",\"@id\":\"https:\\\/\\\/www.data4group.com\\\/pl\\\/lacznosc-sieciowa\\\/\",\"url\":\"https:\\\/\\\/www.data4group.com\\\/pl\\\/lacznosc-sieciowa\\\/\",\"name\":\"\u0141\u0105czno\u015b\u0107 sieciowa | DATA4\",\"isPartOf\":{\"@id\":\"https:\\\/\\\/www.data4group.com\\\/pl\\\/#website\"},\"datePublished\":\"2018-03-15T12:09:09+00:00\",\"dateModified\":\"2022-05-11T08:35:46+00:00\",\"description\":\"Kampusy DATA4 s\u0105 po\u0142\u0105czone dzi\u0119ki zastosowaniu wielkoskalowej infrastruktury, obejmuj\u0105cej wiele fizycznych i w pe\u0142ni niezale\u017cnych po\u0142\u0105cze\u0144. \u0141\u0105czno\u015b\u0107 sieciow\u0105 zapewnia kilkaset ciemnych w\u0142\u00f3kien \u015bwiat\u0142owodowych \u0142\u0105cz\u0105cych sieci metropolitalne operator\u00f3w mi\u0119dzy Pary\u017cem-Marcoussis, Mediolanem i Luksemburgiem.\",\"breadcrumb\":{\"@id\":\"https:\\\/\\\/www.data4group.com\\\/pl\\\/lacznosc-sieciowa\\\/#breadcrumb\"},\"inLanguage\":\"pl-PL\",\"potentialAction\":[{\"@type\":\"ReadAction\",\"target\":[\"https:\\\/\\\/www.data4group.com\\\/pl\\\/lacznosc-sieciowa\\\/\"]}]},{\"@type\":\"BreadcrumbList\",\"@id\":\"https:\\\/\\\/www.data4group.com\\\/pl\\\/lacznosc-sieciowa\\\/#breadcrumb\",\"itemListElement\":[{\"@type\":\"ListItem\",\"position\":1,\"name\":\"Strona g\u0142\u00f3wna\",\"item\":\"https:\\\/\\\/www.data4group.com\\\/pl\\\/\"},{\"@type\":\"ListItem\",\"position\":2,\"name\":\"\u0141\u0105czno\u015b\u0107\"}]},{\"@type\":\"WebSite\",\"@id\":\"https:\\\/\\\/www.data4group.com\\\/pl\\\/#website\",\"url\":\"https:\\\/\\\/www.data4group.com\\\/pl\\\/\",\"name\":\"DATA4 - Smart Data Centers at Scale\",\"description\":\"Smart Data Centers at Scale\",\"publisher\":{\"@id\":\"https:\\\/\\\/www.data4group.com\\\/pl\\\/#organization\"},\"potentialAction\":[{\"@type\":\"SearchAction\",\"target\":{\"@type\":\"EntryPoint\",\"urlTemplate\":\"https:\\\/\\\/www.data4group.com\\\/pl\\\/?s={search_term_string}\"},\"query-input\":{\"@type\":\"PropertyValueSpecification\",\"valueRequired\":true,\"valueName\":\"search_term_string\"}}],\"inLanguage\":\"pl-PL\"},{\"@type\":\"Organization\",\"@id\":\"https:\\\/\\\/www.data4group.com\\\/pl\\\/#organization\",\"name\":\"DATA4 - Smart datacenters at scale\",\"url\":\"https:\\\/\\\/www.data4group.com\\\/pl\\\/\",\"logo\":{\"@type\":\"ImageObject\",\"inLanguage\":\"pl-PL\",\"@id\":\"https:\\\/\\\/www.data4group.com\\\/pl\\\/#\\\/schema\\\/logo\\\/image\\\/\",\"url\":\"https:\\\/\\\/www.data4group.com\\\/wp-content\\\/uploads\\\/2021\\\/10\\\/data4-logo.svg\",\"contentUrl\":\"https:\\\/\\\/www.data4group.com\\\/wp-content\\\/uploads\\\/2021\\\/10\\\/data4-logo.svg\",\"width\":981,\"height\":558,\"caption\":\"DATA4 - Smart datacenters at scale\"},\"image\":{\"@id\":\"https:\\\/\\\/www.data4group.com\\\/pl\\\/#\\\/schema\\\/logo\\\/image\\\/\"}}]}<\/script>\n<!-- \/ Yoast SEO plugin. -->","yoast_head_json":{"title":"\u0141\u0105czno\u015b\u0107 sieciowa | DATA4","description":"Kampusy DATA4 s\u0105 po\u0142\u0105czone dzi\u0119ki zastosowaniu wielkoskalowej infrastruktury, obejmuj\u0105cej wiele fizycznych i w pe\u0142ni niezale\u017cnych po\u0142\u0105cze\u0144. \u0141\u0105czno\u015b\u0107 sieciow\u0105 zapewnia kilkaset ciemnych w\u0142\u00f3kien \u015bwiat\u0142owodowych \u0142\u0105cz\u0105cych sieci metropolitalne operator\u00f3w mi\u0119dzy Pary\u017cem-Marcoussis, Mediolanem i Luksemburgiem.","robots":{"index":"index","follow":"follow","max-snippet":"max-snippet:-1","max-image-preview":"max-image-preview:large","max-video-preview":"max-video-preview:-1"},"canonical":"https:\/\/www.data4group.com\/pl\/lacznosc-sieciowa\/","og_locale":"pl_PL","og_type":"article","og_title":"\u0141\u0105czno\u015b\u0107 sieciowa | DATA4","og_description":"Kampusy DATA4 s\u0105 po\u0142\u0105czone dzi\u0119ki zastosowaniu wielkoskalowej infrastruktury, obejmuj\u0105cej wiele fizycznych i w pe\u0142ni niezale\u017cnych po\u0142\u0105cze\u0144. \u0141\u0105czno\u015b\u0107 sieciow\u0105 zapewnia kilkaset ciemnych w\u0142\u00f3kien \u015bwiat\u0142owodowych \u0142\u0105cz\u0105cych sieci metropolitalne operator\u00f3w mi\u0119dzy Pary\u017cem-Marcoussis, Mediolanem i Luksemburgiem.","og_url":"https:\/\/www.data4group.com\/pl\/lacznosc-sieciowa\/","og_site_name":"DATA4 - Smart Data Centers at Scale","article_modified_time":"2022-05-11T08:35:46+00:00","twitter_card":"summary_large_image","schema":{"@context":"https:\/\/schema.org","@graph":[{"@type":"WebPage","@id":"https:\/\/www.data4group.com\/pl\/lacznosc-sieciowa\/","url":"https:\/\/www.data4group.com\/pl\/lacznosc-sieciowa\/","name":"\u0141\u0105czno\u015b\u0107 sieciowa | DATA4","isPartOf":{"@id":"https:\/\/www.data4group.com\/pl\/#website"},"datePublished":"2018-03-15T12:09:09+00:00","dateModified":"2022-05-11T08:35:46+00:00","description":"Kampusy DATA4 s\u0105 po\u0142\u0105czone dzi\u0119ki zastosowaniu wielkoskalowej infrastruktury, obejmuj\u0105cej wiele fizycznych i w pe\u0142ni niezale\u017cnych po\u0142\u0105cze\u0144. \u0141\u0105czno\u015b\u0107 sieciow\u0105 zapewnia kilkaset ciemnych w\u0142\u00f3kien \u015bwiat\u0142owodowych \u0142\u0105cz\u0105cych sieci metropolitalne operator\u00f3w mi\u0119dzy Pary\u017cem-Marcoussis, Mediolanem i Luksemburgiem.","breadcrumb":{"@id":"https:\/\/www.data4group.com\/pl\/lacznosc-sieciowa\/#breadcrumb"},"inLanguage":"pl-PL","potentialAction":[{"@type":"ReadAction","target":["https:\/\/www.data4group.com\/pl\/lacznosc-sieciowa\/"]}]},{"@type":"BreadcrumbList","@id":"https:\/\/www.data4group.com\/pl\/lacznosc-sieciowa\/#breadcrumb","itemListElement":[{"@type":"ListItem","position":1,"name":"Strona g\u0142\u00f3wna","item":"https:\/\/www.data4group.com\/pl\/"},{"@type":"ListItem","position":2,"name":"\u0141\u0105czno\u015b\u0107"}]},{"@type":"WebSite","@id":"https:\/\/www.data4group.com\/pl\/#website","url":"https:\/\/www.data4group.com\/pl\/","name":"DATA4 - Smart Data Centers at Scale","description":"Smart Data Centers at Scale","publisher":{"@id":"https:\/\/www.data4group.com\/pl\/#organization"},"potentialAction":[{"@type":"SearchAction","target":{"@type":"EntryPoint","urlTemplate":"https:\/\/www.data4group.com\/pl\/?s={search_term_string}"},"query-input":{"@type":"PropertyValueSpecification","valueRequired":true,"valueName":"search_term_string"}}],"inLanguage":"pl-PL"},{"@type":"Organization","@id":"https:\/\/www.data4group.com\/pl\/#organization","name":"DATA4 - Smart datacenters at scale","url":"https:\/\/www.data4group.com\/pl\/","logo":{"@type":"ImageObject","inLanguage":"pl-PL","@id":"https:\/\/www.data4group.com\/pl\/#\/schema\/logo\/image\/","url":"https:\/\/www.data4group.com\/wp-content\/uploads\/2021\/10\/data4-logo.svg","contentUrl":"https:\/\/www.data4group.com\/wp-content\/uploads\/2021\/10\/data4-logo.svg","width":981,"height":558,"caption":"DATA4 - Smart datacenters at scale"},"image":{"@id":"https:\/\/www.data4group.com\/pl\/#\/schema\/logo\/image\/"}}]}},"_links":{"self":[{"href":"https:\/\/www.data4group.com\/pl\/wp-json\/wp\/v2\/pages\/12541","targetHints":{"allow":["GET"]}}],"collection":[{"href":"https:\/\/www.data4group.com\/pl\/wp-json\/wp\/v2\/pages"}],"about":[{"href":"https:\/\/www.data4group.com\/pl\/wp-json\/wp\/v2\/types\/page"}],"author":[{"embeddable":true,"href":"https:\/\/www.data4group.com\/pl\/wp-json\/wp\/v2\/users\/2"}],"replies":[{"embeddable":true,"href":"https:\/\/www.data4group.com\/pl\/wp-json\/wp\/v2\/comments?post=12541"}],"version-history":[{"count":0,"href":"https:\/\/www.data4group.com\/pl\/wp-json\/wp\/v2\/pages\/12541\/revisions"}],"wp:attachment":[{"href":"https:\/\/www.data4group.com\/pl\/wp-json\/wp\/v2\/media?parent=12541"}],"curies":[{"name":"wp","href":"https:\/\/api.w.org\/{rel}","templated":true}]}}