{"id":4754,"date":"2018-04-02T13:09:06","date_gmt":"2018-04-02T13:09:06","guid":{"rendered":"https:\/\/preproddata4.punchify.me\/mentions-legales\/"},"modified":"2022-05-11T08:35:15","modified_gmt":"2022-05-11T08:35:15","slug":"note-legali","status":"publish","type":"page","link":"https:\/\/www.data4group.com\/it\/note-legali\/","title":{"rendered":"Note Legali"},"content":{"rendered":"<p><strong>EDITORE DEL SITO<\/strong><\/p>\n<p>Ragione sociale: Soci\u00e9t\u00e9 par Actions Simplifi\u00e9e Unipersonnelle DATA 4 SERVICES<\/p>\n<p>Sede legale: 6, Rue de la Tr\u00e8moille 75008 Paris \u2013 Francia<\/p>\n<p>Numero di telefono: +33 (0)1 53 57 46 91<\/p>\n<p>Capitale sociale: 40.000 euro<\/p>\n<p>Contatto: contact@data4group.com<\/p>\n<p>Codice societ\u00e0 RCS (Francia): PARIS 493 254 643<\/p>\n<p>Numero di IVA: FR35493254643<\/p>\n<p>Direttore di pubblicazione: Youmna Malak<\/p>\n<p><strong>HOST DEL SITO<\/strong><\/p>\n<p>Ragione sociale: GANDI SAS<\/p>\n<p>Sede legale: 63-65 boulevard Mass\u00e9na Paris (75013) FRANCE<\/p>\n<p>Numero di telefono: +33 (0) 1 70 37 76 61<\/p>\n<p>Capitale sociale: 800.000 euro<\/p>\n<p>Contatto: direction@gandi.net<\/p>\n<p>Codice societ\u00e0 RCS (Francia): 423 093 459 &#8211; PARIS<\/p>\n<p><strong>CREDITI<\/strong><\/p>\n<p>Crediti immagini:<\/p>\n<p>Kirill Kazachek, su www.flaticon.com.<\/p>\n","protected":false},"excerpt":{"rendered":"<p>EDITORE DEL SITO Ragione sociale: Soci\u00e9t\u00e9 par Actions Simplifi\u00e9e Unipersonnelle DATA 4 SERVICES Sede legale: 6, Rue de la Tr\u00e8moille 75008 Paris \u2013 Francia Numero di telefono: +33 (0)1 53 57 46 91 Capitale sociale: 40.000 euro Contatto: contact@data4group.com Codice societ\u00e0 RCS (Francia): PARIS 493 254 643 Numero di IVA: FR35493254643 Direttore di pubblicazione: Youmna [&hellip;]<\/p>\n","protected":false},"author":2,"featured_media":0,"parent":0,"menu_order":0,"comment_status":"closed","ping_status":"closed","template":"","meta":{"_acf_changed":false,"footnotes":""},"class_list":["post-4754","page","type-page","status-publish","hentry"],"acf":[],"yoast_head":"<!-- This site is optimized with the Yoast SEO plugin v27.4 - https:\/\/yoast.com\/product\/yoast-seo-wordpress\/ -->\n<title>Note Legali - DATA4<\/title>\n<meta name=\"robots\" content=\"noindex, follow\" \/>\n<meta property=\"og:locale\" content=\"it_IT\" \/>\n<meta property=\"og:type\" content=\"article\" \/>\n<meta property=\"og:title\" content=\"Note Legali - DATA4\" \/>\n<meta property=\"og:description\" content=\"EDITORE DEL SITO Ragione sociale: Soci\u00e9t\u00e9 par Actions Simplifi\u00e9e Unipersonnelle DATA 4 SERVICES Sede legale: 6, Rue de la Tr\u00e8moille 75008 Paris \u2013 Francia Numero di telefono: +33 (0)1 53 57 46 91 Capitale sociale: 40.000 euro Contatto: contact@data4group.com Codice societ\u00e0 RCS (Francia): PARIS 493 254 643 Numero di IVA: FR35493254643 Direttore di pubblicazione: Youmna [&hellip;]\" \/>\n<meta property=\"og:url\" content=\"https:\/\/www.data4group.com\/it\/note-legali\/\" \/>\n<meta property=\"og:site_name\" content=\"DATA4 - Smart Data Centers at Scale\" \/>\n<meta property=\"article:modified_time\" content=\"2022-05-11T08:35:15+00:00\" \/>\n<meta name=\"twitter:card\" content=\"summary_large_image\" \/>\n<script type=\"application\/ld+json\" class=\"yoast-schema-graph\">{\"@context\":\"https:\\\/\\\/schema.org\",\"@graph\":[{\"@type\":\"WebPage\",\"@id\":\"https:\\\/\\\/www.data4group.com\\\/it\\\/note-legali\\\/\",\"url\":\"https:\\\/\\\/www.data4group.com\\\/it\\\/note-legali\\\/\",\"name\":\"Note Legali - DATA4\",\"isPartOf\":{\"@id\":\"https:\\\/\\\/www.data4group.com\\\/it\\\/#website\"},\"datePublished\":\"2018-04-02T13:09:06+00:00\",\"dateModified\":\"2022-05-11T08:35:15+00:00\",\"breadcrumb\":{\"@id\":\"https:\\\/\\\/www.data4group.com\\\/it\\\/note-legali\\\/#breadcrumb\"},\"inLanguage\":\"it-IT\",\"potentialAction\":[{\"@type\":\"ReadAction\",\"target\":[\"https:\\\/\\\/www.data4group.com\\\/it\\\/note-legali\\\/\"]}]},{\"@type\":\"BreadcrumbList\",\"@id\":\"https:\\\/\\\/www.data4group.com\\\/it\\\/note-legali\\\/#breadcrumb\",\"itemListElement\":[{\"@type\":\"ListItem\",\"position\":1,\"name\":\"Homepage\",\"item\":\"https:\\\/\\\/www.data4group.com\\\/it\\\/\"},{\"@type\":\"ListItem\",\"position\":2,\"name\":\"Note Legali\"}]},{\"@type\":\"WebSite\",\"@id\":\"https:\\\/\\\/www.data4group.com\\\/it\\\/#website\",\"url\":\"https:\\\/\\\/www.data4group.com\\\/it\\\/\",\"name\":\"DATA4 - Smart Data Centers at Scale\",\"description\":\"Smart Data Centers at Scale\",\"publisher\":{\"@id\":\"https:\\\/\\\/www.data4group.com\\\/it\\\/#organization\"},\"potentialAction\":[{\"@type\":\"SearchAction\",\"target\":{\"@type\":\"EntryPoint\",\"urlTemplate\":\"https:\\\/\\\/www.data4group.com\\\/it\\\/?s={search_term_string}\"},\"query-input\":{\"@type\":\"PropertyValueSpecification\",\"valueRequired\":true,\"valueName\":\"search_term_string\"}}],\"inLanguage\":\"it-IT\"},{\"@type\":\"Organization\",\"@id\":\"https:\\\/\\\/www.data4group.com\\\/it\\\/#organization\",\"name\":\"DATA4 - Smart datacenters at scale\",\"url\":\"https:\\\/\\\/www.data4group.com\\\/it\\\/\",\"logo\":{\"@type\":\"ImageObject\",\"inLanguage\":\"it-IT\",\"@id\":\"https:\\\/\\\/www.data4group.com\\\/it\\\/#\\\/schema\\\/logo\\\/image\\\/\",\"url\":\"https:\\\/\\\/www.data4group.com\\\/wp-content\\\/uploads\\\/2021\\\/10\\\/data4-logo.svg\",\"contentUrl\":\"https:\\\/\\\/www.data4group.com\\\/wp-content\\\/uploads\\\/2021\\\/10\\\/data4-logo.svg\",\"width\":981,\"height\":558,\"caption\":\"DATA4 - Smart datacenters at scale\"},\"image\":{\"@id\":\"https:\\\/\\\/www.data4group.com\\\/it\\\/#\\\/schema\\\/logo\\\/image\\\/\"}}]}<\/script>\n<!-- \/ Yoast SEO plugin. -->","yoast_head_json":{"title":"Note Legali - DATA4","robots":{"index":"noindex","follow":"follow"},"og_locale":"it_IT","og_type":"article","og_title":"Note Legali - DATA4","og_description":"EDITORE DEL SITO Ragione sociale: Soci\u00e9t\u00e9 par Actions Simplifi\u00e9e Unipersonnelle DATA 4 SERVICES Sede legale: 6, Rue de la Tr\u00e8moille 75008 Paris \u2013 Francia Numero di telefono: +33 (0)1 53 57 46 91 Capitale sociale: 40.000 euro Contatto: contact@data4group.com Codice societ\u00e0 RCS (Francia): PARIS 493 254 643 Numero di IVA: FR35493254643 Direttore di pubblicazione: Youmna [&hellip;]","og_url":"https:\/\/www.data4group.com\/it\/note-legali\/","og_site_name":"DATA4 - Smart Data Centers at Scale","article_modified_time":"2022-05-11T08:35:15+00:00","twitter_card":"summary_large_image","schema":{"@context":"https:\/\/schema.org","@graph":[{"@type":"WebPage","@id":"https:\/\/www.data4group.com\/it\/note-legali\/","url":"https:\/\/www.data4group.com\/it\/note-legali\/","name":"Note Legali - DATA4","isPartOf":{"@id":"https:\/\/www.data4group.com\/it\/#website"},"datePublished":"2018-04-02T13:09:06+00:00","dateModified":"2022-05-11T08:35:15+00:00","breadcrumb":{"@id":"https:\/\/www.data4group.com\/it\/note-legali\/#breadcrumb"},"inLanguage":"it-IT","potentialAction":[{"@type":"ReadAction","target":["https:\/\/www.data4group.com\/it\/note-legali\/"]}]},{"@type":"BreadcrumbList","@id":"https:\/\/www.data4group.com\/it\/note-legali\/#breadcrumb","itemListElement":[{"@type":"ListItem","position":1,"name":"Homepage","item":"https:\/\/www.data4group.com\/it\/"},{"@type":"ListItem","position":2,"name":"Note Legali"}]},{"@type":"WebSite","@id":"https:\/\/www.data4group.com\/it\/#website","url":"https:\/\/www.data4group.com\/it\/","name":"DATA4 - Smart Data Centers at Scale","description":"Smart Data Centers at Scale","publisher":{"@id":"https:\/\/www.data4group.com\/it\/#organization"},"potentialAction":[{"@type":"SearchAction","target":{"@type":"EntryPoint","urlTemplate":"https:\/\/www.data4group.com\/it\/?s={search_term_string}"},"query-input":{"@type":"PropertyValueSpecification","valueRequired":true,"valueName":"search_term_string"}}],"inLanguage":"it-IT"},{"@type":"Organization","@id":"https:\/\/www.data4group.com\/it\/#organization","name":"DATA4 - Smart datacenters at scale","url":"https:\/\/www.data4group.com\/it\/","logo":{"@type":"ImageObject","inLanguage":"it-IT","@id":"https:\/\/www.data4group.com\/it\/#\/schema\/logo\/image\/","url":"https:\/\/www.data4group.com\/wp-content\/uploads\/2021\/10\/data4-logo.svg","contentUrl":"https:\/\/www.data4group.com\/wp-content\/uploads\/2021\/10\/data4-logo.svg","width":981,"height":558,"caption":"DATA4 - Smart datacenters at scale"},"image":{"@id":"https:\/\/www.data4group.com\/it\/#\/schema\/logo\/image\/"}}]}},"_links":{"self":[{"href":"https:\/\/www.data4group.com\/it\/wp-json\/wp\/v2\/pages\/4754","targetHints":{"allow":["GET"]}}],"collection":[{"href":"https:\/\/www.data4group.com\/it\/wp-json\/wp\/v2\/pages"}],"about":[{"href":"https:\/\/www.data4group.com\/it\/wp-json\/wp\/v2\/types\/page"}],"author":[{"embeddable":true,"href":"https:\/\/www.data4group.com\/it\/wp-json\/wp\/v2\/users\/2"}],"replies":[{"embeddable":true,"href":"https:\/\/www.data4group.com\/it\/wp-json\/wp\/v2\/comments?post=4754"}],"version-history":[{"count":0,"href":"https:\/\/www.data4group.com\/it\/wp-json\/wp\/v2\/pages\/4754\/revisions"}],"wp:attachment":[{"href":"https:\/\/www.data4group.com\/it\/wp-json\/wp\/v2\/media?parent=4754"}],"curies":[{"name":"wp","href":"https:\/\/api.w.org\/{rel}","templated":true}]}}