{"id":4676,"date":"2018-03-27T11:49:32","date_gmt":"2018-03-27T09:49:32","guid":{"rendered":"https:\/\/preproddata4.punchify.me\/connettivita-di-rete-data-center-e-infrastrutture-connesse\/services-connectivite\/"},"modified":"2022-05-11T08:35:17","modified_gmt":"2022-05-11T08:35:17","slug":"servizi-di-connettivita-evoluta","status":"publish","type":"page","link":"https:\/\/www.data4group.com\/it\/servizi-di-connettivita-evoluta\/","title":{"rendered":"Servizi di Connettivit\u00e0"},"content":{"rendered":"","protected":false},"excerpt":{"rendered":"","protected":false},"author":2,"featured_media":0,"parent":0,"menu_order":0,"comment_status":"closed","ping_status":"closed","template":"template-all-blocks.php","meta":{"_acf_changed":false,"footnotes":""},"class_list":["post-4676","page","type-page","status-publish","hentry"],"acf":[],"yoast_head":"<!-- This site is optimized with the Yoast SEO plugin v27.4 - https:\/\/yoast.com\/product\/yoast-seo-wordpress\/ -->\n<title>Servizi di connettivit\u00e0 evoluta | DATA4<\/title>\n<meta name=\"description\" content=\"DATA4 propose \u00e0 la fois une panoplie de services de connectivit\u00e9 r\u00e9seau au sein d\u2019un m\u00eame campus, la possibilit\u00e9 de profiter d\u2019une offre Dual Site ou bien de constituer une plateforme informatique europ\u00e9enne, mais \u00e9galement un large choix de services d\u00e9livr\u00e9s par les Op\u00e9rateurs &amp; ISP.\" \/>\n<meta name=\"robots\" content=\"index, follow, max-snippet:-1, max-image-preview:large, max-video-preview:-1\" \/>\n<link rel=\"canonical\" href=\"https:\/\/www.data4group.com\/it\/servizi-di-connettivita-evoluta\/\" \/>\n<meta property=\"og:locale\" content=\"it_IT\" \/>\n<meta property=\"og:type\" content=\"article\" \/>\n<meta property=\"og:title\" content=\"Servizi di connettivit\u00e0 evoluta | DATA4\" \/>\n<meta property=\"og:description\" content=\"DATA4 propose \u00e0 la fois une panoplie de services de connectivit\u00e9 r\u00e9seau au sein d\u2019un m\u00eame campus, la possibilit\u00e9 de profiter d\u2019une offre Dual Site ou bien de constituer une plateforme informatique europ\u00e9enne, mais \u00e9galement un large choix de services d\u00e9livr\u00e9s par les Op\u00e9rateurs &amp; ISP.\" \/>\n<meta property=\"og:url\" content=\"https:\/\/www.data4group.com\/it\/servizi-di-connettivita-evoluta\/\" \/>\n<meta property=\"og:site_name\" content=\"DATA4 - Smart Data Centers at Scale\" \/>\n<meta property=\"article:modified_time\" content=\"2022-05-11T08:35:17+00:00\" \/>\n<meta name=\"twitter:card\" content=\"summary_large_image\" \/>\n<script type=\"application\/ld+json\" class=\"yoast-schema-graph\">{\"@context\":\"https:\\\/\\\/schema.org\",\"@graph\":[{\"@type\":\"WebPage\",\"@id\":\"https:\\\/\\\/www.data4group.com\\\/it\\\/servizi-di-connettivita-evoluta\\\/\",\"url\":\"https:\\\/\\\/www.data4group.com\\\/it\\\/servizi-di-connettivita-evoluta\\\/\",\"name\":\"Servizi di connettivit\u00e0 evoluta | DATA4\",\"isPartOf\":{\"@id\":\"https:\\\/\\\/www.data4group.com\\\/it\\\/#website\"},\"datePublished\":\"2018-03-27T09:49:32+00:00\",\"dateModified\":\"2022-05-11T08:35:17+00:00\",\"description\":\"DATA4 propose \u00e0 la fois une panoplie de services de connectivit\u00e9 r\u00e9seau au sein d\u2019un m\u00eame campus, la possibilit\u00e9 de profiter d\u2019une offre Dual Site ou bien de constituer une plateforme informatique europ\u00e9enne, mais \u00e9galement un large choix de services d\u00e9livr\u00e9s par les Op\u00e9rateurs & ISP.\",\"breadcrumb\":{\"@id\":\"https:\\\/\\\/www.data4group.com\\\/it\\\/servizi-di-connettivita-evoluta\\\/#breadcrumb\"},\"inLanguage\":\"it-IT\",\"potentialAction\":[{\"@type\":\"ReadAction\",\"target\":[\"https:\\\/\\\/www.data4group.com\\\/it\\\/servizi-di-connettivita-evoluta\\\/\"]}]},{\"@type\":\"BreadcrumbList\",\"@id\":\"https:\\\/\\\/www.data4group.com\\\/it\\\/servizi-di-connettivita-evoluta\\\/#breadcrumb\",\"itemListElement\":[{\"@type\":\"ListItem\",\"position\":1,\"name\":\"Homepage\",\"item\":\"https:\\\/\\\/www.data4group.com\\\/it\\\/\"},{\"@type\":\"ListItem\",\"position\":2,\"name\":\"Servizi di Connettivit\u00e0\"}]},{\"@type\":\"WebSite\",\"@id\":\"https:\\\/\\\/www.data4group.com\\\/it\\\/#website\",\"url\":\"https:\\\/\\\/www.data4group.com\\\/it\\\/\",\"name\":\"DATA4 - Smart Data Centers at Scale\",\"description\":\"Smart Data Centers at Scale\",\"publisher\":{\"@id\":\"https:\\\/\\\/www.data4group.com\\\/it\\\/#organization\"},\"potentialAction\":[{\"@type\":\"SearchAction\",\"target\":{\"@type\":\"EntryPoint\",\"urlTemplate\":\"https:\\\/\\\/www.data4group.com\\\/it\\\/?s={search_term_string}\"},\"query-input\":{\"@type\":\"PropertyValueSpecification\",\"valueRequired\":true,\"valueName\":\"search_term_string\"}}],\"inLanguage\":\"it-IT\"},{\"@type\":\"Organization\",\"@id\":\"https:\\\/\\\/www.data4group.com\\\/it\\\/#organization\",\"name\":\"DATA4 - Smart datacenters at scale\",\"url\":\"https:\\\/\\\/www.data4group.com\\\/it\\\/\",\"logo\":{\"@type\":\"ImageObject\",\"inLanguage\":\"it-IT\",\"@id\":\"https:\\\/\\\/www.data4group.com\\\/it\\\/#\\\/schema\\\/logo\\\/image\\\/\",\"url\":\"https:\\\/\\\/www.data4group.com\\\/wp-content\\\/uploads\\\/2021\\\/10\\\/data4-logo.svg\",\"contentUrl\":\"https:\\\/\\\/www.data4group.com\\\/wp-content\\\/uploads\\\/2021\\\/10\\\/data4-logo.svg\",\"width\":981,\"height\":558,\"caption\":\"DATA4 - Smart datacenters at scale\"},\"image\":{\"@id\":\"https:\\\/\\\/www.data4group.com\\\/it\\\/#\\\/schema\\\/logo\\\/image\\\/\"}}]}<\/script>\n<!-- \/ Yoast SEO plugin. -->","yoast_head_json":{"title":"Servizi di connettivit\u00e0 evoluta | DATA4","description":"DATA4 propose \u00e0 la fois une panoplie de services de connectivit\u00e9 r\u00e9seau au sein d\u2019un m\u00eame campus, la possibilit\u00e9 de profiter d\u2019une offre Dual Site ou bien de constituer une plateforme informatique europ\u00e9enne, mais \u00e9galement un large choix de services d\u00e9livr\u00e9s par les Op\u00e9rateurs & ISP.","robots":{"index":"index","follow":"follow","max-snippet":"max-snippet:-1","max-image-preview":"max-image-preview:large","max-video-preview":"max-video-preview:-1"},"canonical":"https:\/\/www.data4group.com\/it\/servizi-di-connettivita-evoluta\/","og_locale":"it_IT","og_type":"article","og_title":"Servizi di connettivit\u00e0 evoluta | DATA4","og_description":"DATA4 propose \u00e0 la fois une panoplie de services de connectivit\u00e9 r\u00e9seau au sein d\u2019un m\u00eame campus, la possibilit\u00e9 de profiter d\u2019une offre Dual Site ou bien de constituer une plateforme informatique europ\u00e9enne, mais \u00e9galement un large choix de services d\u00e9livr\u00e9s par les Op\u00e9rateurs & ISP.","og_url":"https:\/\/www.data4group.com\/it\/servizi-di-connettivita-evoluta\/","og_site_name":"DATA4 - Smart Data Centers at Scale","article_modified_time":"2022-05-11T08:35:17+00:00","twitter_card":"summary_large_image","schema":{"@context":"https:\/\/schema.org","@graph":[{"@type":"WebPage","@id":"https:\/\/www.data4group.com\/it\/servizi-di-connettivita-evoluta\/","url":"https:\/\/www.data4group.com\/it\/servizi-di-connettivita-evoluta\/","name":"Servizi di connettivit\u00e0 evoluta | DATA4","isPartOf":{"@id":"https:\/\/www.data4group.com\/it\/#website"},"datePublished":"2018-03-27T09:49:32+00:00","dateModified":"2022-05-11T08:35:17+00:00","description":"DATA4 propose \u00e0 la fois une panoplie de services de connectivit\u00e9 r\u00e9seau au sein d\u2019un m\u00eame campus, la possibilit\u00e9 de profiter d\u2019une offre Dual Site ou bien de constituer une plateforme informatique europ\u00e9enne, mais \u00e9galement un large choix de services d\u00e9livr\u00e9s par les Op\u00e9rateurs & ISP.","breadcrumb":{"@id":"https:\/\/www.data4group.com\/it\/servizi-di-connettivita-evoluta\/#breadcrumb"},"inLanguage":"it-IT","potentialAction":[{"@type":"ReadAction","target":["https:\/\/www.data4group.com\/it\/servizi-di-connettivita-evoluta\/"]}]},{"@type":"BreadcrumbList","@id":"https:\/\/www.data4group.com\/it\/servizi-di-connettivita-evoluta\/#breadcrumb","itemListElement":[{"@type":"ListItem","position":1,"name":"Homepage","item":"https:\/\/www.data4group.com\/it\/"},{"@type":"ListItem","position":2,"name":"Servizi di Connettivit\u00e0"}]},{"@type":"WebSite","@id":"https:\/\/www.data4group.com\/it\/#website","url":"https:\/\/www.data4group.com\/it\/","name":"DATA4 - Smart Data Centers at Scale","description":"Smart Data Centers at Scale","publisher":{"@id":"https:\/\/www.data4group.com\/it\/#organization"},"potentialAction":[{"@type":"SearchAction","target":{"@type":"EntryPoint","urlTemplate":"https:\/\/www.data4group.com\/it\/?s={search_term_string}"},"query-input":{"@type":"PropertyValueSpecification","valueRequired":true,"valueName":"search_term_string"}}],"inLanguage":"it-IT"},{"@type":"Organization","@id":"https:\/\/www.data4group.com\/it\/#organization","name":"DATA4 - Smart datacenters at scale","url":"https:\/\/www.data4group.com\/it\/","logo":{"@type":"ImageObject","inLanguage":"it-IT","@id":"https:\/\/www.data4group.com\/it\/#\/schema\/logo\/image\/","url":"https:\/\/www.data4group.com\/wp-content\/uploads\/2021\/10\/data4-logo.svg","contentUrl":"https:\/\/www.data4group.com\/wp-content\/uploads\/2021\/10\/data4-logo.svg","width":981,"height":558,"caption":"DATA4 - Smart datacenters at scale"},"image":{"@id":"https:\/\/www.data4group.com\/it\/#\/schema\/logo\/image\/"}}]}},"_links":{"self":[{"href":"https:\/\/www.data4group.com\/it\/wp-json\/wp\/v2\/pages\/4676","targetHints":{"allow":["GET"]}}],"collection":[{"href":"https:\/\/www.data4group.com\/it\/wp-json\/wp\/v2\/pages"}],"about":[{"href":"https:\/\/www.data4group.com\/it\/wp-json\/wp\/v2\/types\/page"}],"author":[{"embeddable":true,"href":"https:\/\/www.data4group.com\/it\/wp-json\/wp\/v2\/users\/2"}],"replies":[{"embeddable":true,"href":"https:\/\/www.data4group.com\/it\/wp-json\/wp\/v2\/comments?post=4676"}],"version-history":[{"count":0,"href":"https:\/\/www.data4group.com\/it\/wp-json\/wp\/v2\/pages\/4676\/revisions"}],"wp:attachment":[{"href":"https:\/\/www.data4group.com\/it\/wp-json\/wp\/v2\/media?parent=4676"}],"curies":[{"name":"wp","href":"https:\/\/api.w.org\/{rel}","templated":true}]}}