{"id":5972,"date":"2018-03-22T17:12:32","date_gmt":"2018-03-22T16:12:32","guid":{"rendered":"https:\/\/www.data4group.com\/hybrid-it-2\/"},"modified":"2024-11-19T16:29:10","modified_gmt":"2024-11-19T15:29:10","slug":"hybrid-it-esp","status":"publish","type":"page","link":"https:\/\/www.data4group.com\/es\/hybrid-it-esp\/","title":{"rendered":"Hybrid Cloud"},"content":{"rendered":"","protected":false},"excerpt":{"rendered":"","protected":false},"author":2,"featured_media":0,"parent":0,"menu_order":0,"comment_status":"closed","ping_status":"closed","template":"template-all-blocks.php","meta":{"_acf_changed":false,"footnotes":""},"class_list":["post-5972","page","type-page","status-publish","hentry"],"acf":[],"yoast_head":"<!-- This site is optimized with the Yoast SEO plugin v27.2 - https:\/\/yoast.com\/product\/yoast-seo-wordpress\/ -->\n<title>Hybrid IT, DATA4 le ayuda | DATA4<\/title>\n<meta name=\"description\" content=\"Para ayudarte en la aplicaci\u00f3n de su estrategia en materia de inform\u00e1tica h\u00edbrida, DATA4 ha creado D4 Digital Hub. DATA4 ofrece accesos directos, privados y seguros a m\u00e1s de 145\u00a0plataformas de nube p\u00fablica, as\u00ed como recursos listos para el uso de la nube privada o el almacenamiento bajo demanda.\" \/>\n<meta name=\"robots\" content=\"index, follow, max-snippet:-1, max-image-preview:large, max-video-preview:-1\" \/>\n<link rel=\"canonical\" href=\"https:\/\/www.data4group.com\/es\/hybrid-it-esp\/\" \/>\n<meta property=\"og:locale\" content=\"es_ES\" \/>\n<meta property=\"og:type\" content=\"article\" \/>\n<meta property=\"og:title\" content=\"Hybrid IT, DATA4 le ayuda | DATA4\" \/>\n<meta property=\"og:description\" content=\"Para ayudarte en la aplicaci\u00f3n de su estrategia en materia de inform\u00e1tica h\u00edbrida, DATA4 ha creado D4 Digital Hub. DATA4 ofrece accesos directos, privados y seguros a m\u00e1s de 145\u00a0plataformas de nube p\u00fablica, as\u00ed como recursos listos para el uso de la nube privada o el almacenamiento bajo demanda.\" \/>\n<meta property=\"og:url\" content=\"https:\/\/www.data4group.com\/es\/hybrid-it-esp\/\" \/>\n<meta property=\"og:site_name\" content=\"DATA4 - Smart Data Centers at Scale\" \/>\n<meta property=\"article:modified_time\" content=\"2024-11-19T15:29:10+00:00\" \/>\n<meta name=\"twitter:card\" content=\"summary_large_image\" \/>\n<script type=\"application\/ld+json\" class=\"yoast-schema-graph\">{\"@context\":\"https:\/\/schema.org\",\"@graph\":[{\"@type\":\"WebPage\",\"@id\":\"https:\/\/www.data4group.com\/es\/hybrid-it-esp\/\",\"url\":\"https:\/\/www.data4group.com\/es\/hybrid-it-esp\/\",\"name\":\"Hybrid IT, DATA4 le ayuda | DATA4\",\"isPartOf\":{\"@id\":\"https:\/\/www.data4group.com\/es\/#website\"},\"datePublished\":\"2018-03-22T16:12:32+00:00\",\"dateModified\":\"2024-11-19T15:29:10+00:00\",\"description\":\"Para ayudarte en la aplicaci\u00f3n de su estrategia en materia de inform\u00e1tica h\u00edbrida, DATA4 ha creado D4 Digital Hub. DATA4 ofrece accesos directos, privados y seguros a m\u00e1s de 145\u00a0plataformas de nube p\u00fablica, as\u00ed como recursos listos para el uso de la nube privada o el almacenamiento bajo demanda.\",\"breadcrumb\":{\"@id\":\"https:\/\/www.data4group.com\/es\/hybrid-it-esp\/#breadcrumb\"},\"inLanguage\":\"es\",\"potentialAction\":[{\"@type\":\"ReadAction\",\"target\":[\"https:\/\/www.data4group.com\/es\/hybrid-it-esp\/\"]}]},{\"@type\":\"BreadcrumbList\",\"@id\":\"https:\/\/www.data4group.com\/es\/hybrid-it-esp\/#breadcrumb\",\"itemListElement\":[{\"@type\":\"ListItem\",\"position\":1,\"name\":\"Inicio\",\"item\":\"https:\/\/www.data4group.com\/es\/\"},{\"@type\":\"ListItem\",\"position\":2,\"name\":\"Hybrid Cloud\"}]},{\"@type\":\"WebSite\",\"@id\":\"https:\/\/www.data4group.com\/es\/#website\",\"url\":\"https:\/\/www.data4group.com\/es\/\",\"name\":\"DATA4 - Smart Data Centers at Scale\",\"description\":\"Smart Data Centers at Scale\",\"publisher\":{\"@id\":\"https:\/\/www.data4group.com\/es\/#organization\"},\"potentialAction\":[{\"@type\":\"SearchAction\",\"target\":{\"@type\":\"EntryPoint\",\"urlTemplate\":\"https:\/\/www.data4group.com\/es\/?s={search_term_string}\"},\"query-input\":{\"@type\":\"PropertyValueSpecification\",\"valueRequired\":true,\"valueName\":\"search_term_string\"}}],\"inLanguage\":\"es\"},{\"@type\":\"Organization\",\"@id\":\"https:\/\/www.data4group.com\/es\/#organization\",\"name\":\"DATA4 - Smart datacenters at scale\",\"url\":\"https:\/\/www.data4group.com\/es\/\",\"logo\":{\"@type\":\"ImageObject\",\"inLanguage\":\"es\",\"@id\":\"https:\/\/www.data4group.com\/es\/#\/schema\/logo\/image\/\",\"url\":\"https:\/\/www.data4group.com\/wp-content\/uploads\/2021\/10\/data4-logo.svg\",\"contentUrl\":\"https:\/\/www.data4group.com\/wp-content\/uploads\/2021\/10\/data4-logo.svg\",\"width\":981,\"height\":558,\"caption\":\"DATA4 - Smart datacenters at scale\"},\"image\":{\"@id\":\"https:\/\/www.data4group.com\/es\/#\/schema\/logo\/image\/\"}}]}<\/script>\n<!-- \/ Yoast SEO plugin. -->","yoast_head_json":{"title":"Hybrid IT, DATA4 le ayuda | DATA4","description":"Para ayudarte en la aplicaci\u00f3n de su estrategia en materia de inform\u00e1tica h\u00edbrida, DATA4 ha creado D4 Digital Hub. DATA4 ofrece accesos directos, privados y seguros a m\u00e1s de 145\u00a0plataformas de nube p\u00fablica, as\u00ed como recursos listos para el uso de la nube privada o el almacenamiento bajo demanda.","robots":{"index":"index","follow":"follow","max-snippet":"max-snippet:-1","max-image-preview":"max-image-preview:large","max-video-preview":"max-video-preview:-1"},"canonical":"https:\/\/www.data4group.com\/es\/hybrid-it-esp\/","og_locale":"es_ES","og_type":"article","og_title":"Hybrid IT, DATA4 le ayuda | DATA4","og_description":"Para ayudarte en la aplicaci\u00f3n de su estrategia en materia de inform\u00e1tica h\u00edbrida, DATA4 ha creado D4 Digital Hub. DATA4 ofrece accesos directos, privados y seguros a m\u00e1s de 145\u00a0plataformas de nube p\u00fablica, as\u00ed como recursos listos para el uso de la nube privada o el almacenamiento bajo demanda.","og_url":"https:\/\/www.data4group.com\/es\/hybrid-it-esp\/","og_site_name":"DATA4 - Smart Data Centers at Scale","article_modified_time":"2024-11-19T15:29:10+00:00","twitter_card":"summary_large_image","schema":{"@context":"https:\/\/schema.org","@graph":[{"@type":"WebPage","@id":"https:\/\/www.data4group.com\/es\/hybrid-it-esp\/","url":"https:\/\/www.data4group.com\/es\/hybrid-it-esp\/","name":"Hybrid IT, DATA4 le ayuda | DATA4","isPartOf":{"@id":"https:\/\/www.data4group.com\/es\/#website"},"datePublished":"2018-03-22T16:12:32+00:00","dateModified":"2024-11-19T15:29:10+00:00","description":"Para ayudarte en la aplicaci\u00f3n de su estrategia en materia de inform\u00e1tica h\u00edbrida, DATA4 ha creado D4 Digital Hub. DATA4 ofrece accesos directos, privados y seguros a m\u00e1s de 145\u00a0plataformas de nube p\u00fablica, as\u00ed como recursos listos para el uso de la nube privada o el almacenamiento bajo demanda.","breadcrumb":{"@id":"https:\/\/www.data4group.com\/es\/hybrid-it-esp\/#breadcrumb"},"inLanguage":"es","potentialAction":[{"@type":"ReadAction","target":["https:\/\/www.data4group.com\/es\/hybrid-it-esp\/"]}]},{"@type":"BreadcrumbList","@id":"https:\/\/www.data4group.com\/es\/hybrid-it-esp\/#breadcrumb","itemListElement":[{"@type":"ListItem","position":1,"name":"Inicio","item":"https:\/\/www.data4group.com\/es\/"},{"@type":"ListItem","position":2,"name":"Hybrid Cloud"}]},{"@type":"WebSite","@id":"https:\/\/www.data4group.com\/es\/#website","url":"https:\/\/www.data4group.com\/es\/","name":"DATA4 - Smart Data Centers at Scale","description":"Smart Data Centers at Scale","publisher":{"@id":"https:\/\/www.data4group.com\/es\/#organization"},"potentialAction":[{"@type":"SearchAction","target":{"@type":"EntryPoint","urlTemplate":"https:\/\/www.data4group.com\/es\/?s={search_term_string}"},"query-input":{"@type":"PropertyValueSpecification","valueRequired":true,"valueName":"search_term_string"}}],"inLanguage":"es"},{"@type":"Organization","@id":"https:\/\/www.data4group.com\/es\/#organization","name":"DATA4 - Smart datacenters at scale","url":"https:\/\/www.data4group.com\/es\/","logo":{"@type":"ImageObject","inLanguage":"es","@id":"https:\/\/www.data4group.com\/es\/#\/schema\/logo\/image\/","url":"https:\/\/www.data4group.com\/wp-content\/uploads\/2021\/10\/data4-logo.svg","contentUrl":"https:\/\/www.data4group.com\/wp-content\/uploads\/2021\/10\/data4-logo.svg","width":981,"height":558,"caption":"DATA4 - Smart datacenters at scale"},"image":{"@id":"https:\/\/www.data4group.com\/es\/#\/schema\/logo\/image\/"}}]}},"_links":{"self":[{"href":"https:\/\/www.data4group.com\/es\/wp-json\/wp\/v2\/pages\/5972","targetHints":{"allow":["GET"]}}],"collection":[{"href":"https:\/\/www.data4group.com\/es\/wp-json\/wp\/v2\/pages"}],"about":[{"href":"https:\/\/www.data4group.com\/es\/wp-json\/wp\/v2\/types\/page"}],"author":[{"embeddable":true,"href":"https:\/\/www.data4group.com\/es\/wp-json\/wp\/v2\/users\/2"}],"replies":[{"embeddable":true,"href":"https:\/\/www.data4group.com\/es\/wp-json\/wp\/v2\/comments?post=5972"}],"version-history":[{"count":0,"href":"https:\/\/www.data4group.com\/es\/wp-json\/wp\/v2\/pages\/5972\/revisions"}],"wp:attachment":[{"href":"https:\/\/www.data4group.com\/es\/wp-json\/wp\/v2\/media?parent=5972"}],"curies":[{"name":"wp","href":"https:\/\/api.w.org\/{rel}","templated":true}]}}