{"id":5942,"date":"2018-04-02T13:11:03","date_gmt":"2018-04-02T13:11:03","guid":{"rendered":"https:\/\/www.data4group.com\/conditions-generales-dutilisation-du-site\/"},"modified":"2022-05-11T08:35:47","modified_gmt":"2022-05-11T08:35:47","slug":"condiciones-de-uso","status":"publish","type":"page","link":"https:\/\/www.data4group.com\/es\/condiciones-de-uso\/","title":{"rendered":"Condiciones generales de uso del sitio"},"content":{"rendered":"<p><strong>ART\u00cdCULO PRELIMINAR<\/strong><\/p>\n<p>Al acceder o al usar el sitio \u00abdata4group.com\u00bb aceptas, sin reservas, el conjunto de las Condiciones Generales de Uso mencionadas a continuaci\u00f3n y te comprometes a cumplirlas. En caso de no aceptaci\u00f3n por tu parte, te rogamos que abandones nuestro sitio y no intentes acceder a \u00e9l.<\/p>\n<p>El objeto de las presentes Condiciones Generales de Uso es darte informaci\u00f3n general con respecto al uso de nuestro sitio y presentarte su contenido.<\/p>\n<p>Ten en cuenta que debes consultar nuestro sitio con regularidad ya que las presentes Condiciones Generales de Uso pueden ser actualizadas o modificadas en cualquier momento.<\/p>\n<p>Estas son vigentes de inmediato, en cuanto sean visibles por los usuarios de nuestro sitio.<\/p>\n<p>Por lo tanto, te invitamos a leer con atenci\u00f3n y a informarte de las presentes Condiciones Generales de Uso.<\/p>\n<p><strong>ART\u00cdCULO 1: RESPONSABILIDAD<\/strong><\/p>\n<p>Al utilizar nuestro sitio, en ning\u00fan caso DATA4 Group podr\u00e1 ver comprometida su responsabilidad por los da\u00f1os de cualquier \u00edndole, ya sean directos o indirectos o que impliquen p\u00e9rdidas de volumen de negocios, de clientes, de datos, de programas o de cualquier otro tipo. Adem\u00e1s, sin que las enumeraciones de esta disposici\u00f3n sean limitativas.<\/p>\n<p>Nuestra responsabilidad tambi\u00e9n queda excluida en caso de cualquier uso fraudulento o inadecuado del contenido de nuestro sitio.<\/p>\n<p>Por otro lado, nadie podr\u00e1 hacernos responsables de cualquier problema eventual relacionado con el servicio de alojamiento o de comunicaci\u00f3n con el p\u00fablico en l\u00ednea. Por tanto, tendr\u00e1s que dirigirte a nuestro alojador, es decir, la SARL O2Switch, conforme al art\u00edculo 6-I-2 de la Ley del 21 de junio de 2004 relativa a la confianza en la econom\u00eda digital.<\/p>\n<p><strong>ART\u00cdCULO 2: DATOS PERSONALES<\/strong><\/p>\n<p>El conjunto de datos personales tratados y recogidos por nuestro sitio respetan la normativa vigente, concretamente, todas las disposiciones de la Ley \u00abInform\u00e1tica y libertad\u00bb, modificada por la Ley del 6 de agosto de 2004 y la Ley del 7 de octubre de 2016.<\/p>\n<p>Si necesitas m\u00e1s informaci\u00f3n, dir\u00edjete a nuestro apartado sobre la Pol\u00edtica de confidencialidad.<\/p>\n<p><strong>ART\u00cdCULO 3: INTERRUPCI\u00d3N<\/strong><\/p>\n<p>Tenemos el derecho, a nuestra discreci\u00f3n y sin demora, de interrumpir, suspender o restringir el acceso de los usuarios a nuestro sitio sin incurrir en ninguna responsabilidad.<\/p>\n<p><strong>ART\u00cdCULO 4: DERECHO APLICABLE<\/strong><\/p>\n<p>Todas estas Condiciones Generales de Uso est\u00e1n sujetas al derecho franc\u00e9s.<\/p>\n<p>En caso de litigio entre comerciantes o relacionado con actos comerciales, el tribunal territorialmente competente ser\u00e1 el Tribunal mercantil de Par\u00eds, a menos que el litigio se refiera a un acto mixto.<\/p>\n<p>Las reglas anteriores se aplican a cualquier litigio relacionado con la interpretaci\u00f3n, ejecuci\u00f3n o validez de estas Condiciones Generales de Uso.<\/p>\n<p>En caso de que una o varias disposiciones de las Condiciones Generales de Uso sean declaradas nulas, las dem\u00e1s seguir\u00e1n siendo vinculantes y mantendr\u00e1n su alcance.<\/p>\n<p><strong>ART\u00cdCULO 5: PROPIEDAD INTELECTUAL<\/strong><\/p>\n<p>El contenido del sitio es propiedad exclusiva de la empresa DATA4 Group o de nuestros socios. Cuenta con la protecci\u00f3n de las leyes francesas e internacionales relativas a la propiedad intelectual.<\/p>\n<p>Por tanto, cualquier representaci\u00f3n o reproducci\u00f3n, parcial o total, del contenido est\u00e1 estrictamente prohibida sin autorizaci\u00f3n previa. En caso de violaci\u00f3n de este art\u00edculo, reconoce y acepta incurrir en sanciones civiles y penales por falsificaci\u00f3n.<\/p>\n","protected":false},"excerpt":{"rendered":"<p>ART\u00cdCULO PRELIMINAR Al acceder o al usar el sitio \u00abdata4group.com\u00bb aceptas, sin reservas, el conjunto de las Condiciones Generales de Uso mencionadas a continuaci\u00f3n y te comprometes a cumplirlas. En caso de no aceptaci\u00f3n por tu parte, te rogamos que abandones nuestro sitio y no intentes acceder a \u00e9l. El objeto de las presentes Condiciones [&hellip;]<\/p>\n","protected":false},"author":2,"featured_media":0,"parent":0,"menu_order":0,"comment_status":"closed","ping_status":"closed","template":"","meta":{"_acf_changed":false,"footnotes":""},"class_list":["post-5942","page","type-page","status-publish","hentry"],"acf":[],"yoast_head":"<!-- This site is optimized with the Yoast SEO plugin v27.4 - https:\/\/yoast.com\/product\/yoast-seo-wordpress\/ -->\n<title>Condiciones generales de uso del sitio - DATA4<\/title>\n<meta name=\"robots\" content=\"noindex, follow\" \/>\n<meta property=\"og:locale\" content=\"es_ES\" \/>\n<meta property=\"og:type\" content=\"article\" \/>\n<meta property=\"og:title\" content=\"Condiciones generales de uso del sitio - DATA4\" \/>\n<meta property=\"og:description\" content=\"ART\u00cdCULO PRELIMINAR Al acceder o al usar el sitio \u00abdata4group.com\u00bb aceptas, sin reservas, el conjunto de las Condiciones Generales de Uso mencionadas a continuaci\u00f3n y te comprometes a cumplirlas. En caso de no aceptaci\u00f3n por tu parte, te rogamos que abandones nuestro sitio y no intentes acceder a \u00e9l. El objeto de las presentes Condiciones [&hellip;]\" \/>\n<meta property=\"og:url\" content=\"https:\/\/www.data4group.com\/es\/condiciones-de-uso\/\" \/>\n<meta property=\"og:site_name\" content=\"DATA4 - Smart Data Centers at Scale\" \/>\n<meta property=\"article:modified_time\" content=\"2022-05-11T08:35:47+00:00\" \/>\n<meta name=\"twitter:card\" content=\"summary_large_image\" \/>\n<meta name=\"twitter:label1\" content=\"Tiempo de lectura\" \/>\n\t<meta name=\"twitter:data1\" content=\"3 minutos\" \/>\n<script type=\"application\/ld+json\" class=\"yoast-schema-graph\">{\"@context\":\"https:\\\/\\\/schema.org\",\"@graph\":[{\"@type\":\"WebPage\",\"@id\":\"https:\\\/\\\/www.data4group.com\\\/es\\\/condiciones-de-uso\\\/\",\"url\":\"https:\\\/\\\/www.data4group.com\\\/es\\\/condiciones-de-uso\\\/\",\"name\":\"Condiciones generales de uso del sitio - DATA4\",\"isPartOf\":{\"@id\":\"https:\\\/\\\/www.data4group.com\\\/es\\\/#website\"},\"datePublished\":\"2018-04-02T13:11:03+00:00\",\"dateModified\":\"2022-05-11T08:35:47+00:00\",\"breadcrumb\":{\"@id\":\"https:\\\/\\\/www.data4group.com\\\/es\\\/condiciones-de-uso\\\/#breadcrumb\"},\"inLanguage\":\"es\",\"potentialAction\":[{\"@type\":\"ReadAction\",\"target\":[\"https:\\\/\\\/www.data4group.com\\\/es\\\/condiciones-de-uso\\\/\"]}]},{\"@type\":\"BreadcrumbList\",\"@id\":\"https:\\\/\\\/www.data4group.com\\\/es\\\/condiciones-de-uso\\\/#breadcrumb\",\"itemListElement\":[{\"@type\":\"ListItem\",\"position\":1,\"name\":\"Inicio\",\"item\":\"https:\\\/\\\/www.data4group.com\\\/es\\\/\"},{\"@type\":\"ListItem\",\"position\":2,\"name\":\"Condiciones generales de uso del sitio\"}]},{\"@type\":\"WebSite\",\"@id\":\"https:\\\/\\\/www.data4group.com\\\/es\\\/#website\",\"url\":\"https:\\\/\\\/www.data4group.com\\\/es\\\/\",\"name\":\"DATA4 - Smart Data Centers at Scale\",\"description\":\"Smart Data Centers at Scale\",\"publisher\":{\"@id\":\"https:\\\/\\\/www.data4group.com\\\/es\\\/#organization\"},\"potentialAction\":[{\"@type\":\"SearchAction\",\"target\":{\"@type\":\"EntryPoint\",\"urlTemplate\":\"https:\\\/\\\/www.data4group.com\\\/es\\\/?s={search_term_string}\"},\"query-input\":{\"@type\":\"PropertyValueSpecification\",\"valueRequired\":true,\"valueName\":\"search_term_string\"}}],\"inLanguage\":\"es\"},{\"@type\":\"Organization\",\"@id\":\"https:\\\/\\\/www.data4group.com\\\/es\\\/#organization\",\"name\":\"DATA4 - Smart datacenters at scale\",\"url\":\"https:\\\/\\\/www.data4group.com\\\/es\\\/\",\"logo\":{\"@type\":\"ImageObject\",\"inLanguage\":\"es\",\"@id\":\"https:\\\/\\\/www.data4group.com\\\/es\\\/#\\\/schema\\\/logo\\\/image\\\/\",\"url\":\"https:\\\/\\\/www.data4group.com\\\/wp-content\\\/uploads\\\/2021\\\/10\\\/data4-logo.svg\",\"contentUrl\":\"https:\\\/\\\/www.data4group.com\\\/wp-content\\\/uploads\\\/2021\\\/10\\\/data4-logo.svg\",\"width\":981,\"height\":558,\"caption\":\"DATA4 - Smart datacenters at scale\"},\"image\":{\"@id\":\"https:\\\/\\\/www.data4group.com\\\/es\\\/#\\\/schema\\\/logo\\\/image\\\/\"}}]}<\/script>\n<!-- \/ Yoast SEO plugin. -->","yoast_head_json":{"title":"Condiciones generales de uso del sitio - DATA4","robots":{"index":"noindex","follow":"follow"},"og_locale":"es_ES","og_type":"article","og_title":"Condiciones generales de uso del sitio - DATA4","og_description":"ART\u00cdCULO PRELIMINAR Al acceder o al usar el sitio \u00abdata4group.com\u00bb aceptas, sin reservas, el conjunto de las Condiciones Generales de Uso mencionadas a continuaci\u00f3n y te comprometes a cumplirlas. En caso de no aceptaci\u00f3n por tu parte, te rogamos que abandones nuestro sitio y no intentes acceder a \u00e9l. El objeto de las presentes Condiciones [&hellip;]","og_url":"https:\/\/www.data4group.com\/es\/condiciones-de-uso\/","og_site_name":"DATA4 - Smart Data Centers at Scale","article_modified_time":"2022-05-11T08:35:47+00:00","twitter_card":"summary_large_image","twitter_misc":{"Tiempo de lectura":"3 minutos"},"schema":{"@context":"https:\/\/schema.org","@graph":[{"@type":"WebPage","@id":"https:\/\/www.data4group.com\/es\/condiciones-de-uso\/","url":"https:\/\/www.data4group.com\/es\/condiciones-de-uso\/","name":"Condiciones generales de uso del sitio - DATA4","isPartOf":{"@id":"https:\/\/www.data4group.com\/es\/#website"},"datePublished":"2018-04-02T13:11:03+00:00","dateModified":"2022-05-11T08:35:47+00:00","breadcrumb":{"@id":"https:\/\/www.data4group.com\/es\/condiciones-de-uso\/#breadcrumb"},"inLanguage":"es","potentialAction":[{"@type":"ReadAction","target":["https:\/\/www.data4group.com\/es\/condiciones-de-uso\/"]}]},{"@type":"BreadcrumbList","@id":"https:\/\/www.data4group.com\/es\/condiciones-de-uso\/#breadcrumb","itemListElement":[{"@type":"ListItem","position":1,"name":"Inicio","item":"https:\/\/www.data4group.com\/es\/"},{"@type":"ListItem","position":2,"name":"Condiciones generales de uso del sitio"}]},{"@type":"WebSite","@id":"https:\/\/www.data4group.com\/es\/#website","url":"https:\/\/www.data4group.com\/es\/","name":"DATA4 - Smart Data Centers at Scale","description":"Smart Data Centers at Scale","publisher":{"@id":"https:\/\/www.data4group.com\/es\/#organization"},"potentialAction":[{"@type":"SearchAction","target":{"@type":"EntryPoint","urlTemplate":"https:\/\/www.data4group.com\/es\/?s={search_term_string}"},"query-input":{"@type":"PropertyValueSpecification","valueRequired":true,"valueName":"search_term_string"}}],"inLanguage":"es"},{"@type":"Organization","@id":"https:\/\/www.data4group.com\/es\/#organization","name":"DATA4 - Smart datacenters at scale","url":"https:\/\/www.data4group.com\/es\/","logo":{"@type":"ImageObject","inLanguage":"es","@id":"https:\/\/www.data4group.com\/es\/#\/schema\/logo\/image\/","url":"https:\/\/www.data4group.com\/wp-content\/uploads\/2021\/10\/data4-logo.svg","contentUrl":"https:\/\/www.data4group.com\/wp-content\/uploads\/2021\/10\/data4-logo.svg","width":981,"height":558,"caption":"DATA4 - Smart datacenters at scale"},"image":{"@id":"https:\/\/www.data4group.com\/es\/#\/schema\/logo\/image\/"}}]}},"_links":{"self":[{"href":"https:\/\/www.data4group.com\/es\/wp-json\/wp\/v2\/pages\/5942","targetHints":{"allow":["GET"]}}],"collection":[{"href":"https:\/\/www.data4group.com\/es\/wp-json\/wp\/v2\/pages"}],"about":[{"href":"https:\/\/www.data4group.com\/es\/wp-json\/wp\/v2\/types\/page"}],"author":[{"embeddable":true,"href":"https:\/\/www.data4group.com\/es\/wp-json\/wp\/v2\/users\/2"}],"replies":[{"embeddable":true,"href":"https:\/\/www.data4group.com\/es\/wp-json\/wp\/v2\/comments?post=5942"}],"version-history":[{"count":0,"href":"https:\/\/www.data4group.com\/es\/wp-json\/wp\/v2\/pages\/5942\/revisions"}],"wp:attachment":[{"href":"https:\/\/www.data4group.com\/es\/wp-json\/wp\/v2\/media?parent=5942"}],"curies":[{"name":"wp","href":"https:\/\/api.w.org\/{rel}","templated":true}]}}