{"id":5938,"date":"2018-04-02T13:09:06","date_gmt":"2018-04-02T13:09:06","guid":{"rendered":"https:\/\/www.data4group.com\/mentions-legales\/"},"modified":"2022-05-11T08:35:46","modified_gmt":"2022-05-11T08:35:46","slug":"aviso-legal","status":"publish","type":"page","link":"https:\/\/www.data4group.com\/es\/aviso-legal\/","title":{"rendered":"Aviso Legal"},"content":{"rendered":"<p><strong>EDITOR DEL SITIO<\/strong><\/p>\n<p>Raz\u00f3n social: Sociedad por Acciones Simplificada Unipersonal DATA 4 SERVICES<\/p>\n<p>Domicilio social: 6, Rue de la Tr\u00e8moille 75008 Par\u00eds<\/p>\n<p>N\u00famero de tel\u00e9fono: +33 (0)1 53 57 46 91<\/p>\n<p>Capital social: 40\u00a0000 euros<\/p>\n<p>Contacto:\u00a0contact@data4group.com<\/p>\n<p>RCS: PARIS 493\u00a0254\u00a0643<\/p>\n<p>IVA intracomunitario: FR35493254643<\/p>\n<p>Director de publicaci\u00f3n: Youmna Malak<\/p>\n<p>&nbsp;<\/p>\n<p><strong>ALOJADOR DEL SITIO<\/strong><\/p>\n<p>Raz\u00f3n social: GANDI SAS<\/p>\n<p>Domicilio social: 63-65 boulevard Massena Paris (75013) FRANCE<\/p>\n<p>N\u00famero de tel\u00e9fono: +33 (0) 1 70 37 76 61<\/p>\n<p>Capital social: 800\u00a0000 euros<\/p>\n<p>Contacto: direction@gandi.net<\/p>\n<p>Siren 423 093 459 RCS PARIS<\/p>\n<p>&nbsp;<\/p>\n<p><strong>CR\u00c9DITOS:<\/strong><\/p>\n<p>Cr\u00e9ditos de las im\u00e1genes:<br \/>\nKirill Kazachek, en www.flaticon.com.<\/p>\n","protected":false},"excerpt":{"rendered":"<p>EDITOR DEL SITIO Raz\u00f3n social: Sociedad por Acciones Simplificada Unipersonal DATA 4 SERVICES Domicilio social: 6, Rue de la Tr\u00e8moille 75008 Par\u00eds N\u00famero de tel\u00e9fono: +33 (0)1 53 57 46 91 Capital social: 40\u00a0000 euros Contacto:\u00a0contact@data4group.com RCS: PARIS 493\u00a0254\u00a0643 IVA intracomunitario: FR35493254643 Director de publicaci\u00f3n: Youmna Malak &nbsp; ALOJADOR DEL SITIO Raz\u00f3n social: GANDI SAS [&hellip;]<\/p>\n","protected":false},"author":2,"featured_media":0,"parent":0,"menu_order":0,"comment_status":"closed","ping_status":"closed","template":"","meta":{"_acf_changed":false,"footnotes":""},"class_list":["post-5938","page","type-page","status-publish","hentry"],"acf":[],"yoast_head":"<!-- This site is optimized with the Yoast SEO plugin v27.2 - https:\/\/yoast.com\/product\/yoast-seo-wordpress\/ -->\n<title>Aviso Legal - DATA4<\/title>\n<meta name=\"robots\" content=\"noindex, follow\" \/>\n<meta property=\"og:locale\" content=\"es_ES\" \/>\n<meta property=\"og:type\" content=\"article\" \/>\n<meta property=\"og:title\" content=\"Aviso Legal - DATA4\" \/>\n<meta property=\"og:description\" content=\"EDITOR DEL SITIO Raz\u00f3n social: Sociedad por Acciones Simplificada Unipersonal DATA 4 SERVICES Domicilio social: 6, Rue de la Tr\u00e8moille 75008 Par\u00eds N\u00famero de tel\u00e9fono: +33 (0)1 53 57 46 91 Capital social: 40\u00a0000 euros Contacto:\u00a0contact@data4group.com RCS: PARIS 493\u00a0254\u00a0643 IVA intracomunitario: FR35493254643 Director de publicaci\u00f3n: Youmna Malak &nbsp; ALOJADOR DEL SITIO Raz\u00f3n social: GANDI SAS [&hellip;]\" \/>\n<meta property=\"og:url\" content=\"https:\/\/www.data4group.com\/es\/aviso-legal\/\" \/>\n<meta property=\"og:site_name\" content=\"DATA4 - Smart Data Centers at Scale\" \/>\n<meta property=\"article:modified_time\" content=\"2022-05-11T08:35:46+00:00\" \/>\n<meta name=\"twitter:card\" content=\"summary_large_image\" \/>\n<script type=\"application\/ld+json\" class=\"yoast-schema-graph\">{\"@context\":\"https:\/\/schema.org\",\"@graph\":[{\"@type\":\"WebPage\",\"@id\":\"https:\/\/www.data4group.com\/es\/aviso-legal\/\",\"url\":\"https:\/\/www.data4group.com\/es\/aviso-legal\/\",\"name\":\"Aviso Legal - DATA4\",\"isPartOf\":{\"@id\":\"https:\/\/www.data4group.com\/es\/#website\"},\"datePublished\":\"2018-04-02T13:09:06+00:00\",\"dateModified\":\"2022-05-11T08:35:46+00:00\",\"breadcrumb\":{\"@id\":\"https:\/\/www.data4group.com\/es\/aviso-legal\/#breadcrumb\"},\"inLanguage\":\"es\",\"potentialAction\":[{\"@type\":\"ReadAction\",\"target\":[\"https:\/\/www.data4group.com\/es\/aviso-legal\/\"]}]},{\"@type\":\"BreadcrumbList\",\"@id\":\"https:\/\/www.data4group.com\/es\/aviso-legal\/#breadcrumb\",\"itemListElement\":[{\"@type\":\"ListItem\",\"position\":1,\"name\":\"Inicio\",\"item\":\"https:\/\/www.data4group.com\/es\/\"},{\"@type\":\"ListItem\",\"position\":2,\"name\":\"Aviso Legal\"}]},{\"@type\":\"WebSite\",\"@id\":\"https:\/\/www.data4group.com\/es\/#website\",\"url\":\"https:\/\/www.data4group.com\/es\/\",\"name\":\"DATA4 - Smart Data Centers at Scale\",\"description\":\"Smart Data Centers at Scale\",\"publisher\":{\"@id\":\"https:\/\/www.data4group.com\/es\/#organization\"},\"potentialAction\":[{\"@type\":\"SearchAction\",\"target\":{\"@type\":\"EntryPoint\",\"urlTemplate\":\"https:\/\/www.data4group.com\/es\/?s={search_term_string}\"},\"query-input\":{\"@type\":\"PropertyValueSpecification\",\"valueRequired\":true,\"valueName\":\"search_term_string\"}}],\"inLanguage\":\"es\"},{\"@type\":\"Organization\",\"@id\":\"https:\/\/www.data4group.com\/es\/#organization\",\"name\":\"DATA4 - Smart datacenters at scale\",\"url\":\"https:\/\/www.data4group.com\/es\/\",\"logo\":{\"@type\":\"ImageObject\",\"inLanguage\":\"es\",\"@id\":\"https:\/\/www.data4group.com\/es\/#\/schema\/logo\/image\/\",\"url\":\"https:\/\/www.data4group.com\/wp-content\/uploads\/2021\/10\/data4-logo.svg\",\"contentUrl\":\"https:\/\/www.data4group.com\/wp-content\/uploads\/2021\/10\/data4-logo.svg\",\"width\":981,\"height\":558,\"caption\":\"DATA4 - Smart datacenters at scale\"},\"image\":{\"@id\":\"https:\/\/www.data4group.com\/es\/#\/schema\/logo\/image\/\"}}]}<\/script>\n<!-- \/ Yoast SEO plugin. -->","yoast_head_json":{"title":"Aviso Legal - DATA4","robots":{"index":"noindex","follow":"follow"},"og_locale":"es_ES","og_type":"article","og_title":"Aviso Legal - DATA4","og_description":"EDITOR DEL SITIO Raz\u00f3n social: Sociedad por Acciones Simplificada Unipersonal DATA 4 SERVICES Domicilio social: 6, Rue de la Tr\u00e8moille 75008 Par\u00eds N\u00famero de tel\u00e9fono: +33 (0)1 53 57 46 91 Capital social: 40\u00a0000 euros Contacto:\u00a0contact@data4group.com RCS: PARIS 493\u00a0254\u00a0643 IVA intracomunitario: FR35493254643 Director de publicaci\u00f3n: Youmna Malak &nbsp; ALOJADOR DEL SITIO Raz\u00f3n social: GANDI SAS [&hellip;]","og_url":"https:\/\/www.data4group.com\/es\/aviso-legal\/","og_site_name":"DATA4 - Smart Data Centers at Scale","article_modified_time":"2022-05-11T08:35:46+00:00","twitter_card":"summary_large_image","schema":{"@context":"https:\/\/schema.org","@graph":[{"@type":"WebPage","@id":"https:\/\/www.data4group.com\/es\/aviso-legal\/","url":"https:\/\/www.data4group.com\/es\/aviso-legal\/","name":"Aviso Legal - DATA4","isPartOf":{"@id":"https:\/\/www.data4group.com\/es\/#website"},"datePublished":"2018-04-02T13:09:06+00:00","dateModified":"2022-05-11T08:35:46+00:00","breadcrumb":{"@id":"https:\/\/www.data4group.com\/es\/aviso-legal\/#breadcrumb"},"inLanguage":"es","potentialAction":[{"@type":"ReadAction","target":["https:\/\/www.data4group.com\/es\/aviso-legal\/"]}]},{"@type":"BreadcrumbList","@id":"https:\/\/www.data4group.com\/es\/aviso-legal\/#breadcrumb","itemListElement":[{"@type":"ListItem","position":1,"name":"Inicio","item":"https:\/\/www.data4group.com\/es\/"},{"@type":"ListItem","position":2,"name":"Aviso Legal"}]},{"@type":"WebSite","@id":"https:\/\/www.data4group.com\/es\/#website","url":"https:\/\/www.data4group.com\/es\/","name":"DATA4 - Smart Data Centers at Scale","description":"Smart Data Centers at Scale","publisher":{"@id":"https:\/\/www.data4group.com\/es\/#organization"},"potentialAction":[{"@type":"SearchAction","target":{"@type":"EntryPoint","urlTemplate":"https:\/\/www.data4group.com\/es\/?s={search_term_string}"},"query-input":{"@type":"PropertyValueSpecification","valueRequired":true,"valueName":"search_term_string"}}],"inLanguage":"es"},{"@type":"Organization","@id":"https:\/\/www.data4group.com\/es\/#organization","name":"DATA4 - Smart datacenters at scale","url":"https:\/\/www.data4group.com\/es\/","logo":{"@type":"ImageObject","inLanguage":"es","@id":"https:\/\/www.data4group.com\/es\/#\/schema\/logo\/image\/","url":"https:\/\/www.data4group.com\/wp-content\/uploads\/2021\/10\/data4-logo.svg","contentUrl":"https:\/\/www.data4group.com\/wp-content\/uploads\/2021\/10\/data4-logo.svg","width":981,"height":558,"caption":"DATA4 - Smart datacenters at scale"},"image":{"@id":"https:\/\/www.data4group.com\/es\/#\/schema\/logo\/image\/"}}]}},"_links":{"self":[{"href":"https:\/\/www.data4group.com\/es\/wp-json\/wp\/v2\/pages\/5938","targetHints":{"allow":["GET"]}}],"collection":[{"href":"https:\/\/www.data4group.com\/es\/wp-json\/wp\/v2\/pages"}],"about":[{"href":"https:\/\/www.data4group.com\/es\/wp-json\/wp\/v2\/types\/page"}],"author":[{"embeddable":true,"href":"https:\/\/www.data4group.com\/es\/wp-json\/wp\/v2\/users\/2"}],"replies":[{"embeddable":true,"href":"https:\/\/www.data4group.com\/es\/wp-json\/wp\/v2\/comments?post=5938"}],"version-history":[{"count":0,"href":"https:\/\/www.data4group.com\/es\/wp-json\/wp\/v2\/pages\/5938\/revisions"}],"wp:attachment":[{"href":"https:\/\/www.data4group.com\/es\/wp-json\/wp\/v2\/media?parent=5938"}],"curies":[{"name":"wp","href":"https:\/\/api.w.org\/{rel}","templated":true}]}}