{"id":5775,"date":"2018-03-27T21:48:31","date_gmt":"2018-03-27T19:48:31","guid":{"rendered":"https:\/\/www.data4group.com\/portail-client-dedie\/"},"modified":"2026-01-30T15:04:41","modified_gmt":"2026-01-30T14:04:41","slug":"portal-de-gestion-operativa","status":"publish","type":"page","link":"https:\/\/www.data4group.com\/es\/portal-de-gestion-operativa\/","title":{"rendered":"Portal del Cliente Espec\u00edfico"},"content":{"rendered":"","protected":false},"excerpt":{"rendered":"","protected":false},"author":2,"featured_media":0,"parent":0,"menu_order":0,"comment_status":"closed","ping_status":"closed","template":"template-all-blocks.php","meta":{"_acf_changed":false,"footnotes":""},"class_list":["post-5775","page","type-page","status-publish","hentry"],"acf":[],"yoast_head":"<!-- This site is optimized with the Yoast SEO plugin v27.4 - https:\/\/yoast.com\/product\/yoast-seo-wordpress\/ -->\n<title>Portal de gesti\u00f3n operativa\u00a0-\u00a0Gesti\u00f3n de la infraestructura del centro de datos | DATA4<\/title>\n<meta name=\"description\" content=\"DATA4 pone a tu disposici\u00f3n un portal web para que puedas gestionar a distancia tu espacio de alojamiento. El portal est\u00e1 dise\u00f1ado para optimizar y simplificar al m\u00e1ximo la gesti\u00f3n operativa de los entornos inform\u00e1ticos (gesti\u00f3n de la infraestructura del centro de datos) de nuestros clientes.\" \/>\n<meta name=\"robots\" content=\"index, follow, max-snippet:-1, max-image-preview:large, max-video-preview:-1\" \/>\n<link rel=\"canonical\" href=\"https:\/\/www.data4group.com\/es\/portal-de-gestion-operativa\/\" \/>\n<meta property=\"og:locale\" content=\"es_ES\" \/>\n<meta property=\"og:type\" content=\"article\" \/>\n<meta property=\"og:title\" content=\"Portal de gesti\u00f3n operativa\u00a0-\u00a0Gesti\u00f3n de la infraestructura del centro de datos | DATA4\" \/>\n<meta property=\"og:description\" content=\"DATA4 pone a tu disposici\u00f3n un portal web para que puedas gestionar a distancia tu espacio de alojamiento. El portal est\u00e1 dise\u00f1ado para optimizar y simplificar al m\u00e1ximo la gesti\u00f3n operativa de los entornos inform\u00e1ticos (gesti\u00f3n de la infraestructura del centro de datos) de nuestros clientes.\" \/>\n<meta property=\"og:url\" content=\"https:\/\/www.data4group.com\/es\/portal-de-gestion-operativa\/\" \/>\n<meta property=\"og:site_name\" content=\"DATA4 - Smart Data Centers at Scale\" \/>\n<meta property=\"article:modified_time\" content=\"2026-01-30T14:04:41+00:00\" \/>\n<meta name=\"twitter:card\" content=\"summary_large_image\" \/>\n<script type=\"application\/ld+json\" class=\"yoast-schema-graph\">{\"@context\":\"https:\\\/\\\/schema.org\",\"@graph\":[{\"@type\":\"WebPage\",\"@id\":\"https:\\\/\\\/www.data4group.com\\\/es\\\/portal-de-gestion-operativa\\\/\",\"url\":\"https:\\\/\\\/www.data4group.com\\\/es\\\/portal-de-gestion-operativa\\\/\",\"name\":\"Portal de gesti\u00f3n operativa\u00a0-\u00a0Gesti\u00f3n de la infraestructura del centro de datos | DATA4\",\"isPartOf\":{\"@id\":\"https:\\\/\\\/www.data4group.com\\\/es\\\/#website\"},\"datePublished\":\"2018-03-27T19:48:31+00:00\",\"dateModified\":\"2026-01-30T14:04:41+00:00\",\"description\":\"DATA4 pone a tu disposici\u00f3n un portal web para que puedas gestionar a distancia tu espacio de alojamiento. El portal est\u00e1 dise\u00f1ado para optimizar y simplificar al m\u00e1ximo la gesti\u00f3n operativa de los entornos inform\u00e1ticos (gesti\u00f3n de la infraestructura del centro de datos) de nuestros clientes.\",\"breadcrumb\":{\"@id\":\"https:\\\/\\\/www.data4group.com\\\/es\\\/portal-de-gestion-operativa\\\/#breadcrumb\"},\"inLanguage\":\"es\",\"potentialAction\":[{\"@type\":\"ReadAction\",\"target\":[\"https:\\\/\\\/www.data4group.com\\\/es\\\/portal-de-gestion-operativa\\\/\"]}]},{\"@type\":\"BreadcrumbList\",\"@id\":\"https:\\\/\\\/www.data4group.com\\\/es\\\/portal-de-gestion-operativa\\\/#breadcrumb\",\"itemListElement\":[{\"@type\":\"ListItem\",\"position\":1,\"name\":\"Inicio\",\"item\":\"https:\\\/\\\/www.data4group.com\\\/es\\\/\"},{\"@type\":\"ListItem\",\"position\":2,\"name\":\"Portal del Cliente Espec\u00edfico\"}]},{\"@type\":\"WebSite\",\"@id\":\"https:\\\/\\\/www.data4group.com\\\/es\\\/#website\",\"url\":\"https:\\\/\\\/www.data4group.com\\\/es\\\/\",\"name\":\"DATA4 - Smart Data Centers at Scale\",\"description\":\"Smart Data Centers at Scale\",\"publisher\":{\"@id\":\"https:\\\/\\\/www.data4group.com\\\/es\\\/#organization\"},\"potentialAction\":[{\"@type\":\"SearchAction\",\"target\":{\"@type\":\"EntryPoint\",\"urlTemplate\":\"https:\\\/\\\/www.data4group.com\\\/es\\\/?s={search_term_string}\"},\"query-input\":{\"@type\":\"PropertyValueSpecification\",\"valueRequired\":true,\"valueName\":\"search_term_string\"}}],\"inLanguage\":\"es\"},{\"@type\":\"Organization\",\"@id\":\"https:\\\/\\\/www.data4group.com\\\/es\\\/#organization\",\"name\":\"DATA4 - Smart datacenters at scale\",\"url\":\"https:\\\/\\\/www.data4group.com\\\/es\\\/\",\"logo\":{\"@type\":\"ImageObject\",\"inLanguage\":\"es\",\"@id\":\"https:\\\/\\\/www.data4group.com\\\/es\\\/#\\\/schema\\\/logo\\\/image\\\/\",\"url\":\"https:\\\/\\\/www.data4group.com\\\/wp-content\\\/uploads\\\/2021\\\/10\\\/data4-logo.svg\",\"contentUrl\":\"https:\\\/\\\/www.data4group.com\\\/wp-content\\\/uploads\\\/2021\\\/10\\\/data4-logo.svg\",\"width\":981,\"height\":558,\"caption\":\"DATA4 - Smart datacenters at scale\"},\"image\":{\"@id\":\"https:\\\/\\\/www.data4group.com\\\/es\\\/#\\\/schema\\\/logo\\\/image\\\/\"}}]}<\/script>\n<!-- \/ Yoast SEO plugin. -->","yoast_head_json":{"title":"Portal de gesti\u00f3n operativa\u00a0-\u00a0Gesti\u00f3n de la infraestructura del centro de datos | DATA4","description":"DATA4 pone a tu disposici\u00f3n un portal web para que puedas gestionar a distancia tu espacio de alojamiento. El portal est\u00e1 dise\u00f1ado para optimizar y simplificar al m\u00e1ximo la gesti\u00f3n operativa de los entornos inform\u00e1ticos (gesti\u00f3n de la infraestructura del centro de datos) de nuestros clientes.","robots":{"index":"index","follow":"follow","max-snippet":"max-snippet:-1","max-image-preview":"max-image-preview:large","max-video-preview":"max-video-preview:-1"},"canonical":"https:\/\/www.data4group.com\/es\/portal-de-gestion-operativa\/","og_locale":"es_ES","og_type":"article","og_title":"Portal de gesti\u00f3n operativa\u00a0-\u00a0Gesti\u00f3n de la infraestructura del centro de datos | DATA4","og_description":"DATA4 pone a tu disposici\u00f3n un portal web para que puedas gestionar a distancia tu espacio de alojamiento. El portal est\u00e1 dise\u00f1ado para optimizar y simplificar al m\u00e1ximo la gesti\u00f3n operativa de los entornos inform\u00e1ticos (gesti\u00f3n de la infraestructura del centro de datos) de nuestros clientes.","og_url":"https:\/\/www.data4group.com\/es\/portal-de-gestion-operativa\/","og_site_name":"DATA4 - Smart Data Centers at Scale","article_modified_time":"2026-01-30T14:04:41+00:00","twitter_card":"summary_large_image","schema":{"@context":"https:\/\/schema.org","@graph":[{"@type":"WebPage","@id":"https:\/\/www.data4group.com\/es\/portal-de-gestion-operativa\/","url":"https:\/\/www.data4group.com\/es\/portal-de-gestion-operativa\/","name":"Portal de gesti\u00f3n operativa\u00a0-\u00a0Gesti\u00f3n de la infraestructura del centro de datos | DATA4","isPartOf":{"@id":"https:\/\/www.data4group.com\/es\/#website"},"datePublished":"2018-03-27T19:48:31+00:00","dateModified":"2026-01-30T14:04:41+00:00","description":"DATA4 pone a tu disposici\u00f3n un portal web para que puedas gestionar a distancia tu espacio de alojamiento. El portal est\u00e1 dise\u00f1ado para optimizar y simplificar al m\u00e1ximo la gesti\u00f3n operativa de los entornos inform\u00e1ticos (gesti\u00f3n de la infraestructura del centro de datos) de nuestros clientes.","breadcrumb":{"@id":"https:\/\/www.data4group.com\/es\/portal-de-gestion-operativa\/#breadcrumb"},"inLanguage":"es","potentialAction":[{"@type":"ReadAction","target":["https:\/\/www.data4group.com\/es\/portal-de-gestion-operativa\/"]}]},{"@type":"BreadcrumbList","@id":"https:\/\/www.data4group.com\/es\/portal-de-gestion-operativa\/#breadcrumb","itemListElement":[{"@type":"ListItem","position":1,"name":"Inicio","item":"https:\/\/www.data4group.com\/es\/"},{"@type":"ListItem","position":2,"name":"Portal del Cliente Espec\u00edfico"}]},{"@type":"WebSite","@id":"https:\/\/www.data4group.com\/es\/#website","url":"https:\/\/www.data4group.com\/es\/","name":"DATA4 - Smart Data Centers at Scale","description":"Smart Data Centers at Scale","publisher":{"@id":"https:\/\/www.data4group.com\/es\/#organization"},"potentialAction":[{"@type":"SearchAction","target":{"@type":"EntryPoint","urlTemplate":"https:\/\/www.data4group.com\/es\/?s={search_term_string}"},"query-input":{"@type":"PropertyValueSpecification","valueRequired":true,"valueName":"search_term_string"}}],"inLanguage":"es"},{"@type":"Organization","@id":"https:\/\/www.data4group.com\/es\/#organization","name":"DATA4 - Smart datacenters at scale","url":"https:\/\/www.data4group.com\/es\/","logo":{"@type":"ImageObject","inLanguage":"es","@id":"https:\/\/www.data4group.com\/es\/#\/schema\/logo\/image\/","url":"https:\/\/www.data4group.com\/wp-content\/uploads\/2021\/10\/data4-logo.svg","contentUrl":"https:\/\/www.data4group.com\/wp-content\/uploads\/2021\/10\/data4-logo.svg","width":981,"height":558,"caption":"DATA4 - Smart datacenters at scale"},"image":{"@id":"https:\/\/www.data4group.com\/es\/#\/schema\/logo\/image\/"}}]}},"_links":{"self":[{"href":"https:\/\/www.data4group.com\/es\/wp-json\/wp\/v2\/pages\/5775","targetHints":{"allow":["GET"]}}],"collection":[{"href":"https:\/\/www.data4group.com\/es\/wp-json\/wp\/v2\/pages"}],"about":[{"href":"https:\/\/www.data4group.com\/es\/wp-json\/wp\/v2\/types\/page"}],"author":[{"embeddable":true,"href":"https:\/\/www.data4group.com\/es\/wp-json\/wp\/v2\/users\/2"}],"replies":[{"embeddable":true,"href":"https:\/\/www.data4group.com\/es\/wp-json\/wp\/v2\/comments?post=5775"}],"version-history":[{"count":0,"href":"https:\/\/www.data4group.com\/es\/wp-json\/wp\/v2\/pages\/5775\/revisions"}],"wp:attachment":[{"href":"https:\/\/www.data4group.com\/es\/wp-json\/wp\/v2\/media?parent=5775"}],"curies":[{"name":"wp","href":"https:\/\/api.w.org\/{rel}","templated":true}]}}