{"id":5739,"date":"2018-03-15T12:09:09","date_gmt":"2018-03-15T12:09:09","guid":{"rendered":"https:\/\/www.data4group.com\/connectivite-reseau-datacenter\/"},"modified":"2022-05-11T08:35:47","modified_gmt":"2022-05-11T08:35:47","slug":"conectividad-red-centrosdedatos","status":"publish","type":"page","link":"https:\/\/www.data4group.com\/es\/conectividad-red-centrosdedatos\/","title":{"rendered":"Conectividad"},"content":{"rendered":"","protected":false},"excerpt":{"rendered":"","protected":false},"author":2,"featured_media":0,"parent":0,"menu_order":0,"comment_status":"closed","ping_status":"closed","template":"template-all-blocks.php","meta":{"_acf_changed":false,"footnotes":""},"class_list":["post-5739","page","type-page","status-publish","hentry"],"acf":[],"yoast_head":"<!-- This site is optimized with the Yoast SEO plugin v27.4 - https:\/\/yoast.com\/product\/yoast-seo-wordpress\/ -->\n<title>Conectividad de la red de los centros de datos | DATA4<\/title>\n<meta name=\"description\" content=\"Los campus de DATA4 est\u00e1n conectados a trav\u00e9s de importantes infraestructuras que incluyen varias rutas f\u00edsicas completamente independientes. La conectividad de la red est\u00e1 garantizada por varias centenas de fibras oscuras que conectan las redes metropolitanas de los operadores entre Par\u00eds-Marcoussis, Mil\u00e1n y Luxemburgo.\" \/>\n<meta name=\"robots\" content=\"index, follow, max-snippet:-1, max-image-preview:large, max-video-preview:-1\" \/>\n<link rel=\"canonical\" href=\"https:\/\/www.data4group.com\/es\/conectividad-red-centrosdedatos\/\" \/>\n<meta property=\"og:locale\" content=\"es_ES\" \/>\n<meta property=\"og:type\" content=\"article\" \/>\n<meta property=\"og:title\" content=\"Conectividad de la red de los centros de datos | DATA4\" \/>\n<meta property=\"og:description\" content=\"Los campus de DATA4 est\u00e1n conectados a trav\u00e9s de importantes infraestructuras que incluyen varias rutas f\u00edsicas completamente independientes. La conectividad de la red est\u00e1 garantizada por varias centenas de fibras oscuras que conectan las redes metropolitanas de los operadores entre Par\u00eds-Marcoussis, Mil\u00e1n y Luxemburgo.\" \/>\n<meta property=\"og:url\" content=\"https:\/\/www.data4group.com\/es\/conectividad-red-centrosdedatos\/\" \/>\n<meta property=\"og:site_name\" content=\"DATA4 - Smart Data Centers at Scale\" \/>\n<meta property=\"article:modified_time\" content=\"2022-05-11T08:35:47+00:00\" \/>\n<meta name=\"twitter:card\" content=\"summary_large_image\" \/>\n<script type=\"application\/ld+json\" class=\"yoast-schema-graph\">{\"@context\":\"https:\\\/\\\/schema.org\",\"@graph\":[{\"@type\":\"WebPage\",\"@id\":\"https:\\\/\\\/www.data4group.com\\\/es\\\/conectividad-red-centrosdedatos\\\/\",\"url\":\"https:\\\/\\\/www.data4group.com\\\/es\\\/conectividad-red-centrosdedatos\\\/\",\"name\":\"Conectividad de la red de los centros de datos | DATA4\",\"isPartOf\":{\"@id\":\"https:\\\/\\\/www.data4group.com\\\/es\\\/#website\"},\"datePublished\":\"2018-03-15T12:09:09+00:00\",\"dateModified\":\"2022-05-11T08:35:47+00:00\",\"description\":\"Los campus de DATA4 est\u00e1n conectados a trav\u00e9s de importantes infraestructuras que incluyen varias rutas f\u00edsicas completamente independientes. La conectividad de la red est\u00e1 garantizada por varias centenas de fibras oscuras que conectan las redes metropolitanas de los operadores entre Par\u00eds-Marcoussis, Mil\u00e1n y Luxemburgo.\",\"breadcrumb\":{\"@id\":\"https:\\\/\\\/www.data4group.com\\\/es\\\/conectividad-red-centrosdedatos\\\/#breadcrumb\"},\"inLanguage\":\"es\",\"potentialAction\":[{\"@type\":\"ReadAction\",\"target\":[\"https:\\\/\\\/www.data4group.com\\\/es\\\/conectividad-red-centrosdedatos\\\/\"]}]},{\"@type\":\"BreadcrumbList\",\"@id\":\"https:\\\/\\\/www.data4group.com\\\/es\\\/conectividad-red-centrosdedatos\\\/#breadcrumb\",\"itemListElement\":[{\"@type\":\"ListItem\",\"position\":1,\"name\":\"Inicio\",\"item\":\"https:\\\/\\\/www.data4group.com\\\/es\\\/\"},{\"@type\":\"ListItem\",\"position\":2,\"name\":\"Conectividad\"}]},{\"@type\":\"WebSite\",\"@id\":\"https:\\\/\\\/www.data4group.com\\\/es\\\/#website\",\"url\":\"https:\\\/\\\/www.data4group.com\\\/es\\\/\",\"name\":\"DATA4 - Smart Data Centers at Scale\",\"description\":\"Smart Data Centers at Scale\",\"publisher\":{\"@id\":\"https:\\\/\\\/www.data4group.com\\\/es\\\/#organization\"},\"potentialAction\":[{\"@type\":\"SearchAction\",\"target\":{\"@type\":\"EntryPoint\",\"urlTemplate\":\"https:\\\/\\\/www.data4group.com\\\/es\\\/?s={search_term_string}\"},\"query-input\":{\"@type\":\"PropertyValueSpecification\",\"valueRequired\":true,\"valueName\":\"search_term_string\"}}],\"inLanguage\":\"es\"},{\"@type\":\"Organization\",\"@id\":\"https:\\\/\\\/www.data4group.com\\\/es\\\/#organization\",\"name\":\"DATA4 - Smart datacenters at scale\",\"url\":\"https:\\\/\\\/www.data4group.com\\\/es\\\/\",\"logo\":{\"@type\":\"ImageObject\",\"inLanguage\":\"es\",\"@id\":\"https:\\\/\\\/www.data4group.com\\\/es\\\/#\\\/schema\\\/logo\\\/image\\\/\",\"url\":\"https:\\\/\\\/www.data4group.com\\\/wp-content\\\/uploads\\\/2021\\\/10\\\/data4-logo.svg\",\"contentUrl\":\"https:\\\/\\\/www.data4group.com\\\/wp-content\\\/uploads\\\/2021\\\/10\\\/data4-logo.svg\",\"width\":981,\"height\":558,\"caption\":\"DATA4 - Smart datacenters at scale\"},\"image\":{\"@id\":\"https:\\\/\\\/www.data4group.com\\\/es\\\/#\\\/schema\\\/logo\\\/image\\\/\"}}]}<\/script>\n<!-- \/ Yoast SEO plugin. -->","yoast_head_json":{"title":"Conectividad de la red de los centros de datos | DATA4","description":"Los campus de DATA4 est\u00e1n conectados a trav\u00e9s de importantes infraestructuras que incluyen varias rutas f\u00edsicas completamente independientes. La conectividad de la red est\u00e1 garantizada por varias centenas de fibras oscuras que conectan las redes metropolitanas de los operadores entre Par\u00eds-Marcoussis, Mil\u00e1n y Luxemburgo.","robots":{"index":"index","follow":"follow","max-snippet":"max-snippet:-1","max-image-preview":"max-image-preview:large","max-video-preview":"max-video-preview:-1"},"canonical":"https:\/\/www.data4group.com\/es\/conectividad-red-centrosdedatos\/","og_locale":"es_ES","og_type":"article","og_title":"Conectividad de la red de los centros de datos | DATA4","og_description":"Los campus de DATA4 est\u00e1n conectados a trav\u00e9s de importantes infraestructuras que incluyen varias rutas f\u00edsicas completamente independientes. La conectividad de la red est\u00e1 garantizada por varias centenas de fibras oscuras que conectan las redes metropolitanas de los operadores entre Par\u00eds-Marcoussis, Mil\u00e1n y Luxemburgo.","og_url":"https:\/\/www.data4group.com\/es\/conectividad-red-centrosdedatos\/","og_site_name":"DATA4 - Smart Data Centers at Scale","article_modified_time":"2022-05-11T08:35:47+00:00","twitter_card":"summary_large_image","schema":{"@context":"https:\/\/schema.org","@graph":[{"@type":"WebPage","@id":"https:\/\/www.data4group.com\/es\/conectividad-red-centrosdedatos\/","url":"https:\/\/www.data4group.com\/es\/conectividad-red-centrosdedatos\/","name":"Conectividad de la red de los centros de datos | DATA4","isPartOf":{"@id":"https:\/\/www.data4group.com\/es\/#website"},"datePublished":"2018-03-15T12:09:09+00:00","dateModified":"2022-05-11T08:35:47+00:00","description":"Los campus de DATA4 est\u00e1n conectados a trav\u00e9s de importantes infraestructuras que incluyen varias rutas f\u00edsicas completamente independientes. La conectividad de la red est\u00e1 garantizada por varias centenas de fibras oscuras que conectan las redes metropolitanas de los operadores entre Par\u00eds-Marcoussis, Mil\u00e1n y Luxemburgo.","breadcrumb":{"@id":"https:\/\/www.data4group.com\/es\/conectividad-red-centrosdedatos\/#breadcrumb"},"inLanguage":"es","potentialAction":[{"@type":"ReadAction","target":["https:\/\/www.data4group.com\/es\/conectividad-red-centrosdedatos\/"]}]},{"@type":"BreadcrumbList","@id":"https:\/\/www.data4group.com\/es\/conectividad-red-centrosdedatos\/#breadcrumb","itemListElement":[{"@type":"ListItem","position":1,"name":"Inicio","item":"https:\/\/www.data4group.com\/es\/"},{"@type":"ListItem","position":2,"name":"Conectividad"}]},{"@type":"WebSite","@id":"https:\/\/www.data4group.com\/es\/#website","url":"https:\/\/www.data4group.com\/es\/","name":"DATA4 - Smart Data Centers at Scale","description":"Smart Data Centers at Scale","publisher":{"@id":"https:\/\/www.data4group.com\/es\/#organization"},"potentialAction":[{"@type":"SearchAction","target":{"@type":"EntryPoint","urlTemplate":"https:\/\/www.data4group.com\/es\/?s={search_term_string}"},"query-input":{"@type":"PropertyValueSpecification","valueRequired":true,"valueName":"search_term_string"}}],"inLanguage":"es"},{"@type":"Organization","@id":"https:\/\/www.data4group.com\/es\/#organization","name":"DATA4 - Smart datacenters at scale","url":"https:\/\/www.data4group.com\/es\/","logo":{"@type":"ImageObject","inLanguage":"es","@id":"https:\/\/www.data4group.com\/es\/#\/schema\/logo\/image\/","url":"https:\/\/www.data4group.com\/wp-content\/uploads\/2021\/10\/data4-logo.svg","contentUrl":"https:\/\/www.data4group.com\/wp-content\/uploads\/2021\/10\/data4-logo.svg","width":981,"height":558,"caption":"DATA4 - Smart datacenters at scale"},"image":{"@id":"https:\/\/www.data4group.com\/es\/#\/schema\/logo\/image\/"}}]}},"_links":{"self":[{"href":"https:\/\/www.data4group.com\/es\/wp-json\/wp\/v2\/pages\/5739","targetHints":{"allow":["GET"]}}],"collection":[{"href":"https:\/\/www.data4group.com\/es\/wp-json\/wp\/v2\/pages"}],"about":[{"href":"https:\/\/www.data4group.com\/es\/wp-json\/wp\/v2\/types\/page"}],"author":[{"embeddable":true,"href":"https:\/\/www.data4group.com\/es\/wp-json\/wp\/v2\/users\/2"}],"replies":[{"embeddable":true,"href":"https:\/\/www.data4group.com\/es\/wp-json\/wp\/v2\/comments?post=5739"}],"version-history":[{"count":0,"href":"https:\/\/www.data4group.com\/es\/wp-json\/wp\/v2\/pages\/5739\/revisions"}],"wp:attachment":[{"href":"https:\/\/www.data4group.com\/es\/wp-json\/wp\/v2\/media?parent=5739"}],"curies":[{"name":"wp","href":"https:\/\/api.w.org\/{rel}","templated":true}]}}