{"id":5721,"date":"2018-04-01T19:09:52","date_gmt":"2018-04-01T17:09:52","guid":{"rendered":"https:\/\/www.data4group.com\/data-center-paris-france\/"},"modified":"2025-10-27T17:22:33","modified_gmt":"2025-10-27T16:22:33","slug":"centro-de-datos-paris-francia","status":"publish","type":"page","link":"https:\/\/www.data4group.com\/es\/centro-de-datos-paris-francia\/","title":{"rendered":"Nuestros campus de centros de datos en Francia"},"content":{"rendered":"<p>&nbsp;<\/p>\n<div id=\"mciapp-exclusion-container\"><\/div>\n","protected":false},"excerpt":{"rendered":"<p>&nbsp;<\/p>\n","protected":false},"author":2,"featured_media":0,"parent":0,"menu_order":0,"comment_status":"closed","ping_status":"closed","template":"template-campus.php","meta":{"_acf_changed":false,"footnotes":""},"class_list":["post-5721","page","type-page","status-publish","hentry"],"acf":[],"yoast_head":"<!-- This site is optimized with the Yoast SEO plugin v27.4 - https:\/\/yoast.com\/product\/yoast-seo-wordpress\/ -->\n<title>Centro de datos de Par\u00eds, Francia\u00a0-\u00a0Alojamiento y alquiler compartido de centros de datos | DATA4<\/title>\n<meta name=\"description\" content=\"El campus de centros de datos de Par\u00eds-Saclay es el campus m\u00e1s grande y potente de Francia, e incluso de Europa. Una localizaci\u00f3n ideal y funcional para tus equipos y una plataforma de centros de datos hiperconectados para tus proyectos de alojamiento inform\u00e1tico, en alquiler compartido o edificio espec\u00edfico.\" \/>\n<meta name=\"robots\" content=\"index, follow, max-snippet:-1, max-image-preview:large, max-video-preview:-1\" \/>\n<link rel=\"canonical\" href=\"https:\/\/www.data4group.com\/es\/centro-de-datos-paris-francia\/\" \/>\n<meta property=\"og:locale\" content=\"es_ES\" \/>\n<meta property=\"og:type\" content=\"article\" \/>\n<meta property=\"og:title\" content=\"Centro de datos de Par\u00eds, Francia\u00a0-\u00a0Alojamiento y alquiler compartido de centros de datos | DATA4\" \/>\n<meta property=\"og:description\" content=\"El campus de centros de datos de Par\u00eds-Saclay es el campus m\u00e1s grande y potente de Francia, e incluso de Europa. Una localizaci\u00f3n ideal y funcional para tus equipos y una plataforma de centros de datos hiperconectados para tus proyectos de alojamiento inform\u00e1tico, en alquiler compartido o edificio espec\u00edfico.\" \/>\n<meta property=\"og:url\" content=\"https:\/\/www.data4group.com\/es\/centro-de-datos-paris-francia\/\" \/>\n<meta property=\"og:site_name\" content=\"DATA4 - Smart Data Centers at Scale\" \/>\n<meta property=\"article:modified_time\" content=\"2025-10-27T16:22:33+00:00\" \/>\n<meta name=\"twitter:card\" content=\"summary_large_image\" \/>\n<script type=\"application\/ld+json\" class=\"yoast-schema-graph\">{\"@context\":\"https:\\\/\\\/schema.org\",\"@graph\":[{\"@type\":\"WebPage\",\"@id\":\"https:\\\/\\\/www.data4group.com\\\/es\\\/centro-de-datos-paris-francia\\\/\",\"url\":\"https:\\\/\\\/www.data4group.com\\\/es\\\/centro-de-datos-paris-francia\\\/\",\"name\":\"Centro de datos de Par\u00eds, Francia\u00a0-\u00a0Alojamiento y alquiler compartido de centros de datos | DATA4\",\"isPartOf\":{\"@id\":\"https:\\\/\\\/www.data4group.com\\\/es\\\/#website\"},\"datePublished\":\"2018-04-01T17:09:52+00:00\",\"dateModified\":\"2025-10-27T16:22:33+00:00\",\"description\":\"El campus de centros de datos de Par\u00eds-Saclay es el campus m\u00e1s grande y potente de Francia, e incluso de Europa. Una localizaci\u00f3n ideal y funcional para tus equipos y una plataforma de centros de datos hiperconectados para tus proyectos de alojamiento inform\u00e1tico, en alquiler compartido o edificio espec\u00edfico.\",\"breadcrumb\":{\"@id\":\"https:\\\/\\\/www.data4group.com\\\/es\\\/centro-de-datos-paris-francia\\\/#breadcrumb\"},\"inLanguage\":\"es\",\"potentialAction\":[{\"@type\":\"ReadAction\",\"target\":[\"https:\\\/\\\/www.data4group.com\\\/es\\\/centro-de-datos-paris-francia\\\/\"]}]},{\"@type\":\"BreadcrumbList\",\"@id\":\"https:\\\/\\\/www.data4group.com\\\/es\\\/centro-de-datos-paris-francia\\\/#breadcrumb\",\"itemListElement\":[{\"@type\":\"ListItem\",\"position\":1,\"name\":\"Inicio\",\"item\":\"https:\\\/\\\/www.data4group.com\\\/es\\\/\"},{\"@type\":\"ListItem\",\"position\":2,\"name\":\"Nuestros campus de centros de datos en Francia\"}]},{\"@type\":\"WebSite\",\"@id\":\"https:\\\/\\\/www.data4group.com\\\/es\\\/#website\",\"url\":\"https:\\\/\\\/www.data4group.com\\\/es\\\/\",\"name\":\"DATA4 - Smart Data Centers at Scale\",\"description\":\"Smart Data Centers at Scale\",\"publisher\":{\"@id\":\"https:\\\/\\\/www.data4group.com\\\/es\\\/#organization\"},\"potentialAction\":[{\"@type\":\"SearchAction\",\"target\":{\"@type\":\"EntryPoint\",\"urlTemplate\":\"https:\\\/\\\/www.data4group.com\\\/es\\\/?s={search_term_string}\"},\"query-input\":{\"@type\":\"PropertyValueSpecification\",\"valueRequired\":true,\"valueName\":\"search_term_string\"}}],\"inLanguage\":\"es\"},{\"@type\":\"Organization\",\"@id\":\"https:\\\/\\\/www.data4group.com\\\/es\\\/#organization\",\"name\":\"DATA4 - Smart datacenters at scale\",\"url\":\"https:\\\/\\\/www.data4group.com\\\/es\\\/\",\"logo\":{\"@type\":\"ImageObject\",\"inLanguage\":\"es\",\"@id\":\"https:\\\/\\\/www.data4group.com\\\/es\\\/#\\\/schema\\\/logo\\\/image\\\/\",\"url\":\"https:\\\/\\\/www.data4group.com\\\/wp-content\\\/uploads\\\/2021\\\/10\\\/data4-logo.svg\",\"contentUrl\":\"https:\\\/\\\/www.data4group.com\\\/wp-content\\\/uploads\\\/2021\\\/10\\\/data4-logo.svg\",\"width\":981,\"height\":558,\"caption\":\"DATA4 - Smart datacenters at scale\"},\"image\":{\"@id\":\"https:\\\/\\\/www.data4group.com\\\/es\\\/#\\\/schema\\\/logo\\\/image\\\/\"}}]}<\/script>\n<!-- \/ Yoast SEO plugin. -->","yoast_head_json":{"title":"Centro de datos de Par\u00eds, Francia\u00a0-\u00a0Alojamiento y alquiler compartido de centros de datos | DATA4","description":"El campus de centros de datos de Par\u00eds-Saclay es el campus m\u00e1s grande y potente de Francia, e incluso de Europa. Una localizaci\u00f3n ideal y funcional para tus equipos y una plataforma de centros de datos hiperconectados para tus proyectos de alojamiento inform\u00e1tico, en alquiler compartido o edificio espec\u00edfico.","robots":{"index":"index","follow":"follow","max-snippet":"max-snippet:-1","max-image-preview":"max-image-preview:large","max-video-preview":"max-video-preview:-1"},"canonical":"https:\/\/www.data4group.com\/es\/centro-de-datos-paris-francia\/","og_locale":"es_ES","og_type":"article","og_title":"Centro de datos de Par\u00eds, Francia\u00a0-\u00a0Alojamiento y alquiler compartido de centros de datos | DATA4","og_description":"El campus de centros de datos de Par\u00eds-Saclay es el campus m\u00e1s grande y potente de Francia, e incluso de Europa. Una localizaci\u00f3n ideal y funcional para tus equipos y una plataforma de centros de datos hiperconectados para tus proyectos de alojamiento inform\u00e1tico, en alquiler compartido o edificio espec\u00edfico.","og_url":"https:\/\/www.data4group.com\/es\/centro-de-datos-paris-francia\/","og_site_name":"DATA4 - Smart Data Centers at Scale","article_modified_time":"2025-10-27T16:22:33+00:00","twitter_card":"summary_large_image","schema":{"@context":"https:\/\/schema.org","@graph":[{"@type":"WebPage","@id":"https:\/\/www.data4group.com\/es\/centro-de-datos-paris-francia\/","url":"https:\/\/www.data4group.com\/es\/centro-de-datos-paris-francia\/","name":"Centro de datos de Par\u00eds, Francia\u00a0-\u00a0Alojamiento y alquiler compartido de centros de datos | DATA4","isPartOf":{"@id":"https:\/\/www.data4group.com\/es\/#website"},"datePublished":"2018-04-01T17:09:52+00:00","dateModified":"2025-10-27T16:22:33+00:00","description":"El campus de centros de datos de Par\u00eds-Saclay es el campus m\u00e1s grande y potente de Francia, e incluso de Europa. Una localizaci\u00f3n ideal y funcional para tus equipos y una plataforma de centros de datos hiperconectados para tus proyectos de alojamiento inform\u00e1tico, en alquiler compartido o edificio espec\u00edfico.","breadcrumb":{"@id":"https:\/\/www.data4group.com\/es\/centro-de-datos-paris-francia\/#breadcrumb"},"inLanguage":"es","potentialAction":[{"@type":"ReadAction","target":["https:\/\/www.data4group.com\/es\/centro-de-datos-paris-francia\/"]}]},{"@type":"BreadcrumbList","@id":"https:\/\/www.data4group.com\/es\/centro-de-datos-paris-francia\/#breadcrumb","itemListElement":[{"@type":"ListItem","position":1,"name":"Inicio","item":"https:\/\/www.data4group.com\/es\/"},{"@type":"ListItem","position":2,"name":"Nuestros campus de centros de datos en Francia"}]},{"@type":"WebSite","@id":"https:\/\/www.data4group.com\/es\/#website","url":"https:\/\/www.data4group.com\/es\/","name":"DATA4 - Smart Data Centers at Scale","description":"Smart Data Centers at Scale","publisher":{"@id":"https:\/\/www.data4group.com\/es\/#organization"},"potentialAction":[{"@type":"SearchAction","target":{"@type":"EntryPoint","urlTemplate":"https:\/\/www.data4group.com\/es\/?s={search_term_string}"},"query-input":{"@type":"PropertyValueSpecification","valueRequired":true,"valueName":"search_term_string"}}],"inLanguage":"es"},{"@type":"Organization","@id":"https:\/\/www.data4group.com\/es\/#organization","name":"DATA4 - Smart datacenters at scale","url":"https:\/\/www.data4group.com\/es\/","logo":{"@type":"ImageObject","inLanguage":"es","@id":"https:\/\/www.data4group.com\/es\/#\/schema\/logo\/image\/","url":"https:\/\/www.data4group.com\/wp-content\/uploads\/2021\/10\/data4-logo.svg","contentUrl":"https:\/\/www.data4group.com\/wp-content\/uploads\/2021\/10\/data4-logo.svg","width":981,"height":558,"caption":"DATA4 - Smart datacenters at scale"},"image":{"@id":"https:\/\/www.data4group.com\/es\/#\/schema\/logo\/image\/"}}]}},"_links":{"self":[{"href":"https:\/\/www.data4group.com\/es\/wp-json\/wp\/v2\/pages\/5721","targetHints":{"allow":["GET"]}}],"collection":[{"href":"https:\/\/www.data4group.com\/es\/wp-json\/wp\/v2\/pages"}],"about":[{"href":"https:\/\/www.data4group.com\/es\/wp-json\/wp\/v2\/types\/page"}],"author":[{"embeddable":true,"href":"https:\/\/www.data4group.com\/es\/wp-json\/wp\/v2\/users\/2"}],"replies":[{"embeddable":true,"href":"https:\/\/www.data4group.com\/es\/wp-json\/wp\/v2\/comments?post=5721"}],"version-history":[{"count":0,"href":"https:\/\/www.data4group.com\/es\/wp-json\/wp\/v2\/pages\/5721\/revisions"}],"wp:attachment":[{"href":"https:\/\/www.data4group.com\/es\/wp-json\/wp\/v2\/media?parent=5721"}],"curies":[{"name":"wp","href":"https:\/\/api.w.org\/{rel}","templated":true}]}}