{"id":34071,"date":"2025-10-29T13:32:56","date_gmt":"2025-10-29T12:32:56","guid":{"rendered":"https:\/\/www.data4group.com\/?page_id=34071"},"modified":"2025-10-29T13:45:53","modified_gmt":"2025-10-29T12:45:53","slug":"nuestra-politica-de-desarrollo-sostenible","status":"publish","type":"page","link":"https:\/\/www.data4group.com\/es\/nuestra-politica-de-desarrollo-sostenible\/","title":{"rendered":"Nuestra pol\u00edtica de desarrollo sostenible"},"content":{"rendered":"","protected":false},"excerpt":{"rendered":"","protected":false},"author":1,"featured_media":14501,"parent":0,"menu_order":0,"comment_status":"closed","ping_status":"closed","template":"template-rse.php","meta":{"_acf_changed":false,"footnotes":""},"class_list":["post-34071","page","type-page","status-publish","has-post-thumbnail","hentry"],"acf":[],"yoast_head":"<!-- This site is optimized with the Yoast SEO plugin v27.4 - https:\/\/yoast.com\/product\/yoast-seo-wordpress\/ -->\n<title>DATA4 | Pol\u00edtica RSC | Green datacenter | desarrollo sostenible<\/title>\n<meta name=\"description\" content=\"DATA4 | Green datacenter | D4 apoya una pol\u00edtica RSC y recomienda el desarrollo sostenible y la eficacia energ\u00e9tica | Las personas son el epicentro de nuestro proyecto\" \/>\n<meta name=\"robots\" content=\"index, follow, max-snippet:-1, max-image-preview:large, max-video-preview:-1\" \/>\n<link rel=\"canonical\" href=\"https:\/\/www.data4group.com\/es\/nuestra-politica-de-desarrollo-sostenible\/\" \/>\n<meta property=\"og:locale\" content=\"es_ES\" \/>\n<meta property=\"og:type\" content=\"article\" \/>\n<meta property=\"og:title\" content=\"DATA4 | Pol\u00edtica RSC | Green datacenter | desarrollo sostenible\" \/>\n<meta property=\"og:description\" content=\"DATA4 | Green datacenter | D4 apoya una pol\u00edtica RSC y recomienda el desarrollo sostenible y la eficacia energ\u00e9tica | Las personas son el epicentro de nuestro proyecto\" \/>\n<meta property=\"og:url\" content=\"https:\/\/www.data4group.com\/es\/nuestra-politica-de-desarrollo-sostenible\/\" \/>\n<meta property=\"og:site_name\" content=\"DATA4 - Smart Data Centers at Scale\" \/>\n<meta property=\"article:modified_time\" content=\"2025-10-29T12:45:53+00:00\" \/>\n<meta property=\"og:image\" content=\"https:\/\/www.data4group.com\/wp-content\/uploads\/2022\/09\/cover_data4good-rotated.jpg\" \/>\n\t<meta property=\"og:image:width\" content=\"1061\" \/>\n\t<meta property=\"og:image:height\" content=\"720\" \/>\n\t<meta property=\"og:image:type\" content=\"image\/jpeg\" \/>\n<meta name=\"twitter:card\" content=\"summary_large_image\" \/>\n<meta name=\"twitter:label1\" content=\"Tiempo de lectura\" \/>\n\t<meta name=\"twitter:data1\" content=\"1 minuto\" \/>\n<script type=\"application\/ld+json\" class=\"yoast-schema-graph\">{\"@context\":\"https:\\\/\\\/schema.org\",\"@graph\":[{\"@type\":\"WebPage\",\"@id\":\"https:\\\/\\\/www.data4group.com\\\/es\\\/nuestra-politica-de-desarrollo-sostenible\\\/\",\"url\":\"https:\\\/\\\/www.data4group.com\\\/es\\\/nuestra-politica-de-desarrollo-sostenible\\\/\",\"name\":\"DATA4 | Pol\u00edtica RSC | Green datacenter | desarrollo sostenible\",\"isPartOf\":{\"@id\":\"https:\\\/\\\/www.data4group.com\\\/es\\\/#website\"},\"primaryImageOfPage\":{\"@id\":\"https:\\\/\\\/www.data4group.com\\\/es\\\/nuestra-politica-de-desarrollo-sostenible\\\/#primaryimage\"},\"image\":{\"@id\":\"https:\\\/\\\/www.data4group.com\\\/es\\\/nuestra-politica-de-desarrollo-sostenible\\\/#primaryimage\"},\"thumbnailUrl\":\"https:\\\/\\\/www.data4group.com\\\/wp-content\\\/uploads\\\/2022\\\/09\\\/cover_data4good-rotated.jpg\",\"datePublished\":\"2025-10-29T12:32:56+00:00\",\"dateModified\":\"2025-10-29T12:45:53+00:00\",\"description\":\"DATA4 | Green datacenter | D4 apoya una pol\u00edtica RSC y recomienda el desarrollo sostenible y la eficacia energ\u00e9tica | Las personas son el epicentro de nuestro proyecto\",\"breadcrumb\":{\"@id\":\"https:\\\/\\\/www.data4group.com\\\/es\\\/nuestra-politica-de-desarrollo-sostenible\\\/#breadcrumb\"},\"inLanguage\":\"es\",\"potentialAction\":[{\"@type\":\"ReadAction\",\"target\":[\"https:\\\/\\\/www.data4group.com\\\/es\\\/nuestra-politica-de-desarrollo-sostenible\\\/\"]}]},{\"@type\":\"ImageObject\",\"inLanguage\":\"es\",\"@id\":\"https:\\\/\\\/www.data4group.com\\\/es\\\/nuestra-politica-de-desarrollo-sostenible\\\/#primaryimage\",\"url\":\"https:\\\/\\\/www.data4group.com\\\/wp-content\\\/uploads\\\/2022\\\/09\\\/cover_data4good-rotated.jpg\",\"contentUrl\":\"https:\\\/\\\/www.data4group.com\\\/wp-content\\\/uploads\\\/2022\\\/09\\\/cover_data4good-rotated.jpg\",\"width\":1061,\"height\":720},{\"@type\":\"BreadcrumbList\",\"@id\":\"https:\\\/\\\/www.data4group.com\\\/es\\\/nuestra-politica-de-desarrollo-sostenible\\\/#breadcrumb\",\"itemListElement\":[{\"@type\":\"ListItem\",\"position\":1,\"name\":\"Inicio\",\"item\":\"https:\\\/\\\/www.data4group.com\\\/es\\\/\"},{\"@type\":\"ListItem\",\"position\":2,\"name\":\"Nuestra pol\u00edtica de desarrollo sostenible\"}]},{\"@type\":\"WebSite\",\"@id\":\"https:\\\/\\\/www.data4group.com\\\/es\\\/#website\",\"url\":\"https:\\\/\\\/www.data4group.com\\\/es\\\/\",\"name\":\"DATA4 - Smart Data Centers at Scale\",\"description\":\"Smart Data Centers at Scale\",\"publisher\":{\"@id\":\"https:\\\/\\\/www.data4group.com\\\/es\\\/#organization\"},\"potentialAction\":[{\"@type\":\"SearchAction\",\"target\":{\"@type\":\"EntryPoint\",\"urlTemplate\":\"https:\\\/\\\/www.data4group.com\\\/es\\\/?s={search_term_string}\"},\"query-input\":{\"@type\":\"PropertyValueSpecification\",\"valueRequired\":true,\"valueName\":\"search_term_string\"}}],\"inLanguage\":\"es\"},{\"@type\":\"Organization\",\"@id\":\"https:\\\/\\\/www.data4group.com\\\/es\\\/#organization\",\"name\":\"DATA4 - Smart datacenters at scale\",\"url\":\"https:\\\/\\\/www.data4group.com\\\/es\\\/\",\"logo\":{\"@type\":\"ImageObject\",\"inLanguage\":\"es\",\"@id\":\"https:\\\/\\\/www.data4group.com\\\/es\\\/#\\\/schema\\\/logo\\\/image\\\/\",\"url\":\"https:\\\/\\\/www.data4group.com\\\/wp-content\\\/uploads\\\/2021\\\/10\\\/data4-logo.svg\",\"contentUrl\":\"https:\\\/\\\/www.data4group.com\\\/wp-content\\\/uploads\\\/2021\\\/10\\\/data4-logo.svg\",\"width\":981,\"height\":558,\"caption\":\"DATA4 - Smart datacenters at scale\"},\"image\":{\"@id\":\"https:\\\/\\\/www.data4group.com\\\/es\\\/#\\\/schema\\\/logo\\\/image\\\/\"}}]}<\/script>\n<!-- \/ Yoast SEO plugin. -->","yoast_head_json":{"title":"DATA4 | Pol\u00edtica RSC | Green datacenter | desarrollo sostenible","description":"DATA4 | Green datacenter | D4 apoya una pol\u00edtica RSC y recomienda el desarrollo sostenible y la eficacia energ\u00e9tica | Las personas son el epicentro de nuestro proyecto","robots":{"index":"index","follow":"follow","max-snippet":"max-snippet:-1","max-image-preview":"max-image-preview:large","max-video-preview":"max-video-preview:-1"},"canonical":"https:\/\/www.data4group.com\/es\/nuestra-politica-de-desarrollo-sostenible\/","og_locale":"es_ES","og_type":"article","og_title":"DATA4 | Pol\u00edtica RSC | Green datacenter | desarrollo sostenible","og_description":"DATA4 | Green datacenter | D4 apoya una pol\u00edtica RSC y recomienda el desarrollo sostenible y la eficacia energ\u00e9tica | Las personas son el epicentro de nuestro proyecto","og_url":"https:\/\/www.data4group.com\/es\/nuestra-politica-de-desarrollo-sostenible\/","og_site_name":"DATA4 - Smart Data Centers at Scale","article_modified_time":"2025-10-29T12:45:53+00:00","og_image":[{"width":1061,"height":720,"url":"https:\/\/www.data4group.com\/wp-content\/uploads\/2022\/09\/cover_data4good-rotated.jpg","type":"image\/jpeg"}],"twitter_card":"summary_large_image","twitter_misc":{"Tiempo de lectura":"1 minuto"},"schema":{"@context":"https:\/\/schema.org","@graph":[{"@type":"WebPage","@id":"https:\/\/www.data4group.com\/es\/nuestra-politica-de-desarrollo-sostenible\/","url":"https:\/\/www.data4group.com\/es\/nuestra-politica-de-desarrollo-sostenible\/","name":"DATA4 | Pol\u00edtica RSC | Green datacenter | desarrollo sostenible","isPartOf":{"@id":"https:\/\/www.data4group.com\/es\/#website"},"primaryImageOfPage":{"@id":"https:\/\/www.data4group.com\/es\/nuestra-politica-de-desarrollo-sostenible\/#primaryimage"},"image":{"@id":"https:\/\/www.data4group.com\/es\/nuestra-politica-de-desarrollo-sostenible\/#primaryimage"},"thumbnailUrl":"https:\/\/www.data4group.com\/wp-content\/uploads\/2022\/09\/cover_data4good-rotated.jpg","datePublished":"2025-10-29T12:32:56+00:00","dateModified":"2025-10-29T12:45:53+00:00","description":"DATA4 | Green datacenter | D4 apoya una pol\u00edtica RSC y recomienda el desarrollo sostenible y la eficacia energ\u00e9tica | Las personas son el epicentro de nuestro proyecto","breadcrumb":{"@id":"https:\/\/www.data4group.com\/es\/nuestra-politica-de-desarrollo-sostenible\/#breadcrumb"},"inLanguage":"es","potentialAction":[{"@type":"ReadAction","target":["https:\/\/www.data4group.com\/es\/nuestra-politica-de-desarrollo-sostenible\/"]}]},{"@type":"ImageObject","inLanguage":"es","@id":"https:\/\/www.data4group.com\/es\/nuestra-politica-de-desarrollo-sostenible\/#primaryimage","url":"https:\/\/www.data4group.com\/wp-content\/uploads\/2022\/09\/cover_data4good-rotated.jpg","contentUrl":"https:\/\/www.data4group.com\/wp-content\/uploads\/2022\/09\/cover_data4good-rotated.jpg","width":1061,"height":720},{"@type":"BreadcrumbList","@id":"https:\/\/www.data4group.com\/es\/nuestra-politica-de-desarrollo-sostenible\/#breadcrumb","itemListElement":[{"@type":"ListItem","position":1,"name":"Inicio","item":"https:\/\/www.data4group.com\/es\/"},{"@type":"ListItem","position":2,"name":"Nuestra pol\u00edtica de desarrollo sostenible"}]},{"@type":"WebSite","@id":"https:\/\/www.data4group.com\/es\/#website","url":"https:\/\/www.data4group.com\/es\/","name":"DATA4 - Smart Data Centers at Scale","description":"Smart Data Centers at Scale","publisher":{"@id":"https:\/\/www.data4group.com\/es\/#organization"},"potentialAction":[{"@type":"SearchAction","target":{"@type":"EntryPoint","urlTemplate":"https:\/\/www.data4group.com\/es\/?s={search_term_string}"},"query-input":{"@type":"PropertyValueSpecification","valueRequired":true,"valueName":"search_term_string"}}],"inLanguage":"es"},{"@type":"Organization","@id":"https:\/\/www.data4group.com\/es\/#organization","name":"DATA4 - Smart datacenters at scale","url":"https:\/\/www.data4group.com\/es\/","logo":{"@type":"ImageObject","inLanguage":"es","@id":"https:\/\/www.data4group.com\/es\/#\/schema\/logo\/image\/","url":"https:\/\/www.data4group.com\/wp-content\/uploads\/2021\/10\/data4-logo.svg","contentUrl":"https:\/\/www.data4group.com\/wp-content\/uploads\/2021\/10\/data4-logo.svg","width":981,"height":558,"caption":"DATA4 - Smart datacenters at scale"},"image":{"@id":"https:\/\/www.data4group.com\/es\/#\/schema\/logo\/image\/"}}]}},"_links":{"self":[{"href":"https:\/\/www.data4group.com\/es\/wp-json\/wp\/v2\/pages\/34071","targetHints":{"allow":["GET"]}}],"collection":[{"href":"https:\/\/www.data4group.com\/es\/wp-json\/wp\/v2\/pages"}],"about":[{"href":"https:\/\/www.data4group.com\/es\/wp-json\/wp\/v2\/types\/page"}],"author":[{"embeddable":true,"href":"https:\/\/www.data4group.com\/es\/wp-json\/wp\/v2\/users\/1"}],"replies":[{"embeddable":true,"href":"https:\/\/www.data4group.com\/es\/wp-json\/wp\/v2\/comments?post=34071"}],"version-history":[{"count":0,"href":"https:\/\/www.data4group.com\/es\/wp-json\/wp\/v2\/pages\/34071\/revisions"}],"wp:featuredmedia":[{"embeddable":true,"href":"https:\/\/www.data4group.com\/es\/wp-json\/wp\/v2\/media\/14501"}],"wp:attachment":[{"href":"https:\/\/www.data4group.com\/es\/wp-json\/wp\/v2\/media?parent=34071"}],"curies":[{"name":"wp","href":"https:\/\/api.w.org\/{rel}","templated":true}]}}