{"id":18158,"date":"2022-09-22T08:04:10","date_gmt":"2022-09-22T06:04:10","guid":{"rendered":"https:\/\/www.data4group.com\/unsere-politik-der-nachhaltigen-entwicklung\/data4-people\/"},"modified":"2026-03-17T10:40:10","modified_gmt":"2026-03-17T09:40:10","slug":"data4-people","status":"publish","type":"page","link":"https:\/\/www.data4group.com\/de\/unsere-politik-der-nachhaltigen-entwicklung\/data4-people\/","title":{"rendered":"DATA4 Good | People"},"content":{"rendered":"<p>Risiken identifizieren<br \/>\nPr\u00e4ventive Aktionspl\u00e4ne festlegen, umsetzen und kommunizieren<\/p>\n<h2>Ziele und Werte<\/h2>\n<p>Wir sind davon \u00fcberzeugt, dass uns das gemeinsame Einstehen f\u00fcr starke Werte erm\u00f6glicht, unsere Ziele in den folgenden Bereichen zu erreichen:<\/p>\n<ul>\n<li>Gesundheit und Sicherheit am Arbeitsplatz;<\/li>\n<li>Vielfalt, Gleichberechtigung und Inklusion;<\/li>\n<li>Talentf\u00f6rderung, Schulung und Ausbildung;<\/li>\n<li>Wohlbefinden am Arbeitsplatz und im Arbeitsumfeld;<\/li>\n<li>Beziehungen zum \u00d6kosystem und zur lokalen Wirtschaft.<\/li>\n<\/ul>\n<p><img loading=\"lazy\" decoding=\"async\" class=\"alignnone size-full wp-image-14616\" src=\"https:\/\/www.data4group.com\/wp-content\/uploads\/2022\/09\/ADVAES-RAPPORT-RSE-DATA4-2021-2022-IMG-VALEURS-2.png\" alt=\"\" width=\"1024\" height=\"768\" \/><\/p>\n<div id=\"mciapp-exclusion-container\"><\/div>\n<div id=\"mciapp-exclusion-container\"><\/div>\n<div id=\"mciapp-exclusion-container\"><\/div>\n","protected":false},"excerpt":{"rendered":"<p>Risiken identifizieren Pr\u00e4ventive Aktionspl\u00e4ne festlegen, umsetzen und kommunizieren Ziele und Werte Wir sind davon \u00fcberzeugt, dass uns das gemeinsame Einstehen f\u00fcr starke Werte erm\u00f6glicht, unsere Ziele in den folgenden Bereichen zu erreichen: Gesundheit und Sicherheit am Arbeitsplatz; Vielfalt, Gleichberechtigung und Inklusion; Talentf\u00f6rderung, Schulung und Ausbildung; Wohlbefinden am Arbeitsplatz und im Arbeitsumfeld; Beziehungen zum \u00d6kosystem und [&hellip;]<\/p>\n","protected":false},"author":2,"featured_media":30616,"parent":34072,"menu_order":0,"comment_status":"closed","ping_status":"closed","template":"template-rse.php","meta":{"_acf_changed":false,"footnotes":""},"class_list":["post-18158","page","type-page","status-publish","has-post-thumbnail","hentry"],"acf":[],"yoast_head":"<!-- This site is optimized with the Yoast SEO plugin v27.4 - https:\/\/yoast.com\/product\/yoast-seo-wordpress\/ -->\n<title>DATA4 Good | People - DATA4<\/title>\n<meta name=\"robots\" content=\"index, follow, max-snippet:-1, max-image-preview:large, max-video-preview:-1\" \/>\n<link rel=\"canonical\" href=\"https:\/\/www.data4group.com\/de\/unsere-politik-der-nachhaltigen-entwicklung\/data4-people\/\" \/>\n<meta property=\"og:locale\" content=\"de_DE\" \/>\n<meta property=\"og:type\" content=\"article\" \/>\n<meta property=\"og:title\" content=\"DATA4 Good | People - DATA4\" \/>\n<meta property=\"og:description\" content=\"Risiken identifizieren Pr\u00e4ventive Aktionspl\u00e4ne festlegen, umsetzen und kommunizieren Ziele und Werte Wir sind davon \u00fcberzeugt, dass uns das gemeinsame Einstehen f\u00fcr starke Werte erm\u00f6glicht, unsere Ziele in den folgenden Bereichen zu erreichen: Gesundheit und Sicherheit am Arbeitsplatz; Vielfalt, Gleichberechtigung und Inklusion; Talentf\u00f6rderung, Schulung und Ausbildung; Wohlbefinden am Arbeitsplatz und im Arbeitsumfeld; Beziehungen zum \u00d6kosystem und [&hellip;]\" \/>\n<meta property=\"og:url\" content=\"https:\/\/www.data4group.com\/de\/unsere-politik-der-nachhaltigen-entwicklung\/data4-people\/\" \/>\n<meta property=\"og:site_name\" content=\"DATA4 - Smart Data Centers at Scale\" \/>\n<meta property=\"article:modified_time\" content=\"2026-03-17T09:40:10+00:00\" \/>\n<meta property=\"og:image\" content=\"https:\/\/www.data4group.com\/wp-content\/uploads\/2024\/11\/data4-people-banner.jpg\" \/>\n\t<meta property=\"og:image:width\" content=\"1440\" \/>\n\t<meta property=\"og:image:height\" content=\"281\" \/>\n\t<meta property=\"og:image:type\" content=\"image\/jpeg\" \/>\n<meta name=\"twitter:card\" content=\"summary_large_image\" \/>\n<meta name=\"twitter:label1\" content=\"Gesch\u00e4tzte Lesezeit\" \/>\n\t<meta name=\"twitter:data1\" content=\"1\u00a0Minute\" \/>\n<script type=\"application\/ld+json\" class=\"yoast-schema-graph\">{\"@context\":\"https:\\\/\\\/schema.org\",\"@graph\":[{\"@type\":\"WebPage\",\"@id\":\"https:\\\/\\\/www.data4group.com\\\/de\\\/unsere-politik-der-nachhaltigen-entwicklung\\\/data4-people\\\/\",\"url\":\"https:\\\/\\\/www.data4group.com\\\/de\\\/unsere-politik-der-nachhaltigen-entwicklung\\\/data4-people\\\/\",\"name\":\"DATA4 Good | People - DATA4\",\"isPartOf\":{\"@id\":\"https:\\\/\\\/www.data4group.com\\\/de\\\/#website\"},\"primaryImageOfPage\":{\"@id\":\"https:\\\/\\\/www.data4group.com\\\/de\\\/unsere-politik-der-nachhaltigen-entwicklung\\\/data4-people\\\/#primaryimage\"},\"image\":{\"@id\":\"https:\\\/\\\/www.data4group.com\\\/de\\\/unsere-politik-der-nachhaltigen-entwicklung\\\/data4-people\\\/#primaryimage\"},\"thumbnailUrl\":\"https:\\\/\\\/www.data4group.com\\\/wp-content\\\/uploads\\\/2024\\\/11\\\/data4-people-banner.jpg\",\"datePublished\":\"2022-09-22T06:04:10+00:00\",\"dateModified\":\"2026-03-17T09:40:10+00:00\",\"breadcrumb\":{\"@id\":\"https:\\\/\\\/www.data4group.com\\\/de\\\/unsere-politik-der-nachhaltigen-entwicklung\\\/data4-people\\\/#breadcrumb\"},\"inLanguage\":\"de\",\"potentialAction\":[{\"@type\":\"ReadAction\",\"target\":[\"https:\\\/\\\/www.data4group.com\\\/de\\\/unsere-politik-der-nachhaltigen-entwicklung\\\/data4-people\\\/\"]}]},{\"@type\":\"ImageObject\",\"inLanguage\":\"de\",\"@id\":\"https:\\\/\\\/www.data4group.com\\\/de\\\/unsere-politik-der-nachhaltigen-entwicklung\\\/data4-people\\\/#primaryimage\",\"url\":\"https:\\\/\\\/www.data4group.com\\\/wp-content\\\/uploads\\\/2024\\\/11\\\/data4-people-banner.jpg\",\"contentUrl\":\"https:\\\/\\\/www.data4group.com\\\/wp-content\\\/uploads\\\/2024\\\/11\\\/data4-people-banner.jpg\",\"width\":1440,\"height\":281},{\"@type\":\"BreadcrumbList\",\"@id\":\"https:\\\/\\\/www.data4group.com\\\/de\\\/unsere-politik-der-nachhaltigen-entwicklung\\\/data4-people\\\/#breadcrumb\",\"itemListElement\":[{\"@type\":\"ListItem\",\"position\":1,\"name\":\"Startseite\",\"item\":\"https:\\\/\\\/www.data4group.com\\\/de\\\/\"},{\"@type\":\"ListItem\",\"position\":2,\"name\":\"Unsere Politik der nachhaltigen Entwicklung\",\"item\":\"https:\\\/\\\/www.data4group.com\\\/de\\\/unsere-politik-der-nachhaltigen-entwicklung\\\/\"},{\"@type\":\"ListItem\",\"position\":3,\"name\":\"DATA4 Good | People\"}]},{\"@type\":\"WebSite\",\"@id\":\"https:\\\/\\\/www.data4group.com\\\/de\\\/#website\",\"url\":\"https:\\\/\\\/www.data4group.com\\\/de\\\/\",\"name\":\"DATA4 - Smart Data Centers at Scale\",\"description\":\"Smart Data Centers at Scale\",\"publisher\":{\"@id\":\"https:\\\/\\\/www.data4group.com\\\/de\\\/#organization\"},\"potentialAction\":[{\"@type\":\"SearchAction\",\"target\":{\"@type\":\"EntryPoint\",\"urlTemplate\":\"https:\\\/\\\/www.data4group.com\\\/de\\\/?s={search_term_string}\"},\"query-input\":{\"@type\":\"PropertyValueSpecification\",\"valueRequired\":true,\"valueName\":\"search_term_string\"}}],\"inLanguage\":\"de\"},{\"@type\":\"Organization\",\"@id\":\"https:\\\/\\\/www.data4group.com\\\/de\\\/#organization\",\"name\":\"DATA4 \u2013 Intelligente Rechenzentren in angepasster Gr\u00f6\u00dfe\",\"url\":\"https:\\\/\\\/www.data4group.com\\\/de\\\/\",\"logo\":{\"@type\":\"ImageObject\",\"inLanguage\":\"de\",\"@id\":\"https:\\\/\\\/www.data4group.com\\\/de\\\/#\\\/schema\\\/logo\\\/image\\\/\",\"url\":\"https:\\\/\\\/www.data4group.com\\\/wp-content\\\/uploads\\\/2021\\\/10\\\/data4-logo.svg\",\"contentUrl\":\"https:\\\/\\\/www.data4group.com\\\/wp-content\\\/uploads\\\/2021\\\/10\\\/data4-logo.svg\",\"width\":981,\"height\":558,\"caption\":\"DATA4 \u2013 Intelligente Rechenzentren in angepasster Gr\u00f6\u00dfe\"},\"image\":{\"@id\":\"https:\\\/\\\/www.data4group.com\\\/de\\\/#\\\/schema\\\/logo\\\/image\\\/\"}}]}<\/script>\n<!-- \/ Yoast SEO plugin. -->","yoast_head_json":{"title":"DATA4 Good | People - DATA4","robots":{"index":"index","follow":"follow","max-snippet":"max-snippet:-1","max-image-preview":"max-image-preview:large","max-video-preview":"max-video-preview:-1"},"canonical":"https:\/\/www.data4group.com\/de\/unsere-politik-der-nachhaltigen-entwicklung\/data4-people\/","og_locale":"de_DE","og_type":"article","og_title":"DATA4 Good | People - DATA4","og_description":"Risiken identifizieren Pr\u00e4ventive Aktionspl\u00e4ne festlegen, umsetzen und kommunizieren Ziele und Werte Wir sind davon \u00fcberzeugt, dass uns das gemeinsame Einstehen f\u00fcr starke Werte erm\u00f6glicht, unsere Ziele in den folgenden Bereichen zu erreichen: Gesundheit und Sicherheit am Arbeitsplatz; Vielfalt, Gleichberechtigung und Inklusion; Talentf\u00f6rderung, Schulung und Ausbildung; Wohlbefinden am Arbeitsplatz und im Arbeitsumfeld; Beziehungen zum \u00d6kosystem und [&hellip;]","og_url":"https:\/\/www.data4group.com\/de\/unsere-politik-der-nachhaltigen-entwicklung\/data4-people\/","og_site_name":"DATA4 - Smart Data Centers at Scale","article_modified_time":"2026-03-17T09:40:10+00:00","og_image":[{"width":1440,"height":281,"url":"https:\/\/www.data4group.com\/wp-content\/uploads\/2024\/11\/data4-people-banner.jpg","type":"image\/jpeg"}],"twitter_card":"summary_large_image","twitter_misc":{"Gesch\u00e4tzte Lesezeit":"1\u00a0Minute"},"schema":{"@context":"https:\/\/schema.org","@graph":[{"@type":"WebPage","@id":"https:\/\/www.data4group.com\/de\/unsere-politik-der-nachhaltigen-entwicklung\/data4-people\/","url":"https:\/\/www.data4group.com\/de\/unsere-politik-der-nachhaltigen-entwicklung\/data4-people\/","name":"DATA4 Good | People - DATA4","isPartOf":{"@id":"https:\/\/www.data4group.com\/de\/#website"},"primaryImageOfPage":{"@id":"https:\/\/www.data4group.com\/de\/unsere-politik-der-nachhaltigen-entwicklung\/data4-people\/#primaryimage"},"image":{"@id":"https:\/\/www.data4group.com\/de\/unsere-politik-der-nachhaltigen-entwicklung\/data4-people\/#primaryimage"},"thumbnailUrl":"https:\/\/www.data4group.com\/wp-content\/uploads\/2024\/11\/data4-people-banner.jpg","datePublished":"2022-09-22T06:04:10+00:00","dateModified":"2026-03-17T09:40:10+00:00","breadcrumb":{"@id":"https:\/\/www.data4group.com\/de\/unsere-politik-der-nachhaltigen-entwicklung\/data4-people\/#breadcrumb"},"inLanguage":"de","potentialAction":[{"@type":"ReadAction","target":["https:\/\/www.data4group.com\/de\/unsere-politik-der-nachhaltigen-entwicklung\/data4-people\/"]}]},{"@type":"ImageObject","inLanguage":"de","@id":"https:\/\/www.data4group.com\/de\/unsere-politik-der-nachhaltigen-entwicklung\/data4-people\/#primaryimage","url":"https:\/\/www.data4group.com\/wp-content\/uploads\/2024\/11\/data4-people-banner.jpg","contentUrl":"https:\/\/www.data4group.com\/wp-content\/uploads\/2024\/11\/data4-people-banner.jpg","width":1440,"height":281},{"@type":"BreadcrumbList","@id":"https:\/\/www.data4group.com\/de\/unsere-politik-der-nachhaltigen-entwicklung\/data4-people\/#breadcrumb","itemListElement":[{"@type":"ListItem","position":1,"name":"Startseite","item":"https:\/\/www.data4group.com\/de\/"},{"@type":"ListItem","position":2,"name":"Unsere Politik der nachhaltigen Entwicklung","item":"https:\/\/www.data4group.com\/de\/unsere-politik-der-nachhaltigen-entwicklung\/"},{"@type":"ListItem","position":3,"name":"DATA4 Good | People"}]},{"@type":"WebSite","@id":"https:\/\/www.data4group.com\/de\/#website","url":"https:\/\/www.data4group.com\/de\/","name":"DATA4 - Smart Data Centers at Scale","description":"Smart Data Centers at Scale","publisher":{"@id":"https:\/\/www.data4group.com\/de\/#organization"},"potentialAction":[{"@type":"SearchAction","target":{"@type":"EntryPoint","urlTemplate":"https:\/\/www.data4group.com\/de\/?s={search_term_string}"},"query-input":{"@type":"PropertyValueSpecification","valueRequired":true,"valueName":"search_term_string"}}],"inLanguage":"de"},{"@type":"Organization","@id":"https:\/\/www.data4group.com\/de\/#organization","name":"DATA4 \u2013 Intelligente Rechenzentren in angepasster Gr\u00f6\u00dfe","url":"https:\/\/www.data4group.com\/de\/","logo":{"@type":"ImageObject","inLanguage":"de","@id":"https:\/\/www.data4group.com\/de\/#\/schema\/logo\/image\/","url":"https:\/\/www.data4group.com\/wp-content\/uploads\/2021\/10\/data4-logo.svg","contentUrl":"https:\/\/www.data4group.com\/wp-content\/uploads\/2021\/10\/data4-logo.svg","width":981,"height":558,"caption":"DATA4 \u2013 Intelligente Rechenzentren in angepasster Gr\u00f6\u00dfe"},"image":{"@id":"https:\/\/www.data4group.com\/de\/#\/schema\/logo\/image\/"}}]}},"_links":{"self":[{"href":"https:\/\/www.data4group.com\/de\/wp-json\/wp\/v2\/pages\/18158","targetHints":{"allow":["GET"]}}],"collection":[{"href":"https:\/\/www.data4group.com\/de\/wp-json\/wp\/v2\/pages"}],"about":[{"href":"https:\/\/www.data4group.com\/de\/wp-json\/wp\/v2\/types\/page"}],"author":[{"embeddable":true,"href":"https:\/\/www.data4group.com\/de\/wp-json\/wp\/v2\/users\/2"}],"replies":[{"embeddable":true,"href":"https:\/\/www.data4group.com\/de\/wp-json\/wp\/v2\/comments?post=18158"}],"version-history":[{"count":0,"href":"https:\/\/www.data4group.com\/de\/wp-json\/wp\/v2\/pages\/18158\/revisions"}],"up":[{"embeddable":true,"href":"https:\/\/www.data4group.com\/de\/wp-json\/wp\/v2\/pages\/34072"}],"wp:featuredmedia":[{"embeddable":true,"href":"https:\/\/www.data4group.com\/de\/wp-json\/wp\/v2\/media\/30616"}],"wp:attachment":[{"href":"https:\/\/www.data4group.com\/de\/wp-json\/wp\/v2\/media?parent=18158"}],"curies":[{"name":"wp","href":"https:\/\/api.w.org\/{rel}","templated":true}]}}