{"id":18149,"date":"2021-04-20T14:19:08","date_gmt":"2021-04-20T12:19:08","guid":{"rendered":"https:\/\/www.data4group.com\/csr-politik\/"},"modified":"2021-04-20T14:19:08","modified_gmt":"2021-04-20T12:19:08","slug":"csr-politik","status":"publish","type":"page","link":"https:\/\/www.data4group.com\/de\/csr-politik\/","title":{"rendered":"Unser CSR-Engagement"},"content":{"rendered":"","protected":false},"excerpt":{"rendered":"","protected":false},"author":2,"featured_media":0,"parent":0,"menu_order":0,"comment_status":"closed","ping_status":"closed","template":"template-all-blocks.php","meta":{"_acf_changed":false,"footnotes":""},"class_list":["post-18149","page","type-page","status-publish","hentry"],"acf":[],"yoast_head":"<!-- This site is optimized with the Yoast SEO plugin v27.4 - https:\/\/yoast.com\/product\/yoast-seo-wordpress\/ -->\n<title>DATA4 | CSR-Politik | Gr\u00fcnes Rechenzentrum | Nachhaltige Entwicklung<\/title>\n<meta name=\"description\" content=\"DATA4 | Gr\u00fcnes Rechenzentrum | D4 unterst\u00fctzt eine CSR-Politik und setzt sich f\u00fcr nachhaltige Entwicklung und Energieeffizienz ein | Der Mensch steht im Mittelpunkt unseres Projekts\" \/>\n<meta name=\"robots\" content=\"index, follow, max-snippet:-1, max-image-preview:large, max-video-preview:-1\" \/>\n<link rel=\"canonical\" href=\"https:\/\/www.data4group.com\/de\/csr-politik\/\" \/>\n<meta property=\"og:locale\" content=\"de_DE\" \/>\n<meta property=\"og:type\" content=\"article\" \/>\n<meta property=\"og:title\" content=\"DATA4 | CSR-Politik | Gr\u00fcnes Rechenzentrum | Nachhaltige Entwicklung\" \/>\n<meta property=\"og:description\" content=\"DATA4 | Gr\u00fcnes Rechenzentrum | D4 unterst\u00fctzt eine CSR-Politik und setzt sich f\u00fcr nachhaltige Entwicklung und Energieeffizienz ein | Der Mensch steht im Mittelpunkt unseres Projekts\" \/>\n<meta property=\"og:url\" content=\"https:\/\/www.data4group.com\/de\/csr-politik\/\" \/>\n<meta property=\"og:site_name\" content=\"DATA4 - Smart Data Centers at Scale\" \/>\n<meta name=\"twitter:card\" content=\"summary_large_image\" \/>\n<script type=\"application\/ld+json\" class=\"yoast-schema-graph\">{\"@context\":\"https:\\\/\\\/schema.org\",\"@graph\":[{\"@type\":\"WebPage\",\"@id\":\"https:\\\/\\\/www.data4group.com\\\/de\\\/csr-politik\\\/\",\"url\":\"https:\\\/\\\/www.data4group.com\\\/de\\\/csr-politik\\\/\",\"name\":\"DATA4 | CSR-Politik | Gr\u00fcnes Rechenzentrum | Nachhaltige Entwicklung\",\"isPartOf\":{\"@id\":\"https:\\\/\\\/www.data4group.com\\\/de\\\/#website\"},\"datePublished\":\"2021-04-20T12:19:08+00:00\",\"description\":\"DATA4 | Gr\u00fcnes Rechenzentrum | D4 unterst\u00fctzt eine CSR-Politik und setzt sich f\u00fcr nachhaltige Entwicklung und Energieeffizienz ein | Der Mensch steht im Mittelpunkt unseres Projekts\",\"breadcrumb\":{\"@id\":\"https:\\\/\\\/www.data4group.com\\\/de\\\/csr-politik\\\/#breadcrumb\"},\"inLanguage\":\"de\",\"potentialAction\":[{\"@type\":\"ReadAction\",\"target\":[\"https:\\\/\\\/www.data4group.com\\\/de\\\/csr-politik\\\/\"]}]},{\"@type\":\"BreadcrumbList\",\"@id\":\"https:\\\/\\\/www.data4group.com\\\/de\\\/csr-politik\\\/#breadcrumb\",\"itemListElement\":[{\"@type\":\"ListItem\",\"position\":1,\"name\":\"Startseite\",\"item\":\"https:\\\/\\\/www.data4group.com\\\/de\\\/\"},{\"@type\":\"ListItem\",\"position\":2,\"name\":\"Unser CSR-Engagement\"}]},{\"@type\":\"WebSite\",\"@id\":\"https:\\\/\\\/www.data4group.com\\\/de\\\/#website\",\"url\":\"https:\\\/\\\/www.data4group.com\\\/de\\\/\",\"name\":\"DATA4 - Smart Data Centers at Scale\",\"description\":\"Smart Data Centers at Scale\",\"publisher\":{\"@id\":\"https:\\\/\\\/www.data4group.com\\\/de\\\/#organization\"},\"potentialAction\":[{\"@type\":\"SearchAction\",\"target\":{\"@type\":\"EntryPoint\",\"urlTemplate\":\"https:\\\/\\\/www.data4group.com\\\/de\\\/?s={search_term_string}\"},\"query-input\":{\"@type\":\"PropertyValueSpecification\",\"valueRequired\":true,\"valueName\":\"search_term_string\"}}],\"inLanguage\":\"de\"},{\"@type\":\"Organization\",\"@id\":\"https:\\\/\\\/www.data4group.com\\\/de\\\/#organization\",\"name\":\"DATA4 \u2013 Intelligente Rechenzentren in angepasster Gr\u00f6\u00dfe\",\"url\":\"https:\\\/\\\/www.data4group.com\\\/de\\\/\",\"logo\":{\"@type\":\"ImageObject\",\"inLanguage\":\"de\",\"@id\":\"https:\\\/\\\/www.data4group.com\\\/de\\\/#\\\/schema\\\/logo\\\/image\\\/\",\"url\":\"https:\\\/\\\/www.data4group.com\\\/wp-content\\\/uploads\\\/2021\\\/10\\\/data4-logo.svg\",\"contentUrl\":\"https:\\\/\\\/www.data4group.com\\\/wp-content\\\/uploads\\\/2021\\\/10\\\/data4-logo.svg\",\"width\":981,\"height\":558,\"caption\":\"DATA4 \u2013 Intelligente Rechenzentren in angepasster Gr\u00f6\u00dfe\"},\"image\":{\"@id\":\"https:\\\/\\\/www.data4group.com\\\/de\\\/#\\\/schema\\\/logo\\\/image\\\/\"}}]}<\/script>\n<!-- \/ Yoast SEO plugin. -->","yoast_head_json":{"title":"DATA4 | CSR-Politik | Gr\u00fcnes Rechenzentrum | Nachhaltige Entwicklung","description":"DATA4 | Gr\u00fcnes Rechenzentrum | D4 unterst\u00fctzt eine CSR-Politik und setzt sich f\u00fcr nachhaltige Entwicklung und Energieeffizienz ein | Der Mensch steht im Mittelpunkt unseres Projekts","robots":{"index":"index","follow":"follow","max-snippet":"max-snippet:-1","max-image-preview":"max-image-preview:large","max-video-preview":"max-video-preview:-1"},"canonical":"https:\/\/www.data4group.com\/de\/csr-politik\/","og_locale":"de_DE","og_type":"article","og_title":"DATA4 | CSR-Politik | Gr\u00fcnes Rechenzentrum | Nachhaltige Entwicklung","og_description":"DATA4 | Gr\u00fcnes Rechenzentrum | D4 unterst\u00fctzt eine CSR-Politik und setzt sich f\u00fcr nachhaltige Entwicklung und Energieeffizienz ein | Der Mensch steht im Mittelpunkt unseres Projekts","og_url":"https:\/\/www.data4group.com\/de\/csr-politik\/","og_site_name":"DATA4 - Smart Data Centers at Scale","twitter_card":"summary_large_image","schema":{"@context":"https:\/\/schema.org","@graph":[{"@type":"WebPage","@id":"https:\/\/www.data4group.com\/de\/csr-politik\/","url":"https:\/\/www.data4group.com\/de\/csr-politik\/","name":"DATA4 | CSR-Politik | Gr\u00fcnes Rechenzentrum | Nachhaltige Entwicklung","isPartOf":{"@id":"https:\/\/www.data4group.com\/de\/#website"},"datePublished":"2021-04-20T12:19:08+00:00","description":"DATA4 | Gr\u00fcnes Rechenzentrum | D4 unterst\u00fctzt eine CSR-Politik und setzt sich f\u00fcr nachhaltige Entwicklung und Energieeffizienz ein | Der Mensch steht im Mittelpunkt unseres Projekts","breadcrumb":{"@id":"https:\/\/www.data4group.com\/de\/csr-politik\/#breadcrumb"},"inLanguage":"de","potentialAction":[{"@type":"ReadAction","target":["https:\/\/www.data4group.com\/de\/csr-politik\/"]}]},{"@type":"BreadcrumbList","@id":"https:\/\/www.data4group.com\/de\/csr-politik\/#breadcrumb","itemListElement":[{"@type":"ListItem","position":1,"name":"Startseite","item":"https:\/\/www.data4group.com\/de\/"},{"@type":"ListItem","position":2,"name":"Unser CSR-Engagement"}]},{"@type":"WebSite","@id":"https:\/\/www.data4group.com\/de\/#website","url":"https:\/\/www.data4group.com\/de\/","name":"DATA4 - Smart Data Centers at Scale","description":"Smart Data Centers at Scale","publisher":{"@id":"https:\/\/www.data4group.com\/de\/#organization"},"potentialAction":[{"@type":"SearchAction","target":{"@type":"EntryPoint","urlTemplate":"https:\/\/www.data4group.com\/de\/?s={search_term_string}"},"query-input":{"@type":"PropertyValueSpecification","valueRequired":true,"valueName":"search_term_string"}}],"inLanguage":"de"},{"@type":"Organization","@id":"https:\/\/www.data4group.com\/de\/#organization","name":"DATA4 \u2013 Intelligente Rechenzentren in angepasster Gr\u00f6\u00dfe","url":"https:\/\/www.data4group.com\/de\/","logo":{"@type":"ImageObject","inLanguage":"de","@id":"https:\/\/www.data4group.com\/de\/#\/schema\/logo\/image\/","url":"https:\/\/www.data4group.com\/wp-content\/uploads\/2021\/10\/data4-logo.svg","contentUrl":"https:\/\/www.data4group.com\/wp-content\/uploads\/2021\/10\/data4-logo.svg","width":981,"height":558,"caption":"DATA4 \u2013 Intelligente Rechenzentren in angepasster Gr\u00f6\u00dfe"},"image":{"@id":"https:\/\/www.data4group.com\/de\/#\/schema\/logo\/image\/"}}]}},"_links":{"self":[{"href":"https:\/\/www.data4group.com\/de\/wp-json\/wp\/v2\/pages\/18149","targetHints":{"allow":["GET"]}}],"collection":[{"href":"https:\/\/www.data4group.com\/de\/wp-json\/wp\/v2\/pages"}],"about":[{"href":"https:\/\/www.data4group.com\/de\/wp-json\/wp\/v2\/types\/page"}],"author":[{"embeddable":true,"href":"https:\/\/www.data4group.com\/de\/wp-json\/wp\/v2\/users\/2"}],"replies":[{"embeddable":true,"href":"https:\/\/www.data4group.com\/de\/wp-json\/wp\/v2\/comments?post=18149"}],"version-history":[{"count":0,"href":"https:\/\/www.data4group.com\/de\/wp-json\/wp\/v2\/pages\/18149\/revisions"}],"wp:attachment":[{"href":"https:\/\/www.data4group.com\/de\/wp-json\/wp\/v2\/media?parent=18149"}],"curies":[{"name":"wp","href":"https:\/\/api.w.org\/{rel}","templated":true}]}}