{"id":18126,"date":"2018-03-31T16:37:11","date_gmt":"2018-03-31T14:37:11","guid":{"rendered":"https:\/\/www.data4group.com\/it-hosting-rechenzentrum-unternehmen\/"},"modified":"2018-03-31T16:37:11","modified_gmt":"2018-03-31T14:37:11","slug":"it-hosting-rechenzentrum-unternehmen","status":"publish","type":"page","link":"https:\/\/www.data4group.com\/de\/it-hosting-rechenzentrum-unternehmen\/","title":{"rendered":"Unternehmen"},"content":{"rendered":"","protected":false},"excerpt":{"rendered":"","protected":false},"author":2,"featured_media":0,"parent":0,"menu_order":0,"comment_status":"closed","ping_status":"closed","template":"template-all-blocks.php","meta":{"_acf_changed":false,"footnotes":""},"class_list":["post-18126","page","type-page","status-publish","hentry"],"acf":[],"yoast_head":"<!-- This site is optimized with the Yoast SEO plugin v27.2 - https:\/\/yoast.com\/product\/yoast-seo-wordpress\/ -->\n<title>IT-Hosting, Datenzentren f\u00fcr Unternehmen | DATA4<\/title>\n<meta name=\"description\" content=\"DATA4 ist ein zuverl\u00e4ssiges Unternehmen, das Daten hostet und Unternehmen bei der Gestaltung ihrer kritischen Infrastrukturen unterst\u00fctzt. DATA4 begleitet Unternehmen bei ihrer digitalen Transformation und bietet flexible IT-Hosting-L\u00f6sungen auf seinen Rechenzentrum-Campus an.\" \/>\n<meta name=\"robots\" content=\"index, follow, max-snippet:-1, max-image-preview:large, max-video-preview:-1\" \/>\n<link rel=\"canonical\" href=\"https:\/\/www.data4group.com\/de\/it-hosting-rechenzentrum-unternehmen\/\" \/>\n<meta property=\"og:locale\" content=\"de_DE\" \/>\n<meta property=\"og:type\" content=\"article\" \/>\n<meta property=\"og:title\" content=\"IT-Hosting, Datenzentren f\u00fcr Unternehmen | DATA4\" \/>\n<meta property=\"og:description\" content=\"DATA4 ist ein zuverl\u00e4ssiges Unternehmen, das Daten hostet und Unternehmen bei der Gestaltung ihrer kritischen Infrastrukturen unterst\u00fctzt. DATA4 begleitet Unternehmen bei ihrer digitalen Transformation und bietet flexible IT-Hosting-L\u00f6sungen auf seinen Rechenzentrum-Campus an.\" \/>\n<meta property=\"og:url\" content=\"https:\/\/www.data4group.com\/de\/it-hosting-rechenzentrum-unternehmen\/\" \/>\n<meta property=\"og:site_name\" content=\"DATA4 - Smart Data Centers at Scale\" \/>\n<meta name=\"twitter:card\" content=\"summary_large_image\" \/>\n<script type=\"application\/ld+json\" class=\"yoast-schema-graph\">{\"@context\":\"https:\/\/schema.org\",\"@graph\":[{\"@type\":\"WebPage\",\"@id\":\"https:\/\/www.data4group.com\/de\/it-hosting-rechenzentrum-unternehmen\/\",\"url\":\"https:\/\/www.data4group.com\/de\/it-hosting-rechenzentrum-unternehmen\/\",\"name\":\"IT-Hosting, Datenzentren f\u00fcr Unternehmen | DATA4\",\"isPartOf\":{\"@id\":\"https:\/\/www.data4group.com\/de\/#website\"},\"datePublished\":\"2018-03-31T14:37:11+00:00\",\"description\":\"DATA4 ist ein zuverl\u00e4ssiges Unternehmen, das Daten hostet und Unternehmen bei der Gestaltung ihrer kritischen Infrastrukturen unterst\u00fctzt. DATA4 begleitet Unternehmen bei ihrer digitalen Transformation und bietet flexible IT-Hosting-L\u00f6sungen auf seinen Rechenzentrum-Campus an.\",\"breadcrumb\":{\"@id\":\"https:\/\/www.data4group.com\/de\/it-hosting-rechenzentrum-unternehmen\/#breadcrumb\"},\"inLanguage\":\"de\",\"potentialAction\":[{\"@type\":\"ReadAction\",\"target\":[\"https:\/\/www.data4group.com\/de\/it-hosting-rechenzentrum-unternehmen\/\"]}]},{\"@type\":\"BreadcrumbList\",\"@id\":\"https:\/\/www.data4group.com\/de\/it-hosting-rechenzentrum-unternehmen\/#breadcrumb\",\"itemListElement\":[{\"@type\":\"ListItem\",\"position\":1,\"name\":\"Startseite\",\"item\":\"https:\/\/www.data4group.com\/de\/\"},{\"@type\":\"ListItem\",\"position\":2,\"name\":\"Unternehmen\"}]},{\"@type\":\"WebSite\",\"@id\":\"https:\/\/www.data4group.com\/de\/#website\",\"url\":\"https:\/\/www.data4group.com\/de\/\",\"name\":\"DATA4 - Smart Data Centers at Scale\",\"description\":\"Smart Data Centers at Scale\",\"publisher\":{\"@id\":\"https:\/\/www.data4group.com\/de\/#organization\"},\"potentialAction\":[{\"@type\":\"SearchAction\",\"target\":{\"@type\":\"EntryPoint\",\"urlTemplate\":\"https:\/\/www.data4group.com\/de\/?s={search_term_string}\"},\"query-input\":{\"@type\":\"PropertyValueSpecification\",\"valueRequired\":true,\"valueName\":\"search_term_string\"}}],\"inLanguage\":\"de\"},{\"@type\":\"Organization\",\"@id\":\"https:\/\/www.data4group.com\/de\/#organization\",\"name\":\"DATA4 \u2013 Intelligente Rechenzentren in angepasster Gr\u00f6\u00dfe\",\"url\":\"https:\/\/www.data4group.com\/de\/\",\"logo\":{\"@type\":\"ImageObject\",\"inLanguage\":\"de\",\"@id\":\"https:\/\/www.data4group.com\/de\/#\/schema\/logo\/image\/\",\"url\":\"https:\/\/www.data4group.com\/wp-content\/uploads\/2021\/10\/data4-logo.svg\",\"contentUrl\":\"https:\/\/www.data4group.com\/wp-content\/uploads\/2021\/10\/data4-logo.svg\",\"width\":981,\"height\":558,\"caption\":\"DATA4 \u2013 Intelligente Rechenzentren in angepasster Gr\u00f6\u00dfe\"},\"image\":{\"@id\":\"https:\/\/www.data4group.com\/de\/#\/schema\/logo\/image\/\"}}]}<\/script>\n<!-- \/ Yoast SEO plugin. -->","yoast_head_json":{"title":"IT-Hosting, Datenzentren f\u00fcr Unternehmen | DATA4","description":"DATA4 ist ein zuverl\u00e4ssiges Unternehmen, das Daten hostet und Unternehmen bei der Gestaltung ihrer kritischen Infrastrukturen unterst\u00fctzt. DATA4 begleitet Unternehmen bei ihrer digitalen Transformation und bietet flexible IT-Hosting-L\u00f6sungen auf seinen Rechenzentrum-Campus an.","robots":{"index":"index","follow":"follow","max-snippet":"max-snippet:-1","max-image-preview":"max-image-preview:large","max-video-preview":"max-video-preview:-1"},"canonical":"https:\/\/www.data4group.com\/de\/it-hosting-rechenzentrum-unternehmen\/","og_locale":"de_DE","og_type":"article","og_title":"IT-Hosting, Datenzentren f\u00fcr Unternehmen | DATA4","og_description":"DATA4 ist ein zuverl\u00e4ssiges Unternehmen, das Daten hostet und Unternehmen bei der Gestaltung ihrer kritischen Infrastrukturen unterst\u00fctzt. DATA4 begleitet Unternehmen bei ihrer digitalen Transformation und bietet flexible IT-Hosting-L\u00f6sungen auf seinen Rechenzentrum-Campus an.","og_url":"https:\/\/www.data4group.com\/de\/it-hosting-rechenzentrum-unternehmen\/","og_site_name":"DATA4 - Smart Data Centers at Scale","twitter_card":"summary_large_image","schema":{"@context":"https:\/\/schema.org","@graph":[{"@type":"WebPage","@id":"https:\/\/www.data4group.com\/de\/it-hosting-rechenzentrum-unternehmen\/","url":"https:\/\/www.data4group.com\/de\/it-hosting-rechenzentrum-unternehmen\/","name":"IT-Hosting, Datenzentren f\u00fcr Unternehmen | DATA4","isPartOf":{"@id":"https:\/\/www.data4group.com\/de\/#website"},"datePublished":"2018-03-31T14:37:11+00:00","description":"DATA4 ist ein zuverl\u00e4ssiges Unternehmen, das Daten hostet und Unternehmen bei der Gestaltung ihrer kritischen Infrastrukturen unterst\u00fctzt. DATA4 begleitet Unternehmen bei ihrer digitalen Transformation und bietet flexible IT-Hosting-L\u00f6sungen auf seinen Rechenzentrum-Campus an.","breadcrumb":{"@id":"https:\/\/www.data4group.com\/de\/it-hosting-rechenzentrum-unternehmen\/#breadcrumb"},"inLanguage":"de","potentialAction":[{"@type":"ReadAction","target":["https:\/\/www.data4group.com\/de\/it-hosting-rechenzentrum-unternehmen\/"]}]},{"@type":"BreadcrumbList","@id":"https:\/\/www.data4group.com\/de\/it-hosting-rechenzentrum-unternehmen\/#breadcrumb","itemListElement":[{"@type":"ListItem","position":1,"name":"Startseite","item":"https:\/\/www.data4group.com\/de\/"},{"@type":"ListItem","position":2,"name":"Unternehmen"}]},{"@type":"WebSite","@id":"https:\/\/www.data4group.com\/de\/#website","url":"https:\/\/www.data4group.com\/de\/","name":"DATA4 - Smart Data Centers at Scale","description":"Smart Data Centers at Scale","publisher":{"@id":"https:\/\/www.data4group.com\/de\/#organization"},"potentialAction":[{"@type":"SearchAction","target":{"@type":"EntryPoint","urlTemplate":"https:\/\/www.data4group.com\/de\/?s={search_term_string}"},"query-input":{"@type":"PropertyValueSpecification","valueRequired":true,"valueName":"search_term_string"}}],"inLanguage":"de"},{"@type":"Organization","@id":"https:\/\/www.data4group.com\/de\/#organization","name":"DATA4 \u2013 Intelligente Rechenzentren in angepasster Gr\u00f6\u00dfe","url":"https:\/\/www.data4group.com\/de\/","logo":{"@type":"ImageObject","inLanguage":"de","@id":"https:\/\/www.data4group.com\/de\/#\/schema\/logo\/image\/","url":"https:\/\/www.data4group.com\/wp-content\/uploads\/2021\/10\/data4-logo.svg","contentUrl":"https:\/\/www.data4group.com\/wp-content\/uploads\/2021\/10\/data4-logo.svg","width":981,"height":558,"caption":"DATA4 \u2013 Intelligente Rechenzentren in angepasster Gr\u00f6\u00dfe"},"image":{"@id":"https:\/\/www.data4group.com\/de\/#\/schema\/logo\/image\/"}}]}},"_links":{"self":[{"href":"https:\/\/www.data4group.com\/de\/wp-json\/wp\/v2\/pages\/18126","targetHints":{"allow":["GET"]}}],"collection":[{"href":"https:\/\/www.data4group.com\/de\/wp-json\/wp\/v2\/pages"}],"about":[{"href":"https:\/\/www.data4group.com\/de\/wp-json\/wp\/v2\/types\/page"}],"author":[{"embeddable":true,"href":"https:\/\/www.data4group.com\/de\/wp-json\/wp\/v2\/users\/2"}],"replies":[{"embeddable":true,"href":"https:\/\/www.data4group.com\/de\/wp-json\/wp\/v2\/comments?post=18126"}],"version-history":[{"count":0,"href":"https:\/\/www.data4group.com\/de\/wp-json\/wp\/v2\/pages\/18126\/revisions"}],"wp:attachment":[{"href":"https:\/\/www.data4group.com\/de\/wp-json\/wp\/v2\/media?parent=18126"}],"curies":[{"name":"wp","href":"https:\/\/api.w.org\/{rel}","templated":true}]}}