{"id":18119,"date":"2018-03-28T16:31:24","date_gmt":"2018-03-28T14:31:24","guid":{"rendered":"https:\/\/www.data4group.com\/data4-waehlen\/"},"modified":"2018-03-28T16:31:24","modified_gmt":"2018-03-28T14:31:24","slug":"data4-waehlen","status":"publish","type":"page","link":"https:\/\/www.data4group.com\/de\/data4-waehlen\/","title":{"rendered":"Warum DATA4"},"content":{"rendered":"","protected":false},"excerpt":{"rendered":"","protected":false},"author":2,"featured_media":0,"parent":0,"menu_order":0,"comment_status":"closed","ping_status":"closed","template":"template-all-blocks.php","meta":{"_acf_changed":false,"footnotes":""},"class_list":["post-18119","page","type-page","status-publish","hentry"],"acf":[],"yoast_head":"<!-- This site is optimized with the Yoast SEO plugin v27.4 - https:\/\/yoast.com\/product\/yoast-seo-wordpress\/ -->\n<title>DATA4 | Bau von vernetzten, flexiblen &amp; skalierbaren Rechenzentren<\/title>\n<meta name=\"description\" content=\"DATA4 | Schneller Bau von vernetzten, flexiblen, skalierbaren, sicheren und leistungsstarken Rechenzentren | Europas gr\u00f6\u00dfter und leistungsf\u00e4higster Rechenzentrum-Campus.\" \/>\n<meta name=\"robots\" content=\"index, follow, max-snippet:-1, max-image-preview:large, max-video-preview:-1\" \/>\n<link rel=\"canonical\" href=\"https:\/\/www.data4group.com\/de\/data4-waehlen\/\" \/>\n<meta property=\"og:locale\" content=\"de_DE\" \/>\n<meta property=\"og:type\" content=\"article\" \/>\n<meta property=\"og:title\" content=\"DATA4 | Bau von vernetzten, flexiblen &amp; skalierbaren Rechenzentren\" \/>\n<meta property=\"og:description\" content=\"DATA4 | Schneller Bau von vernetzten, flexiblen, skalierbaren, sicheren und leistungsstarken Rechenzentren | Europas gr\u00f6\u00dfter und leistungsf\u00e4higster Rechenzentrum-Campus.\" \/>\n<meta property=\"og:url\" content=\"https:\/\/www.data4group.com\/de\/data4-waehlen\/\" \/>\n<meta property=\"og:site_name\" content=\"DATA4 - Smart Data Centers at Scale\" \/>\n<meta name=\"twitter:card\" content=\"summary_large_image\" \/>\n<script type=\"application\/ld+json\" class=\"yoast-schema-graph\">{\"@context\":\"https:\\\/\\\/schema.org\",\"@graph\":[{\"@type\":\"WebPage\",\"@id\":\"https:\\\/\\\/www.data4group.com\\\/de\\\/data4-waehlen\\\/\",\"url\":\"https:\\\/\\\/www.data4group.com\\\/de\\\/data4-waehlen\\\/\",\"name\":\"DATA4 | Bau von vernetzten, flexiblen & skalierbaren Rechenzentren\",\"isPartOf\":{\"@id\":\"https:\\\/\\\/www.data4group.com\\\/de\\\/#website\"},\"datePublished\":\"2018-03-28T14:31:24+00:00\",\"description\":\"DATA4 | Schneller Bau von vernetzten, flexiblen, skalierbaren, sicheren und leistungsstarken Rechenzentren | Europas gr\u00f6\u00dfter und leistungsf\u00e4higster Rechenzentrum-Campus.\",\"breadcrumb\":{\"@id\":\"https:\\\/\\\/www.data4group.com\\\/de\\\/data4-waehlen\\\/#breadcrumb\"},\"inLanguage\":\"de\",\"potentialAction\":[{\"@type\":\"ReadAction\",\"target\":[\"https:\\\/\\\/www.data4group.com\\\/de\\\/data4-waehlen\\\/\"]}]},{\"@type\":\"BreadcrumbList\",\"@id\":\"https:\\\/\\\/www.data4group.com\\\/de\\\/data4-waehlen\\\/#breadcrumb\",\"itemListElement\":[{\"@type\":\"ListItem\",\"position\":1,\"name\":\"Startseite\",\"item\":\"https:\\\/\\\/www.data4group.com\\\/de\\\/\"},{\"@type\":\"ListItem\",\"position\":2,\"name\":\"Warum DATA4\"}]},{\"@type\":\"WebSite\",\"@id\":\"https:\\\/\\\/www.data4group.com\\\/de\\\/#website\",\"url\":\"https:\\\/\\\/www.data4group.com\\\/de\\\/\",\"name\":\"DATA4 - Smart Data Centers at Scale\",\"description\":\"Smart Data Centers at Scale\",\"publisher\":{\"@id\":\"https:\\\/\\\/www.data4group.com\\\/de\\\/#organization\"},\"potentialAction\":[{\"@type\":\"SearchAction\",\"target\":{\"@type\":\"EntryPoint\",\"urlTemplate\":\"https:\\\/\\\/www.data4group.com\\\/de\\\/?s={search_term_string}\"},\"query-input\":{\"@type\":\"PropertyValueSpecification\",\"valueRequired\":true,\"valueName\":\"search_term_string\"}}],\"inLanguage\":\"de\"},{\"@type\":\"Organization\",\"@id\":\"https:\\\/\\\/www.data4group.com\\\/de\\\/#organization\",\"name\":\"DATA4 \u2013 Intelligente Rechenzentren in angepasster Gr\u00f6\u00dfe\",\"url\":\"https:\\\/\\\/www.data4group.com\\\/de\\\/\",\"logo\":{\"@type\":\"ImageObject\",\"inLanguage\":\"de\",\"@id\":\"https:\\\/\\\/www.data4group.com\\\/de\\\/#\\\/schema\\\/logo\\\/image\\\/\",\"url\":\"https:\\\/\\\/www.data4group.com\\\/wp-content\\\/uploads\\\/2021\\\/10\\\/data4-logo.svg\",\"contentUrl\":\"https:\\\/\\\/www.data4group.com\\\/wp-content\\\/uploads\\\/2021\\\/10\\\/data4-logo.svg\",\"width\":981,\"height\":558,\"caption\":\"DATA4 \u2013 Intelligente Rechenzentren in angepasster Gr\u00f6\u00dfe\"},\"image\":{\"@id\":\"https:\\\/\\\/www.data4group.com\\\/de\\\/#\\\/schema\\\/logo\\\/image\\\/\"}}]}<\/script>\n<!-- \/ Yoast SEO plugin. -->","yoast_head_json":{"title":"DATA4 | Bau von vernetzten, flexiblen & skalierbaren Rechenzentren","description":"DATA4 | Schneller Bau von vernetzten, flexiblen, skalierbaren, sicheren und leistungsstarken Rechenzentren | Europas gr\u00f6\u00dfter und leistungsf\u00e4higster Rechenzentrum-Campus.","robots":{"index":"index","follow":"follow","max-snippet":"max-snippet:-1","max-image-preview":"max-image-preview:large","max-video-preview":"max-video-preview:-1"},"canonical":"https:\/\/www.data4group.com\/de\/data4-waehlen\/","og_locale":"de_DE","og_type":"article","og_title":"DATA4 | Bau von vernetzten, flexiblen & skalierbaren Rechenzentren","og_description":"DATA4 | Schneller Bau von vernetzten, flexiblen, skalierbaren, sicheren und leistungsstarken Rechenzentren | Europas gr\u00f6\u00dfter und leistungsf\u00e4higster Rechenzentrum-Campus.","og_url":"https:\/\/www.data4group.com\/de\/data4-waehlen\/","og_site_name":"DATA4 - Smart Data Centers at Scale","twitter_card":"summary_large_image","schema":{"@context":"https:\/\/schema.org","@graph":[{"@type":"WebPage","@id":"https:\/\/www.data4group.com\/de\/data4-waehlen\/","url":"https:\/\/www.data4group.com\/de\/data4-waehlen\/","name":"DATA4 | Bau von vernetzten, flexiblen & skalierbaren Rechenzentren","isPartOf":{"@id":"https:\/\/www.data4group.com\/de\/#website"},"datePublished":"2018-03-28T14:31:24+00:00","description":"DATA4 | Schneller Bau von vernetzten, flexiblen, skalierbaren, sicheren und leistungsstarken Rechenzentren | Europas gr\u00f6\u00dfter und leistungsf\u00e4higster Rechenzentrum-Campus.","breadcrumb":{"@id":"https:\/\/www.data4group.com\/de\/data4-waehlen\/#breadcrumb"},"inLanguage":"de","potentialAction":[{"@type":"ReadAction","target":["https:\/\/www.data4group.com\/de\/data4-waehlen\/"]}]},{"@type":"BreadcrumbList","@id":"https:\/\/www.data4group.com\/de\/data4-waehlen\/#breadcrumb","itemListElement":[{"@type":"ListItem","position":1,"name":"Startseite","item":"https:\/\/www.data4group.com\/de\/"},{"@type":"ListItem","position":2,"name":"Warum DATA4"}]},{"@type":"WebSite","@id":"https:\/\/www.data4group.com\/de\/#website","url":"https:\/\/www.data4group.com\/de\/","name":"DATA4 - Smart Data Centers at Scale","description":"Smart Data Centers at Scale","publisher":{"@id":"https:\/\/www.data4group.com\/de\/#organization"},"potentialAction":[{"@type":"SearchAction","target":{"@type":"EntryPoint","urlTemplate":"https:\/\/www.data4group.com\/de\/?s={search_term_string}"},"query-input":{"@type":"PropertyValueSpecification","valueRequired":true,"valueName":"search_term_string"}}],"inLanguage":"de"},{"@type":"Organization","@id":"https:\/\/www.data4group.com\/de\/#organization","name":"DATA4 \u2013 Intelligente Rechenzentren in angepasster Gr\u00f6\u00dfe","url":"https:\/\/www.data4group.com\/de\/","logo":{"@type":"ImageObject","inLanguage":"de","@id":"https:\/\/www.data4group.com\/de\/#\/schema\/logo\/image\/","url":"https:\/\/www.data4group.com\/wp-content\/uploads\/2021\/10\/data4-logo.svg","contentUrl":"https:\/\/www.data4group.com\/wp-content\/uploads\/2021\/10\/data4-logo.svg","width":981,"height":558,"caption":"DATA4 \u2013 Intelligente Rechenzentren in angepasster Gr\u00f6\u00dfe"},"image":{"@id":"https:\/\/www.data4group.com\/de\/#\/schema\/logo\/image\/"}}]}},"_links":{"self":[{"href":"https:\/\/www.data4group.com\/de\/wp-json\/wp\/v2\/pages\/18119","targetHints":{"allow":["GET"]}}],"collection":[{"href":"https:\/\/www.data4group.com\/de\/wp-json\/wp\/v2\/pages"}],"about":[{"href":"https:\/\/www.data4group.com\/de\/wp-json\/wp\/v2\/types\/page"}],"author":[{"embeddable":true,"href":"https:\/\/www.data4group.com\/de\/wp-json\/wp\/v2\/users\/2"}],"replies":[{"embeddable":true,"href":"https:\/\/www.data4group.com\/de\/wp-json\/wp\/v2\/comments?post=18119"}],"version-history":[{"count":0,"href":"https:\/\/www.data4group.com\/de\/wp-json\/wp\/v2\/pages\/18119\/revisions"}],"wp:attachment":[{"href":"https:\/\/www.data4group.com\/de\/wp-json\/wp\/v2\/media?parent=18119"}],"curies":[{"name":"wp","href":"https:\/\/api.w.org\/{rel}","templated":true}]}}